{"id":8050,"date":"2020-11-20T09:55:11","date_gmt":"2020-11-20T09:55:13","guid":{"rendered":"https:\/\/www.imaxesdaterra.com\/?post_type=product&#038;p=8050"},"modified":"2022-03-03T17:15:48","modified_gmt":"2022-03-03T17:15:48","slug":"fervenza-toxa-verde","status":"publish","type":"product","link":"https:\/\/www.imaxesdaterra.com\/gl\/tenda\/fervenza-toxa-verde\/","title":{"rendered":"Fervenza Toxa"},"content":{"rendered":"<p>Galicia m\u00e1xica e verde. A auga que percorre con forza cada recuncho, limpando e purificando a \u00a0roca. Unha fervenza como inicio desta fonte constante que alimenta \u00e1s plantas xamais tocadas polos raios do sol. M\u00e1is al\u00f3 o r\u00edo segue o seu cami\u00f1o e d\u00e9ixanos unha sensaci\u00f3n de frescura na alma.<\/p>\n<p>A Fervenza do Toxa \u00e9 unha marabilla da natureza\u00a0 e un dos lugares m\u00e1is m\u00e1xicos de Galicia. Neste lugar as plantas conservan a s\u00faa cor verde todo o ano polo frondoso do terreo e a ausencia de sol. Unha panor\u00e1mica creativa na s\u00faa composici\u00f3n, que nos mostra a fervenza na parte dereita, e \u00e1 esquerda o r\u00edo que segue o seu curso.<\/p>\n<hr \/>\n<p class=\"p1\"><strong>Pedidos<\/strong><\/p>\n<p class=\"p1\">1. Selecciona o tama\u00f1o desexado.<\/p>\n<p class=\"p1\">2. Revisa os detalles dos soportes &gt;&gt;\u00a0 <a href=\"https:\/\/www.imaxesdaterra.com\/gal\/soportes\/\" target=\"_blank\" rel=\"noopener noreferrer\"><span class=\"s1\">VER SOPORTES<\/span><\/a><\/p>\n<p class=\"p1\">3. Selecciona o soporte que m\u00e1is che guste.<\/p>\n<p class=\"p1\">4. Selecciona a cantidade.<\/p>\n<p class=\"p1\">5. Engadir ao carri\u00f1o.<\/p>\n<p class=\"p1\"><strong>Transporte<\/strong><\/p>\n<p class=\"p1\">Revisa os detalles de transporte e impostos &gt;&gt; <a href=\"https:\/\/www.imaxesdaterra.com\/gal\/transporte\/\" target=\"_blank\" rel=\"noopener noreferrer\"><span class=\"s1\">VER TRANSPORTE<\/span><\/a><\/p>\n<p class=\"p1\">\n","protected":false},"excerpt":{"rendered":"<p>Galicia m\u00e1xica e verde. A auga que percorre con forza cada recuncho, limpando e purificando a \u00a0roca. Unha fervenza como inicio desta fonte constante que alimenta \u00e1s plantas xamais tocadas polos raios do sol. M\u00e1is al\u00f3 o r\u00edo segue o seu cami\u00f1o e d\u00e9ixanos unha sensaci\u00f3n de frescura na alma. A Fervenza do Toxa \u00e9 [&hellip;]<\/p>\n","protected":false},"featured_media":8324,"comment_status":"closed","ping_status":"closed","template":"","meta":{"jetpack_post_was_ever_published":false,"jetpack_publicize_message":"","jetpack_is_tweetstorm":false,"jetpack_publicize_feature_enabled":true,"jetpack_social_post_already_shared":true,"jetpack_social_options":{"image_generator_settings":{"template":"highway","enabled":false}}},"product_cat":[144,140],"product_tag":[128,156],"jetpack_publicize_connections":[],"jetpack_sharing_enabled":true,"_links":{"self":[{"href":"https:\/\/www.imaxesdaterra.com\/gl\/wp-json\/wp\/v2\/product\/8050"}],"collection":[{"href":"https:\/\/www.imaxesdaterra.com\/gl\/wp-json\/wp\/v2\/product"}],"about":[{"href":"https:\/\/www.imaxesdaterra.com\/gl\/wp-json\/wp\/v2\/types\/product"}],"replies":[{"embeddable":true,"href":"https:\/\/www.imaxesdaterra.com\/gl\/wp-json\/wp\/v2\/comments?post=8050"}],"wp:featuredmedia":[{"embeddable":true,"href":"https:\/\/www.imaxesdaterra.com\/gl\/wp-json\/wp\/v2\/media\/8324"}],"wp:attachment":[{"href":"https:\/\/www.imaxesdaterra.com\/gl\/wp-json\/wp\/v2\/media?parent=8050"}],"wp:term":[{"taxonomy":"product_cat","embeddable":true,"href":"https:\/\/www.imaxesdaterra.com\/gl\/wp-json\/wp\/v2\/product_cat?post=8050"},{"taxonomy":"product_tag","embeddable":true,"href":"https:\/\/www.imaxesdaterra.com\/gl\/wp-json\/wp\/v2\/product_tag?post=8050"}],"curies":[{"name":"wp","href":"https:\/\/api.w.org\/{rel}","templated":true}]}}