{"id":7116,"date":"2018-06-29T17:38:07","date_gmt":"2018-06-29T17:38:14","guid":{"rendered":"https:\/\/www.imaxesdaterra.com\/?post_type=product&#038;p=7116"},"modified":"2022-03-03T17:15:23","modified_gmt":"2022-03-03T17:15:23","slug":"foto-das-estrelas-fisterra","status":"publish","type":"product","link":"https:\/\/www.imaxesdaterra.com\/gl\/tenda\/foto-das-estrelas-fisterra\/","title":{"rendered":"Faro das estrelas &#8211; Fisterra"},"content":{"rendered":"<p>O Faro de Fisterra ilumina a noite para os navegantes das estrelas. Un dos lugares m\u00e1is visitados de Galicia e o lugar onde os peregrinos chegan ao final do Cami\u00f1o de Santiago. Cando chega o atardecer p\u00f3dese ver o espect\u00e1culo da posta de sol, pero non menos fermoso \u00e9 esperar a que a s\u00faa luz ilumine a noite chea de estrelas.<\/p>\n<p>Noite de l\u00faa chea no Faro de Fisterra. A l\u00faa ilumina o faro, e o faro ilumina o horizonte. Galicia, unha terra m\u00e1xica de faros vixiantes ao final do cami\u00f1o. Unha calma infinita sobre o mar que acolle aos peregrinos mentres as estrelas gu\u00edanos no seu cami\u00f1o.<\/p>\n<hr \/>\n<p class=\"p1\"><strong>Pedidos<\/strong><\/p>\n<p class=\"p1\">1. Selecciona o tama\u00f1o desexado.<\/p>\n<p class=\"p1\">2. Revisa os detalles dos soportes >> \u00a0<span style=\"color: #33cccc;\"><a style=\"color: #33cccc;\" href=\"https:\/\/www.imaxesdaterra.com\/gal\/soportes\/\" target=\"_blank\" rel=\"noopener noreferrer\"><span class=\"s1\">VER SOPORTES<\/span><\/a><\/span><\/p>\n<p class=\"p1\">3. Selecciona o soporte que m\u00e1is che guste.<\/p>\n<p class=\"p1\">4. Selecciona a cantidade.<\/p>\n<p class=\"p1\">5. Engadir ao carri\u00f1o.<\/p>\n<p class=\"p1\"><strong>Transporte<\/strong><\/p>\n<p class=\"p1\">Revisa os detalles de transporte e impostos >>\u00a0<span style=\"color: #33cccc;\"><a style=\"color: #33cccc;\" href=\"https:\/\/www.imaxesdaterra.com\/gal\/transporte\/\" target=\"_blank\" rel=\"noopener noreferrer\"><span class=\"s1\">VER TRANSPORTE<\/span><\/a><\/span><\/p>\n","protected":false},"excerpt":{"rendered":"<p>O Faro de Fisterra ilumina a noite para os navegantes das estrelas. Un dos lugares m\u00e1is visitados de Galicia e o lugar onde os peregrinos chegan ao final do Cami\u00f1o de Santiago. Cando chega o atardecer p\u00f3dese ver o espect\u00e1culo da posta de sol, pero non menos fermoso \u00e9 esperar a que a s\u00faa luz [&hellip;]<\/p>\n","protected":false},"featured_media":8211,"comment_status":"closed","ping_status":"closed","template":"","meta":{"jetpack_post_was_ever_published":false,"jetpack_publicize_message":"","jetpack_is_tweetstorm":false,"jetpack_publicize_feature_enabled":true,"jetpack_social_post_already_shared":true,"jetpack_social_options":{"image_generator_settings":{"template":"highway","enabled":false}}},"product_cat":[138],"product_tag":[153,128],"jetpack_publicize_connections":[],"jetpack_sharing_enabled":true,"_links":{"self":[{"href":"https:\/\/www.imaxesdaterra.com\/gl\/wp-json\/wp\/v2\/product\/7116"}],"collection":[{"href":"https:\/\/www.imaxesdaterra.com\/gl\/wp-json\/wp\/v2\/product"}],"about":[{"href":"https:\/\/www.imaxesdaterra.com\/gl\/wp-json\/wp\/v2\/types\/product"}],"replies":[{"embeddable":true,"href":"https:\/\/www.imaxesdaterra.com\/gl\/wp-json\/wp\/v2\/comments?post=7116"}],"wp:featuredmedia":[{"embeddable":true,"href":"https:\/\/www.imaxesdaterra.com\/gl\/wp-json\/wp\/v2\/media\/8211"}],"wp:attachment":[{"href":"https:\/\/www.imaxesdaterra.com\/gl\/wp-json\/wp\/v2\/media?parent=7116"}],"wp:term":[{"taxonomy":"product_cat","embeddable":true,"href":"https:\/\/www.imaxesdaterra.com\/gl\/wp-json\/wp\/v2\/product_cat?post=7116"},{"taxonomy":"product_tag","embeddable":true,"href":"https:\/\/www.imaxesdaterra.com\/gl\/wp-json\/wp\/v2\/product_tag?post=7116"}],"curies":[{"name":"wp","href":"https:\/\/api.w.org\/{rel}","templated":true}]}}