{"id":7017,"date":"2018-03-16T09:02:37","date_gmt":"2018-03-16T09:02:42","guid":{"rendered":"https:\/\/www.imaxesdaterra.com\/?post_type=product&#038;p=7017"},"modified":"2022-03-03T17:14:59","modified_gmt":"2022-03-03T17:14:59","slug":"fervenza-do-toxa-silleda","status":"publish","type":"product","link":"https:\/\/www.imaxesdaterra.com\/gl\/tenda\/fervenza-do-toxa-silleda\/","title":{"rendered":"Fervenza do Toxa Silleda"},"content":{"rendered":"<div class=\"col_b\">\n<div class=\"textbox\">\n<div id=\"contenedor\" class=\"textarea unknown\">\n<p>Galicia m\u00e1xica. Verde profundo, natureza viva. A auga que percorre con forza cada recuncho, limpando, purificando e lamiendo a roca. Unha fervenza como inicio desta fonte constante que alimenta \u00e1s plantas xamais tocadas polos raios do sol. M\u00e1is al\u00f3 o r\u00edo segue o seu cami\u00f1o e d\u00e9ixanos unha sensaci\u00f3n de frescura na alma.<\/p>\n<p>A Fervenza do Toxa \u00e9 unha marabilla da natureza\u00a0 e un dos lugares m\u00e1is m\u00e1xicos de Galicia. Neste lugar as plantas conservan a s\u00faa cor verde todo o ano polo frondoso do terreo e a ausencia de sol. Unha panor\u00e1mica creativa na s\u00faa composici\u00f3n, que nos mostra a fervenza na parte dereita, e \u00e1 esquerda o r\u00edo que segue o seu curso.<\/p>\n<\/div>\n<\/div>\n<\/div>\n<hr \/>\n<p class=\"p1\"><strong>Pedidos<\/strong><\/p>\n<p class=\"p1\">1. Selecciona o tama\u00f1o desexado.<\/p>\n<p class=\"p1\">2. Revisa os detalles dos soportes ( L\u00e1mina, Lenzo o Metacrilato ) &gt;&gt; \u00a0<span style=\"color: #33cccc;\"><a style=\"color: #33cccc;\" href=\"http:\/\/www.imaxesdaterra.com\/gal\/soportes\/\" target=\"_blank\" rel=\"noopener noreferrer\"><span class=\"s1\">VER SOPORTES<\/span><\/a><\/span><\/p>\n<p class=\"p1\">3. Selecciona o soporte que m\u00e1is che guste.<\/p>\n<p class=\"p1\">4. Selecciona a cantidade.<\/p>\n<p class=\"p1\">5. Engadir ao carri\u00f1o.<\/p>\n<p class=\"p1\"><strong>Transporte<\/strong><\/p>\n<p class=\"p1\">Revisa os detalles de transporte e impostos. &gt;&gt;\u00a0<span style=\"color: #33cccc;\"><a style=\"color: #33cccc;\" href=\"http:\/\/www.imaxesdaterra.com\/gal\/transporte\/\" target=\"_blank\" rel=\"noopener noreferrer\"><span class=\"s1\">VER TRANSPORTE<\/span><\/a><\/span><\/p>\n","protected":false},"excerpt":{"rendered":"<p>Galicia m\u00e1xica. Verde profundo, natureza viva. A auga que percorre con forza cada recuncho, limpando, purificando e lamiendo a roca. Unha fervenza como inicio desta fonte constante que alimenta \u00e1s plantas xamais tocadas polos raios do sol. M\u00e1is al\u00f3 o r\u00edo segue o seu cami\u00f1o e d\u00e9ixanos unha sensaci\u00f3n de frescura na alma. A Fervenza [&hellip;]<\/p>\n","protected":false},"featured_media":8084,"comment_status":"closed","ping_status":"closed","template":"","meta":{"jetpack_post_was_ever_published":false,"jetpack_publicize_message":"","jetpack_is_tweetstorm":false,"jetpack_publicize_feature_enabled":true,"jetpack_social_post_already_shared":true,"jetpack_social_options":{"image_generator_settings":{"template":"highway","enabled":false}}},"product_cat":[147,144,140],"product_tag":[128,156],"jetpack_publicize_connections":[],"jetpack_sharing_enabled":true,"_links":{"self":[{"href":"https:\/\/www.imaxesdaterra.com\/gl\/wp-json\/wp\/v2\/product\/7017"}],"collection":[{"href":"https:\/\/www.imaxesdaterra.com\/gl\/wp-json\/wp\/v2\/product"}],"about":[{"href":"https:\/\/www.imaxesdaterra.com\/gl\/wp-json\/wp\/v2\/types\/product"}],"replies":[{"embeddable":true,"href":"https:\/\/www.imaxesdaterra.com\/gl\/wp-json\/wp\/v2\/comments?post=7017"}],"wp:featuredmedia":[{"embeddable":true,"href":"https:\/\/www.imaxesdaterra.com\/gl\/wp-json\/wp\/v2\/media\/8084"}],"wp:attachment":[{"href":"https:\/\/www.imaxesdaterra.com\/gl\/wp-json\/wp\/v2\/media?parent=7017"}],"wp:term":[{"taxonomy":"product_cat","embeddable":true,"href":"https:\/\/www.imaxesdaterra.com\/gl\/wp-json\/wp\/v2\/product_cat?post=7017"},{"taxonomy":"product_tag","embeddable":true,"href":"https:\/\/www.imaxesdaterra.com\/gl\/wp-json\/wp\/v2\/product_tag?post=7017"}],"curies":[{"name":"wp","href":"https:\/\/api.w.org\/{rel}","templated":true}]}}