{"id":6821,"date":"2017-12-20T13:49:12","date_gmt":"2017-12-20T13:49:17","guid":{"rendered":"https:\/\/www.imaxesdaterra.com\/?post_type=product&#038;p=6821"},"modified":"2022-03-03T18:12:35","modified_gmt":"2022-03-03T18:12:35","slug":"cantis-de-loiba","status":"publish","type":"product","link":"https:\/\/www.imaxesdaterra.com\/gl\/tenda\/cantis-de-loiba\/","title":{"rendered":"Cant\u00eds de Loiba"},"content":{"rendered":"<p>D\u00eda de mar de fondo nos afiados cant\u00eds de Loiba en Ortigueira. As formaci\u00f3ns rochosas saen como pir\u00e1mides do mar, a composici\u00f3n esconde outra pir\u00e1mide,\u00a0 mentres o mar chea de escuma a escena. Todo est\u00e1 en equilibrio. A xeolox\u00eda da costa formada por rocas principalmente de lousa, mesturadas con esquistos, xeran formas peculiares que se estenden por toda a costa cant\u00e1brica.<\/p>\n<hr \/>\n<p class=\"p1\"><strong>Pedidos<\/strong><\/p>\n<p class=\"p1\">1. Selecciona o tama\u00f1o desexado.<\/p>\n<p class=\"p1\">2. Revisa os detalles dos soportes &gt;&gt; \u00a0<span style=\"color: #33cccc;\"><a style=\"color: #33cccc;\" href=\"https:\/\/www.imaxesdaterra.com\/gal\/soportes\/\" target=\"_blank\" rel=\"noopener noreferrer\"><span class=\"s1\">VER SOPORTES<\/span><\/a><\/span><\/p>\n<p class=\"p1\">3. Selecciona o soporte que m\u00e1is che guste.<\/p>\n<p class=\"p1\">4. Selecciona a cantidade.<\/p>\n<p class=\"p1\">5. Engadir ao carri\u00f1o.<\/p>\n<p class=\"p1\"><strong>Transporte<\/strong><\/p>\n<p class=\"p1\">Revisa os detalles de transporte e impostos. &gt;&gt;\u00a0<span style=\"color: #33cccc;\"><a style=\"color: #33cccc;\" href=\"https:\/\/www.imaxesdaterra.com\/gal\/transporte\/\" target=\"_blank\" rel=\"noopener noreferrer\"><span class=\"s1\">VER TRANSPORTE<\/span><\/a><\/span><\/p>\n","protected":false},"excerpt":{"rendered":"<p>D\u00eda de mar de fondo nos afiados cant\u00eds de Loiba en Ortigueira. As formaci\u00f3ns rochosas saen como pir\u00e1mides do mar, a composici\u00f3n esconde outra pir\u00e1mide,\u00a0 mentres o mar chea de escuma a escena. Todo est\u00e1 en equilibrio. A xeolox\u00eda da costa formada por rocas principalmente de lousa, mesturadas con esquistos, xeran formas peculiares que se [&hellip;]<\/p>\n","protected":false},"featured_media":8157,"comment_status":"closed","ping_status":"closed","template":"","meta":{"jetpack_post_was_ever_published":false,"jetpack_publicize_message":"","jetpack_is_tweetstorm":false,"jetpack_publicize_feature_enabled":true,"jetpack_social_post_already_shared":true,"jetpack_social_options":{"image_generator_settings":{"template":"highway","enabled":false}}},"product_cat":[139,144,140],"product_tag":[153,128],"jetpack_publicize_connections":[],"jetpack_sharing_enabled":true,"_links":{"self":[{"href":"https:\/\/www.imaxesdaterra.com\/gl\/wp-json\/wp\/v2\/product\/6821"}],"collection":[{"href":"https:\/\/www.imaxesdaterra.com\/gl\/wp-json\/wp\/v2\/product"}],"about":[{"href":"https:\/\/www.imaxesdaterra.com\/gl\/wp-json\/wp\/v2\/types\/product"}],"replies":[{"embeddable":true,"href":"https:\/\/www.imaxesdaterra.com\/gl\/wp-json\/wp\/v2\/comments?post=6821"}],"wp:featuredmedia":[{"embeddable":true,"href":"https:\/\/www.imaxesdaterra.com\/gl\/wp-json\/wp\/v2\/media\/8157"}],"wp:attachment":[{"href":"https:\/\/www.imaxesdaterra.com\/gl\/wp-json\/wp\/v2\/media?parent=6821"}],"wp:term":[{"taxonomy":"product_cat","embeddable":true,"href":"https:\/\/www.imaxesdaterra.com\/gl\/wp-json\/wp\/v2\/product_cat?post=6821"},{"taxonomy":"product_tag","embeddable":true,"href":"https:\/\/www.imaxesdaterra.com\/gl\/wp-json\/wp\/v2\/product_tag?post=6821"}],"curies":[{"name":"wp","href":"https:\/\/api.w.org\/{rel}","templated":true}]}}