{"id":6582,"date":"2017-11-10T08:49:48","date_gmt":"2017-12-10T08:49:53","guid":{"rendered":"https:\/\/www.imaxesdaterra.com\/?post_type=product&#038;p=6582"},"modified":"2021-02-09T16:44:55","modified_gmt":"2021-02-09T16:44:55","slug":"o-deus-na-terra-oceano-atlantico","status":"publish","type":"product","link":"https:\/\/www.imaxesdaterra.com\/gl\/tenda\/o-deus-na-terra-oceano-atlantico\/","title":{"rendered":"O Deus na Terra Oceano Atl\u00e1ntico"},"content":{"rendered":"<p>En medio de la tormenta tambi\u00e9n se encuentran a veces rayos de esperanza. Esta\u00a0 fotograf\u00eda representa muchas cosas, a veces ese rayo de luz que calienta los d\u00edas m\u00e1s fr\u00edos, a veces la respuesta que necesitamos escuchar, a veces esa se\u00f1al que esper\u00e1bamos, otras veces un hermoso milagro de la naturaleza.<\/p>\n<p>Caminando por la costa de Cabo Touri\u00f1an en un d\u00eda de tormenta, el sol de pronto se adentr\u00f3 iluminando la tierra de forma majestuosa\u2026 Tal como un Dios. &#8220;<strong>O Deus na Terra&#8221;<\/strong> entonces es el nombre de esta bella imagen que nos muestra un hermoso momento en la cosa m\u00e1s simple como el pasar del sol entre las nubes y su brillo dorado sobre la superficie de las olas.<\/p>\n<p class=\"p1\">Puedes pedirla\u00a0con el texto en el pie, o sin el <a href=\"https:\/\/www.imaxesdaterra.com\/tienda\/o-deus-na-terra\/\">aqu\u00ed.<\/a><\/p>\n<hr \/>\n<p class=\"p1\"><strong>Pedidos<\/strong><\/p>\n<p class=\"p1\">1. Selecciona o tama\u00f1o desexado.<\/p>\n<p class=\"p1\">2. Revisa os detalles dos soportes &gt;&gt; \u00a0<span style=\"color: #33cccc;\"><a style=\"color: #33cccc;\" href=\"https:\/\/www.imaxesdaterra.com\/gal\/soportes\/\" target=\"_blank\" rel=\"noopener noreferrer\"><span class=\"s1\">VER SOPORTES<\/span><\/a><\/span><\/p>\n<p class=\"p1\">3. Selecciona o soporte que m\u00e1is che guste.<\/p>\n<p class=\"p1\">4. Selecciona a cantidade.<\/p>\n<p class=\"p1\">5. Engadir ao carri\u00f1o.<\/p>\n<p class=\"p1\"><strong>Transporte<\/strong><\/p>\n<p class=\"p1\">Revisa os detalles de transporte e impostos &gt;&gt;\u00a0<span style=\"color: #33cccc;\"><a style=\"color: #33cccc;\" href=\"https:\/\/www.imaxesdaterra.com\/gal\/transporte\/\" target=\"_blank\" rel=\"noopener noreferrer\"><span class=\"s1\">VER TRANSPORTE<\/span><\/a><\/span><\/p>\n","protected":false},"excerpt":{"rendered":"<p>En medio de la tormenta tambi\u00e9n se encuentran a veces rayos de esperanza. Esta\u00a0 fotograf\u00eda representa muchas cosas, a veces ese rayo de luz que calienta los d\u00edas m\u00e1s fr\u00edos, a veces la respuesta que necesitamos escuchar, a veces esa se\u00f1al que esper\u00e1bamos, otras veces un hermoso milagro de la naturaleza. Caminando por la costa [&hellip;]<\/p>\n","protected":false},"featured_media":12462,"comment_status":"closed","ping_status":"closed","template":"","meta":{"jetpack_post_was_ever_published":false,"jetpack_publicize_message":"","jetpack_is_tweetstorm":false,"jetpack_publicize_feature_enabled":true,"jetpack_social_post_already_shared":true,"jetpack_social_options":{"image_generator_settings":{"template":"highway","enabled":false}}},"product_cat":[137,139,144],"product_tag":[153,128],"jetpack_publicize_connections":[],"jetpack_sharing_enabled":true,"_links":{"self":[{"href":"https:\/\/www.imaxesdaterra.com\/gl\/wp-json\/wp\/v2\/product\/6582"}],"collection":[{"href":"https:\/\/www.imaxesdaterra.com\/gl\/wp-json\/wp\/v2\/product"}],"about":[{"href":"https:\/\/www.imaxesdaterra.com\/gl\/wp-json\/wp\/v2\/types\/product"}],"replies":[{"embeddable":true,"href":"https:\/\/www.imaxesdaterra.com\/gl\/wp-json\/wp\/v2\/comments?post=6582"}],"wp:featuredmedia":[{"embeddable":true,"href":"https:\/\/www.imaxesdaterra.com\/gl\/wp-json\/wp\/v2\/media\/12462"}],"wp:attachment":[{"href":"https:\/\/www.imaxesdaterra.com\/gl\/wp-json\/wp\/v2\/media?parent=6582"}],"wp:term":[{"taxonomy":"product_cat","embeddable":true,"href":"https:\/\/www.imaxesdaterra.com\/gl\/wp-json\/wp\/v2\/product_cat?post=6582"},{"taxonomy":"product_tag","embeddable":true,"href":"https:\/\/www.imaxesdaterra.com\/gl\/wp-json\/wp\/v2\/product_tag?post=6582"}],"curies":[{"name":"wp","href":"https:\/\/api.w.org\/{rel}","templated":true}]}}