{"id":6504,"date":"2017-12-07T12:38:21","date_gmt":"2017-12-07T12:38:26","guid":{"rendered":"https:\/\/www.imaxesdaterra.com\/?post_type=product&#038;p=6504"},"modified":"2022-03-03T17:14:36","modified_gmt":"2022-03-03T17:14:36","slug":"casa-da-moura-de-axeitos","status":"publish","type":"product","link":"https:\/\/www.imaxesdaterra.com\/gl\/tenda\/casa-da-moura-de-axeitos\/","title":{"rendered":"Casa da Moura de Axeitos"},"content":{"rendered":"<p>Os d\u00f3lmenes co\u00f1\u00e9cense tam\u00e9n en Galicia, como \u201d A Casa d\u00e1 Moura\u201d\u2026.. di a lenda \u201cque as mouras eran mulleres que estaban preto de ser omnipotentes: pos\u00faen vida eterna, mocidade, beleza, riquezas, sabedor\u00eda e habilidades e co\u00f1ecementos, que transmitiron \u00e1 humanidade. A maior parte destas habilidades conecta \u00e1s mouras \u2026 coa revoluci\u00f3n Neol\u00edtica\u2014as mouras ensinan aos humanos para fiar, tecer, a elaborar queixo e cervexa, e a arar \u201c\u2026.<\/p>\n<p>O Dolmen de Axeitos, \u00e9 unha das xoias mellor conservadas de Galicia, situado en Ribeira, A Coru\u00f1a. Cunha gran antig\u00fcidade, este Dolmen data da \u00e9poca neol\u00edtica, aproximadamente do ano 4.000 a. C. Na fotograf\u00eda o interior iluminado realza a estrutura, cun resultado m\u00e1xico.<\/p>\n<hr \/>\n<p class=\"p1\"><strong>Pedidos<\/strong><\/p>\n<p class=\"p1\">1. Selecciona o tama\u00f1o desexado.<\/p>\n<p class=\"p1\">2. Revisa os detalles dos soportes \u00a0>> <span style=\"color: #33cccc;\">\u00a0<a style=\"color: #33cccc;\" href=\"https:\/\/www.imaxesdaterra.com\/gal\/soportes\/\" target=\"_blank\" rel=\"noopener noreferrer\"><span class=\"s1\">VER SOPORTES<\/span><\/a><\/span><\/p>\n<p class=\"p1\">3. Selecciona o soporte que m\u00e1is che guste.<\/p>\n<p class=\"p1\">4. Selecciona a cantidade.<\/p>\n<p class=\"p1\">5. Engadir ao carri\u00f1o.<\/p>\n<p class=\"p1\"><strong>Transporte<\/strong><\/p>\n<p class=\"p1\">Revisa os detalles de transporte e impostos >>\u00a0<span style=\"color: #33cccc;\"><a style=\"color: #33cccc;\" href=\"https:\/\/www.imaxesdaterra.com\/gal\/transporte\/\" target=\"_blank\" rel=\"noopener noreferrer\"><span class=\"s1\">VER TRANSPORTE<\/span><\/a><\/span><\/p>\n","protected":false},"excerpt":{"rendered":"<p>Os d\u00f3lmenes co\u00f1\u00e9cense tam\u00e9n en Galicia, como \u201d A Casa d\u00e1 Moura\u201d\u2026.. di a lenda \u201cque as mouras eran mulleres que estaban preto de ser omnipotentes: pos\u00faen vida eterna, mocidade, beleza, riquezas, sabedor\u00eda e habilidades e co\u00f1ecementos, que transmitiron \u00e1 humanidade. A maior parte destas habilidades conecta \u00e1s mouras \u2026 coa revoluci\u00f3n Neol\u00edtica\u2014as mouras ensinan [&hellip;]<\/p>\n","protected":false},"featured_media":8356,"comment_status":"closed","ping_status":"closed","template":"","meta":{"jetpack_post_was_ever_published":false,"jetpack_publicize_message":"","jetpack_is_tweetstorm":false,"jetpack_publicize_feature_enabled":true,"jetpack_social_post_already_shared":true,"jetpack_social_options":{"image_generator_settings":{"template":"highway","enabled":false}}},"product_cat":[149],"product_tag":[153,128],"jetpack_publicize_connections":[],"jetpack_sharing_enabled":true,"_links":{"self":[{"href":"https:\/\/www.imaxesdaterra.com\/gl\/wp-json\/wp\/v2\/product\/6504"}],"collection":[{"href":"https:\/\/www.imaxesdaterra.com\/gl\/wp-json\/wp\/v2\/product"}],"about":[{"href":"https:\/\/www.imaxesdaterra.com\/gl\/wp-json\/wp\/v2\/types\/product"}],"replies":[{"embeddable":true,"href":"https:\/\/www.imaxesdaterra.com\/gl\/wp-json\/wp\/v2\/comments?post=6504"}],"wp:featuredmedia":[{"embeddable":true,"href":"https:\/\/www.imaxesdaterra.com\/gl\/wp-json\/wp\/v2\/media\/8356"}],"wp:attachment":[{"href":"https:\/\/www.imaxesdaterra.com\/gl\/wp-json\/wp\/v2\/media?parent=6504"}],"wp:term":[{"taxonomy":"product_cat","embeddable":true,"href":"https:\/\/www.imaxesdaterra.com\/gl\/wp-json\/wp\/v2\/product_cat?post=6504"},{"taxonomy":"product_tag","embeddable":true,"href":"https:\/\/www.imaxesdaterra.com\/gl\/wp-json\/wp\/v2\/product_tag?post=6504"}],"curies":[{"name":"wp","href":"https:\/\/api.w.org\/{rel}","templated":true}]}}