{"id":6372,"date":"2017-11-16T15:50:26","date_gmt":"2017-11-16T15:50:26","guid":{"rendered":"https:\/\/www.imaxesdaterra.com\/tienda\/horreos-eira-da-hermida-bn\/"},"modified":"2022-03-03T17:05:55","modified_gmt":"2022-03-03T17:05:55","slug":"horreos-eira-da-ermida-bn","status":"publish","type":"product","link":"https:\/\/www.imaxesdaterra.com\/gl\/tenda\/horreos-eira-da-ermida-bn\/","title":{"rendered":"H\u00f3rreos Eira da Ermida b&#038;n"},"content":{"rendered":"<div class=\"col_a\">\n<div class=\"textbox\">\n<div class=\"options\">\n<div id=\"count\" class=\"count\">Silenciosos baixo o sol,\u00a0 impo\u00f1entes h\u00f3rreos. Parece que o ver\u00e1n \u00e9 eterno baixo o ceo despexado de Galicia. A aldea de Filgueira en Cerdedo, Pontevedra \u00e9 unha postal do tempo e do paso da historia, e a Eira da Ermida \u00e9 a xoia principal desa historia.<\/div>\n<div class=\"count\">\n<p>Con localizaci\u00f3n en Pontevedra, a aldea de Filgueira en Cerdedo \u00e9 sede deste espect\u00e1culo monumental. A imaxe representa o primeiro plano en branco e negro dunha agrupaci\u00f3n de h\u00f3rreos chamados Eira d\u00e1 Ermida, ao redor de 21 deles moi ben conservados, unha das agrupaci\u00f3ns m\u00e1is grandes de toda Galicia.<\/p>\n<hr \/>\n<p class=\"p1\"><strong>Pedidos<\/strong><\/p>\n<p class=\"p1\">1. Selecciona o tama\u00f1o desexado.<\/p>\n<p class=\"p1\">2. Revisa os detalles dos soportes ( L\u00e1mina, Lenzo o Metacrilato ) >>\u00a0\u00a0<span style=\"color: #33cccc;\"><a style=\"color: #33cccc;\" href=\"http:\/\/www.imaxesdaterra.com\/gal\/soportes\/\" target=\"_blank\" rel=\"noopener noreferrer\"><span class=\"s1\">VER SOPORTES<\/span><\/a><\/span><\/p>\n<p class=\"p1\">3. Selecciona o soporte que m\u00e1is che guste.<\/p>\n<p class=\"p1\">4. Selecciona a cantidade.<\/p>\n<p class=\"p1\">5. Engadir ao carri\u00f1o.<\/p>\n<p class=\"p1\"><strong>Transporte<\/strong><\/p>\n<p class=\"p1\">Revisa os detalles de transporte e impostos. >>\u00a0<span style=\"color: #33cccc;\"><a style=\"color: #33cccc;\" href=\"http:\/\/www.imaxesdaterra.com\/gal\/transporte\/\" target=\"_blank\" rel=\"noopener noreferrer\"><span class=\"s1\">VER TRANSPORTE<\/span><\/a><\/span><\/p>\n<\/div>\n<\/div>\n<\/div>\n<\/div>\n","protected":false},"excerpt":{"rendered":"<p>Silenciosos baixo o sol,\u00a0 impo\u00f1entes h\u00f3rreos. Parece que o ver\u00e1n \u00e9 eterno baixo o ceo despexado de Galicia. A aldea de Filgueira en Cerdedo, Pontevedra \u00e9 unha postal do tempo e do paso da historia, e a Eira da Ermida \u00e9 a xoia principal desa historia. Con localizaci\u00f3n en Pontevedra, a aldea de Filgueira en [&hellip;]<\/p>\n","protected":false},"featured_media":4167,"comment_status":"closed","ping_status":"closed","template":"","meta":{"jetpack_post_was_ever_published":false,"jetpack_publicize_message":"","jetpack_is_tweetstorm":false,"jetpack_publicize_feature_enabled":true,"jetpack_social_post_already_shared":true,"jetpack_social_options":{"image_generator_settings":{"template":"highway","enabled":false}}},"product_cat":[146,147],"product_tag":[128,156],"jetpack_publicize_connections":[],"jetpack_sharing_enabled":true,"_links":{"self":[{"href":"https:\/\/www.imaxesdaterra.com\/gl\/wp-json\/wp\/v2\/product\/6372"}],"collection":[{"href":"https:\/\/www.imaxesdaterra.com\/gl\/wp-json\/wp\/v2\/product"}],"about":[{"href":"https:\/\/www.imaxesdaterra.com\/gl\/wp-json\/wp\/v2\/types\/product"}],"replies":[{"embeddable":true,"href":"https:\/\/www.imaxesdaterra.com\/gl\/wp-json\/wp\/v2\/comments?post=6372"}],"wp:featuredmedia":[{"embeddable":true,"href":"https:\/\/www.imaxesdaterra.com\/gl\/wp-json\/wp\/v2\/media\/4167"}],"wp:attachment":[{"href":"https:\/\/www.imaxesdaterra.com\/gl\/wp-json\/wp\/v2\/media?parent=6372"}],"wp:term":[{"taxonomy":"product_cat","embeddable":true,"href":"https:\/\/www.imaxesdaterra.com\/gl\/wp-json\/wp\/v2\/product_cat?post=6372"},{"taxonomy":"product_tag","embeddable":true,"href":"https:\/\/www.imaxesdaterra.com\/gl\/wp-json\/wp\/v2\/product_tag?post=6372"}],"curies":[{"name":"wp","href":"https:\/\/api.w.org\/{rel}","templated":true}]}}