{"id":6273,"date":"2017-11-11T17:56:06","date_gmt":"2017-11-11T17:56:06","guid":{"rendered":"https:\/\/www.imaxesdaterra.com\/tienda\/galicia-verde\/"},"modified":"2021-02-02T18:44:50","modified_gmt":"2021-02-02T18:44:50","slug":"galicia-verde","status":"publish","type":"product","link":"https:\/\/www.imaxesdaterra.com\/gl\/tenda\/galicia-verde\/","title":{"rendered":"Galicia verde"},"content":{"rendered":"<p>Verde natureza. Verde vitalidade. Galicia ten iso e m\u00e1is para ofrecer. Aire puro, calma e tranquilidade, e en calquera recuncho d\u00faas especies que se abrazan e que comparten un s\u00f3 lugar. Un Cogomelo Trametes versicolor aberta como un abanico recibe os raios do sol e f\u00fandese entre ese verde vital.<\/p>\n<p>Galicia \u00e9 verde. Pero non \u00e9 calquera verde, sen\u00f3n un verde moi especial. Verde de bri\u00f3n, verde cheo de tonalidades que brindan un gran espect\u00e1culo ao unirse cun fermoso Cogomelo Trametes versicolor, unha mestura que resulta perfecta. Unha imaxe que mostra en primeiro plano a natureza pura de Galicia.<\/p>\n<hr \/>\n<p class=\"p1\"><strong>Pedidos<\/strong><\/p>\n<p class=\"p1\">1. Selecciona o tama\u00f1o desexado.<\/p>\n<p class=\"p1\">2. Revisa os detalles dos soportes\u00a0 >> \u00a0<span style=\"color: #33cccc;\"><a style=\"color: #33cccc;\" href=\"https:\/\/www.imaxesdaterra.com\/gal\/soportes\/\" target=\"_blank\" rel=\"noopener noreferrer\"><span class=\"s1\">VER SOPORTES<\/span><\/a><\/span><\/p>\n<p class=\"p1\">3. Selecciona o soporte que m\u00e1is che guste.<\/p>\n<p class=\"p1\">4. Selecciona a cantidade.<\/p>\n<p class=\"p1\">5. Engadir ao carri\u00f1o.<\/p>\n<p class=\"p1\"><strong>Transporte<\/strong><\/p>\n<p class=\"p1\">Revisa os detalles de transporte e impostos. >>\u00a0<span style=\"color: #33cccc;\"><a style=\"color: #33cccc;\" href=\"https:\/\/www.imaxesdaterra.com\/gal\/transporte\/\" target=\"_blank\" rel=\"noopener noreferrer\"><span class=\"s1\">VER TRANSPORTE<\/span><\/a><\/span><\/p>\n","protected":false},"excerpt":{"rendered":"<p>Verde natureza. Verde vitalidade. Galicia ten iso e m\u00e1is para ofrecer. Aire puro, calma e tranquilidade, e en calquera recuncho d\u00faas especies que se abrazan e que comparten un s\u00f3 lugar. Un Cogomelo Trametes versicolor aberta como un abanico recibe os raios do sol e f\u00fandese entre ese verde vital. Galicia \u00e9 verde. Pero non [&hellip;]<\/p>\n","protected":false},"featured_media":10534,"comment_status":"closed","ping_status":"closed","template":"","meta":{"jetpack_post_was_ever_published":false,"jetpack_publicize_message":"","jetpack_is_tweetstorm":false,"jetpack_publicize_feature_enabled":true,"jetpack_social_post_already_shared":true,"jetpack_social_options":{"image_generator_settings":{"template":"highway","enabled":false}}},"product_cat":[144],"product_tag":[153,128,145,155,156],"jetpack_publicize_connections":[],"jetpack_sharing_enabled":true,"_links":{"self":[{"href":"https:\/\/www.imaxesdaterra.com\/gl\/wp-json\/wp\/v2\/product\/6273"}],"collection":[{"href":"https:\/\/www.imaxesdaterra.com\/gl\/wp-json\/wp\/v2\/product"}],"about":[{"href":"https:\/\/www.imaxesdaterra.com\/gl\/wp-json\/wp\/v2\/types\/product"}],"replies":[{"embeddable":true,"href":"https:\/\/www.imaxesdaterra.com\/gl\/wp-json\/wp\/v2\/comments?post=6273"}],"wp:featuredmedia":[{"embeddable":true,"href":"https:\/\/www.imaxesdaterra.com\/gl\/wp-json\/wp\/v2\/media\/10534"}],"wp:attachment":[{"href":"https:\/\/www.imaxesdaterra.com\/gl\/wp-json\/wp\/v2\/media?parent=6273"}],"wp:term":[{"taxonomy":"product_cat","embeddable":true,"href":"https:\/\/www.imaxesdaterra.com\/gl\/wp-json\/wp\/v2\/product_cat?post=6273"},{"taxonomy":"product_tag","embeddable":true,"href":"https:\/\/www.imaxesdaterra.com\/gl\/wp-json\/wp\/v2\/product_tag?post=6273"}],"curies":[{"name":"wp","href":"https:\/\/api.w.org\/{rel}","templated":true}]}}