{"id":6260,"date":"2017-11-20T17:43:09","date_gmt":"2017-11-20T17:43:09","guid":{"rendered":"https:\/\/www.imaxesdaterra.com\/tienda\/faro-de-cabo-home\/"},"modified":"2022-03-03T17:04:35","modified_gmt":"2022-03-03T17:04:35","slug":"faro-de-cabo-home","status":"publish","type":"product","link":"https:\/\/www.imaxesdaterra.com\/gl\/tenda\/faro-de-cabo-home\/","title":{"rendered":"Faro de Cabo Home"},"content":{"rendered":"<p>Aroma de mar e sal nos beizos. Brisa fresca de absoluta liberdade. Faro solitario, testemu\u00f1a dese m\u00e1xico azul do mar do Morrazo, antesala do Atl\u00e1ntico. Imaxe equilibrada tanto nas s\u00faas formas como nos seus tons, onde o branco irregular que pinta o mar \u00e9 o noso aliado para darlle interese e relevancia a ese penedo do primeiro plano que contrasta co \u00fanico elemento da imaxe constru\u00eddo polo home, o pequeno faro.<\/p>\n<hr \/>\n<p class=\"p1\"><strong>Pedidos<\/strong><\/p>\n<p class=\"p1\">1. Selecciona o tama\u00f1o desexado.<\/p>\n<p class=\"p1\">2. Revisa os detalles dos soportes \u00a0&gt;&gt; <span style=\"color: #33cccc;\">\u00a0<a style=\"color: #33cccc;\" href=\"https:\/\/www.imaxesdaterra.com\/gal\/soportes\/\" target=\"_blank\" rel=\"noopener noreferrer\"><span class=\"s1\">VER SOPORTES<\/span><\/a><\/span><\/p>\n<p class=\"p1\">3. Selecciona o soporte que m\u00e1is che guste.<\/p>\n<p class=\"p1\">4. Selecciona a cantidade.<\/p>\n<p class=\"p1\">5. Engadir ao carri\u00f1o.<\/p>\n<p class=\"p1\"><strong>Transporte<\/strong><\/p>\n<p class=\"p1\">Revisa os detalles de transporte e impostos &gt;&gt;\u00a0<span style=\"color: #33cccc;\"><a style=\"color: #33cccc;\" href=\"https:\/\/www.imaxesdaterra.com\/gal\/transporte\/\" target=\"_blank\" rel=\"noopener noreferrer\"><span class=\"s1\">VER TRANSPORTE<\/span><\/a><\/span><\/p>\n","protected":false},"excerpt":{"rendered":"<p>Aroma de mar e sal nos beizos. Brisa fresca de absoluta liberdade. Faro solitario, testemu\u00f1a dese m\u00e1xico azul do mar do Morrazo, antesala do Atl\u00e1ntico. Imaxe equilibrada tanto nas s\u00faas formas como nos seus tons, onde o branco irregular que pinta o mar \u00e9 o noso aliado para darlle interese e relevancia a ese penedo [&hellip;]<\/p>\n","protected":false},"featured_media":8219,"comment_status":"closed","ping_status":"closed","template":"","meta":{"jetpack_post_was_ever_published":false,"jetpack_publicize_message":"","jetpack_is_tweetstorm":false,"jetpack_publicize_feature_enabled":true,"jetpack_social_post_already_shared":true,"jetpack_social_options":{"image_generator_settings":{"template":"highway","enabled":false}}},"product_cat":[138,139],"product_tag":[128,156],"jetpack_publicize_connections":[],"jetpack_sharing_enabled":true,"_links":{"self":[{"href":"https:\/\/www.imaxesdaterra.com\/gl\/wp-json\/wp\/v2\/product\/6260"}],"collection":[{"href":"https:\/\/www.imaxesdaterra.com\/gl\/wp-json\/wp\/v2\/product"}],"about":[{"href":"https:\/\/www.imaxesdaterra.com\/gl\/wp-json\/wp\/v2\/types\/product"}],"replies":[{"embeddable":true,"href":"https:\/\/www.imaxesdaterra.com\/gl\/wp-json\/wp\/v2\/comments?post=6260"}],"wp:featuredmedia":[{"embeddable":true,"href":"https:\/\/www.imaxesdaterra.com\/gl\/wp-json\/wp\/v2\/media\/8219"}],"wp:attachment":[{"href":"https:\/\/www.imaxesdaterra.com\/gl\/wp-json\/wp\/v2\/media?parent=6260"}],"wp:term":[{"taxonomy":"product_cat","embeddable":true,"href":"https:\/\/www.imaxesdaterra.com\/gl\/wp-json\/wp\/v2\/product_cat?post=6260"},{"taxonomy":"product_tag","embeddable":true,"href":"https:\/\/www.imaxesdaterra.com\/gl\/wp-json\/wp\/v2\/product_tag?post=6260"}],"curies":[{"name":"wp","href":"https:\/\/api.w.org\/{rel}","templated":true}]}}