{"id":6247,"date":"2017-11-15T17:53:28","date_gmt":"2017-11-15T17:53:28","guid":{"rendered":"https:\/\/www.imaxesdaterra.com\/tienda\/o-deus-na-terra\/"},"modified":"2021-02-09T16:41:19","modified_gmt":"2021-02-09T16:41:19","slug":"o-deus-na-terra","status":"publish","type":"product","link":"https:\/\/www.imaxesdaterra.com\/gl\/tenda\/o-deus-na-terra\/","title":{"rendered":"O Deus na Terra"},"content":{"rendered":"<p>Os d\u00edas de tormenta son os m\u00e1is m\u00e1xicos na Costa de Cabo Touri\u00f1an en Galicia. O ceo parece resistirse, as nubes acum\u00falanse fortes no m\u00e1is alto. E de s\u00fapeto, parece que un forte raio de sol logra traspasa a invencible barreira para tocar a terra suavemente. A s\u00faa luz ilum\u00ednao todo e parece po\u00f1er en calma as augas, igual que o noso esp\u00edrito ao observar este incrible espect\u00e1culo de luz.<\/p>\n<p>Un d\u00eda de tormenta ao cami\u00f1ar pola costa de Cabo Touri\u00f1an, o ceo abriuse permitindo ao sol penetrarse para iluminar a terra majestuosamente como un Deus. \u201cOu Deus na Terra\u201d foi engadido en texto. Podes pedila con ou sen el ao p\u00e9 da imaxe.<\/p>\n<hr \/>\n<p class=\"p1\"><strong>Pedidos<\/strong><\/p>\n<p class=\"p1\">1. Selecciona o tama\u00f1o desexado.<\/p>\n<p class=\"p1\">2. Revisa os detalles dos soportes \u00a0&gt;&gt; \u00a0<span style=\"color: #33cccc;\"><a style=\"color: #33cccc;\" href=\"https:\/\/www.imaxesdaterra.com\/gal\/soportes\/\" target=\"_blank\" rel=\"noopener noreferrer\"><span class=\"s1\">VER SOPORTES<\/span><\/a><\/span><\/p>\n<p class=\"p1\">3. Selecciona o soporte que m\u00e1is che guste.<\/p>\n<p class=\"p1\">4. Selecciona a cantidade.<\/p>\n<p class=\"p1\">5. Engadir ao carri\u00f1o.<\/p>\n<p class=\"p1\"><strong>Transporte<\/strong><\/p>\n<p class=\"p1\">Revisa os detalles de transporte e impostos. &gt;&gt;\u00a0<span style=\"color: #33cccc;\"><a style=\"color: #33cccc;\" href=\"https:\/\/www.imaxesdaterra.com\/gal\/transporte\/\" target=\"_blank\" rel=\"noopener noreferrer\"><span class=\"s1\">VER TRANSPORTE<\/span><\/a><\/span><\/p>\n","protected":false},"excerpt":{"rendered":"<p>Os d\u00edas de tormenta son os m\u00e1is m\u00e1xicos na Costa de Cabo Touri\u00f1an en Galicia. O ceo parece resistirse, as nubes acum\u00falanse fortes no m\u00e1is alto. E de s\u00fapeto, parece que un forte raio de sol logra traspasa a invencible barreira para tocar a terra suavemente. A s\u00faa luz ilum\u00ednao todo e parece po\u00f1er en [&hellip;]<\/p>\n","protected":false},"featured_media":12460,"comment_status":"closed","ping_status":"closed","template":"","meta":{"jetpack_post_was_ever_published":false,"jetpack_publicize_message":"","jetpack_is_tweetstorm":false,"jetpack_publicize_feature_enabled":true,"jetpack_social_post_already_shared":true,"jetpack_social_options":{"image_generator_settings":{"template":"highway","enabled":false}}},"product_cat":[137,139,144,140],"product_tag":[153,128],"jetpack_publicize_connections":[],"jetpack_sharing_enabled":true,"_links":{"self":[{"href":"https:\/\/www.imaxesdaterra.com\/gl\/wp-json\/wp\/v2\/product\/6247"}],"collection":[{"href":"https:\/\/www.imaxesdaterra.com\/gl\/wp-json\/wp\/v2\/product"}],"about":[{"href":"https:\/\/www.imaxesdaterra.com\/gl\/wp-json\/wp\/v2\/types\/product"}],"replies":[{"embeddable":true,"href":"https:\/\/www.imaxesdaterra.com\/gl\/wp-json\/wp\/v2\/comments?post=6247"}],"wp:featuredmedia":[{"embeddable":true,"href":"https:\/\/www.imaxesdaterra.com\/gl\/wp-json\/wp\/v2\/media\/12460"}],"wp:attachment":[{"href":"https:\/\/www.imaxesdaterra.com\/gl\/wp-json\/wp\/v2\/media?parent=6247"}],"wp:term":[{"taxonomy":"product_cat","embeddable":true,"href":"https:\/\/www.imaxesdaterra.com\/gl\/wp-json\/wp\/v2\/product_cat?post=6247"},{"taxonomy":"product_tag","embeddable":true,"href":"https:\/\/www.imaxesdaterra.com\/gl\/wp-json\/wp\/v2\/product_tag?post=6247"}],"curies":[{"name":"wp","href":"https:\/\/api.w.org\/{rel}","templated":true}]}}