{"id":6234,"date":"2017-11-23T18:00:34","date_gmt":"2017-11-23T18:00:34","guid":{"rendered":"https:\/\/www.imaxesdaterra.com\/tienda\/pobo-galego\/"},"modified":"2022-03-03T17:04:35","modified_gmt":"2022-03-03T17:04:35","slug":"pobo-galego","status":"publish","type":"product","link":"https:\/\/www.imaxesdaterra.com\/gl\/tenda\/pobo-galego\/","title":{"rendered":"Pobo Galego"},"content":{"rendered":"<p>Unha espiral de emoci\u00f3ns enc\u00e9rrase dentro da escaleira helicoidal do Mosteiro de San Domingo do Bonaval. Ilusi\u00f3n e maxia hipn\u00f3ticas. Unha esfera chea de chanzos que parecen non ter principio nin final. Un monumento da historia de Galicia dentro de Santiago de Compostela, que parece convidar a mergullarse ata alcanzar a luz.<\/p>\n<p>Visi\u00f3n creativa da escaleira helicoidal do Museo do Pobo Galego, dentro do Mosteiro de San Domingo de Bonaval. Esta xoia da historia de Santiago de Compostela, retr\u00e1tase nunha fotograf\u00eda creativa\u00a0en branco e negro, que re\u00fane nunha s\u00f3 imaxe todo o campo de visi\u00f3n para vela na s\u00faa totalidade.<\/p>\n<hr \/>\n<p class=\"p1\"><strong>Pedidos<\/strong><\/p>\n<p class=\"p1\">1. Selecciona o tama\u00f1o desexado.<\/p>\n<p class=\"p1\">2. Revisa os detalles dos soportes ( L\u00e1mina, Lenzo o Metacrilato ) >> \u00a0<span style=\"color: #33cccc;\"><a style=\"color: #33cccc;\" href=\"http:\/\/www.imaxesdaterra.com\/gal\/soportes\/\" target=\"_blank\" rel=\"noopener noreferrer\"><span class=\"s1\">VER SOPORTES<\/span><\/a><\/span><\/p>\n<p class=\"p1\">3. Selecciona o soporte que m\u00e1is che guste.<\/p>\n<p class=\"p1\">4. Selecciona a cantidade.<\/p>\n<p class=\"p1\">5. Engadir ao carri\u00f1o.<\/p>\n<p class=\"p1\"><strong>Transporte<\/strong><\/p>\n<p class=\"p1\">Revisa os detalles de transporte e impostos. >>\u00a0<span style=\"color: #33cccc;\"><a style=\"color: #33cccc;\" href=\"http:\/\/www.imaxesdaterra.com\/gal\/transporte\/\" target=\"_blank\" rel=\"noopener noreferrer\"><span class=\"s1\">VER TRANSPORTE<\/span><\/a><\/span><\/p>\n","protected":false},"excerpt":{"rendered":"<p>Unha espiral de emoci\u00f3ns enc\u00e9rrase dentro da escaleira helicoidal do Mosteiro de San Domingo do Bonaval. Ilusi\u00f3n e maxia hipn\u00f3ticas. Unha esfera chea de chanzos que parecen non ter principio nin final. Un monumento da historia de Galicia dentro de Santiago de Compostela, que parece convidar a mergullarse ata alcanzar a luz. Visi\u00f3n creativa da [&hellip;]<\/p>\n","protected":false},"featured_media":4554,"comment_status":"closed","ping_status":"closed","template":"","meta":{"jetpack_post_was_ever_published":false,"jetpack_publicize_message":"","jetpack_is_tweetstorm":false,"jetpack_publicize_feature_enabled":true,"jetpack_social_post_already_shared":true,"jetpack_social_options":{"image_generator_settings":{"template":"highway","enabled":false}}},"product_cat":[146,147,1306],"product_tag":[151,128],"jetpack_publicize_connections":[],"jetpack_sharing_enabled":true,"_links":{"self":[{"href":"https:\/\/www.imaxesdaterra.com\/gl\/wp-json\/wp\/v2\/product\/6234"}],"collection":[{"href":"https:\/\/www.imaxesdaterra.com\/gl\/wp-json\/wp\/v2\/product"}],"about":[{"href":"https:\/\/www.imaxesdaterra.com\/gl\/wp-json\/wp\/v2\/types\/product"}],"replies":[{"embeddable":true,"href":"https:\/\/www.imaxesdaterra.com\/gl\/wp-json\/wp\/v2\/comments?post=6234"}],"wp:featuredmedia":[{"embeddable":true,"href":"https:\/\/www.imaxesdaterra.com\/gl\/wp-json\/wp\/v2\/media\/4554"}],"wp:attachment":[{"href":"https:\/\/www.imaxesdaterra.com\/gl\/wp-json\/wp\/v2\/media?parent=6234"}],"wp:term":[{"taxonomy":"product_cat","embeddable":true,"href":"https:\/\/www.imaxesdaterra.com\/gl\/wp-json\/wp\/v2\/product_cat?post=6234"},{"taxonomy":"product_tag","embeddable":true,"href":"https:\/\/www.imaxesdaterra.com\/gl\/wp-json\/wp\/v2\/product_tag?post=6234"}],"curies":[{"name":"wp","href":"https:\/\/api.w.org\/{rel}","templated":true}]}}