{"id":6221,"date":"2017-11-02T17:07:52","date_gmt":"2017-11-02T17:07:52","guid":{"rendered":"https:\/\/www.imaxesdaterra.com\/tienda\/amanecer-torre-de-hercules\/"},"modified":"2021-01-25T17:27:54","modified_gmt":"2021-01-25T17:27:54","slug":"amanecer-torre-de-hercules","status":"publish","type":"product","link":"https:\/\/www.imaxesdaterra.com\/gl\/tenda\/amanecer-torre-de-hercules\/","title":{"rendered":"Amanecer Torre de H\u00e9rcules"},"content":{"rendered":"<div class=\"col_b\">\n<div class=\"textbox\">\n<div id=\"contenedor\" class=\"textarea unknown\">Co temper\u00e1n sa\u00edr do sol, os raios do astro van esparci\u00e9ndose lentamente sobre a costa. Tocan primeiro o m\u00e1is alto punto da Torre de H\u00e9rcules, para ofrecernos un espectacular amencer a contraluz que reflicte o seu esplendor na auga e esperta emoci\u00f3ns sobre un mar que segue durmido. Esta imaxe captura a magnificencia do sol que brilla no alto. E aos poucos as s\u00faas tenues luces van alcanzando a unha pequena embarcaci\u00f3n que navega para descubrir o amencer, e ao mesmo tempo vai ba\u00f1ando o d\u00eda de novas cores. Un espect\u00e1culo que nos mostra o faro m\u00e1is m\u00e1is antigo do mundo en funcionamento, eterno custodio de incontables amenceres e posta de sol na Coru\u00f1a.<\/div>\n<p class=\"p1\"><strong>Pedidos<\/strong><\/p>\n<p class=\"p1\">1. Selecciona o tama\u00f1o desexado.<\/p>\n<p class=\"p1\">2. Revisa os detalles dos soportes \u00a0&gt;&gt;\u00a0\u00a0<span style=\"color: #33cccc;\"><a style=\"color: #33cccc;\" href=\"https:\/\/www.imaxesdaterra.com\/gal\/soportes\/\" target=\"_blank\" rel=\"noopener noreferrer\"><span class=\"s1\">VER SOPORTES<\/span><\/a><\/span><\/p>\n<p class=\"p1\">3. Selecciona o soporte que m\u00e1is che guste.<\/p>\n<p class=\"p1\">4. Selecciona a cantidade.<\/p>\n<p class=\"p1\">5. Engadir ao carri\u00f1o.<\/p>\n<p class=\"p1\"><strong>Transporte<\/strong><\/p>\n<p class=\"p1\">Revisa os detalles de transporte e impostos. &gt;&gt;\u00a0<span style=\"color: #33cccc;\"><a style=\"color: #33cccc;\" href=\"https:\/\/www.imaxesdaterra.com\/gal\/transporte\/\" target=\"_blank\" rel=\"noopener noreferrer\"><span class=\"s1\">VER TRANSPORTE<\/span><\/a><\/span><\/p>\n<hr \/>\n<\/div>\n<\/div>\n","protected":false},"excerpt":{"rendered":"<p>Co temper\u00e1n sa\u00edr do sol, os raios do astro van esparci\u00e9ndose lentamente sobre a costa. Tocan primeiro o m\u00e1is alto punto da Torre de H\u00e9rcules, para ofrecernos un espectacular amencer a contraluz que reflicte o seu esplendor na auga e esperta emoci\u00f3ns sobre un mar que segue durmido. Esta imaxe captura a magnificencia do sol [&hellip;]<\/p>\n","protected":false},"featured_media":8348,"comment_status":"closed","ping_status":"closed","template":"","meta":{"jetpack_post_was_ever_published":false,"jetpack_publicize_message":"","jetpack_is_tweetstorm":false,"jetpack_publicize_feature_enabled":true,"jetpack_social_post_already_shared":true,"jetpack_social_options":{"image_generator_settings":{"template":"highway","enabled":false}}},"product_cat":[137,138,139,140],"product_tag":[127,157],"jetpack_publicize_connections":[],"jetpack_sharing_enabled":true,"_links":{"self":[{"href":"https:\/\/www.imaxesdaterra.com\/gl\/wp-json\/wp\/v2\/product\/6221"}],"collection":[{"href":"https:\/\/www.imaxesdaterra.com\/gl\/wp-json\/wp\/v2\/product"}],"about":[{"href":"https:\/\/www.imaxesdaterra.com\/gl\/wp-json\/wp\/v2\/types\/product"}],"replies":[{"embeddable":true,"href":"https:\/\/www.imaxesdaterra.com\/gl\/wp-json\/wp\/v2\/comments?post=6221"}],"wp:featuredmedia":[{"embeddable":true,"href":"https:\/\/www.imaxesdaterra.com\/gl\/wp-json\/wp\/v2\/media\/8348"}],"wp:attachment":[{"href":"https:\/\/www.imaxesdaterra.com\/gl\/wp-json\/wp\/v2\/media?parent=6221"}],"wp:term":[{"taxonomy":"product_cat","embeddable":true,"href":"https:\/\/www.imaxesdaterra.com\/gl\/wp-json\/wp\/v2\/product_cat?post=6221"},{"taxonomy":"product_tag","embeddable":true,"href":"https:\/\/www.imaxesdaterra.com\/gl\/wp-json\/wp\/v2\/product_tag?post=6221"}],"curies":[{"name":"wp","href":"https:\/\/api.w.org\/{rel}","templated":true}]}}