{"id":6169,"date":"2017-11-09T16:20:49","date_gmt":"2017-11-09T16:20:49","guid":{"rendered":"https:\/\/www.imaxesdaterra.com\/tienda\/caracola-cabo-home\/"},"modified":"2021-02-19T16:29:53","modified_gmt":"2021-02-19T16:29:53","slug":"caracola-cabo-home","status":"publish","type":"product","link":"https:\/\/www.imaxesdaterra.com\/gl\/tenda\/caracola-cabo-home\/","title":{"rendered":"Caracola Cabo Home"},"content":{"rendered":"<div class=\"col_b\">\n<div class=\"textbox\">\n<div id=\"contenedor\" class=\"textarea unknown\">\n<p>Cabo Home \u00e9 testemu\u00f1a dos xa tenues raios que o astro lle regala ao d\u00eda, quentando por \u00faltima vez a superficie tranquila de intenso azul. Un lugar de reuni\u00f3n, un lugar de calma. A Caracola espera tranquila o morrer outro d\u00eda, mentres se ofrece como lugar de encontro, \u00fanica xoia do home no medio de rocas que sempre dan a cara ao sol. Lito Portela reg\u00e1lanos unha das obras mestras m\u00e1is asombrosas de todas, unha escultura situada na Costa de Cabo Home, lugar m\u00e1xico onde reunirse para contemplar as postas de sol. Unha imaxe que capta as cores do atardecer e a silueta a contraluz da Caracola, as\u00ed como o adeus do atardecer. A li\u00f1a infinita que separa un ceo en degradado e unha costa tranquila.<\/p>\n<hr \/>\n<\/div>\n<p class=\"p1\"><strong>Pedidos<\/strong><\/p>\n<p class=\"p1\">1. Selecciona o tama\u00f1o desexado.<\/p>\n<p class=\"p1\">2. Revisa os detalles dos soportes &gt;&gt;\u00a0\u00a0<span style=\"color: #33cccc;\"><a style=\"color: #33cccc;\" href=\"https:\/\/www.imaxesdaterra.com\/gal\/soportes\/\" target=\"_blank\" rel=\"noopener noreferrer\"><span class=\"s1\">VER SOPORTES<\/span><\/a><\/span><\/p>\n<p class=\"p1\">3. Selecciona o soporte que m\u00e1is che guste.<\/p>\n<p class=\"p1\">4. Selecciona a cantidade.<\/p>\n<p class=\"p1\">5. Engadir ao carri\u00f1o.<\/p>\n<p class=\"p1\"><strong>Transporte<\/strong><\/p>\n<p class=\"p1\">Revisa os detalles de transporte e impostos &gt;&gt;\u00a0<span style=\"color: #33cccc;\"><a style=\"color: #33cccc;\" href=\"https:\/\/www.imaxesdaterra.com\/gal\/transporte\/\" target=\"_blank\" rel=\"noopener noreferrer\"><span class=\"s1\">VER TRANSPORTE<\/span><\/a><\/span><\/p>\n<hr \/>\n<\/div>\n<\/div>\n","protected":false},"excerpt":{"rendered":"<p>Cabo Home \u00e9 testemu\u00f1a dos xa tenues raios que o astro lle regala ao d\u00eda, quentando por \u00faltima vez a superficie tranquila de intenso azul. Un lugar de reuni\u00f3n, un lugar de calma. A Caracola espera tranquila o morrer outro d\u00eda, mentres se ofrece como lugar de encontro, \u00fanica xoia do home no medio de [&hellip;]<\/p>\n","protected":false},"featured_media":12496,"comment_status":"closed","ping_status":"closed","template":"","meta":{"jetpack_post_was_ever_published":false,"jetpack_publicize_message":"","jetpack_is_tweetstorm":false,"jetpack_publicize_feature_enabled":true,"jetpack_social_post_already_shared":true,"jetpack_social_options":{"image_generator_settings":{"template":"highway","enabled":false}}},"product_cat":[137,147,139],"product_tag":[128,156,157],"jetpack_publicize_connections":[],"jetpack_sharing_enabled":true,"_links":{"self":[{"href":"https:\/\/www.imaxesdaterra.com\/gl\/wp-json\/wp\/v2\/product\/6169"}],"collection":[{"href":"https:\/\/www.imaxesdaterra.com\/gl\/wp-json\/wp\/v2\/product"}],"about":[{"href":"https:\/\/www.imaxesdaterra.com\/gl\/wp-json\/wp\/v2\/types\/product"}],"replies":[{"embeddable":true,"href":"https:\/\/www.imaxesdaterra.com\/gl\/wp-json\/wp\/v2\/comments?post=6169"}],"wp:featuredmedia":[{"embeddable":true,"href":"https:\/\/www.imaxesdaterra.com\/gl\/wp-json\/wp\/v2\/media\/12496"}],"wp:attachment":[{"href":"https:\/\/www.imaxesdaterra.com\/gl\/wp-json\/wp\/v2\/media?parent=6169"}],"wp:term":[{"taxonomy":"product_cat","embeddable":true,"href":"https:\/\/www.imaxesdaterra.com\/gl\/wp-json\/wp\/v2\/product_cat?post=6169"},{"taxonomy":"product_tag","embeddable":true,"href":"https:\/\/www.imaxesdaterra.com\/gl\/wp-json\/wp\/v2\/product_tag?post=6169"}],"curies":[{"name":"wp","href":"https:\/\/api.w.org\/{rel}","templated":true}]}}