{"id":6156,"date":"2017-11-09T16:27:27","date_gmt":"2017-11-09T16:27:27","guid":{"rendered":"https:\/\/www.imaxesdaterra.com\/tienda\/praia-da-lanzada\/"},"modified":"2021-02-09T16:53:01","modified_gmt":"2021-02-09T16:53:01","slug":"praia-da-lanzada","status":"publish","type":"product","link":"https:\/\/www.imaxesdaterra.com\/gl\/tenda\/praia-da-lanzada\/","title":{"rendered":"Praia da Lanzada"},"content":{"rendered":"<p>A Costa Galega alberga un dos recunchos m\u00e1is m\u00e1xicos de todos, a Praia d\u00e1 Lanzada. Un sol que o ilumina todo e unha area que \u00e9 testemu\u00f1a das pegadas de moitos ao cami\u00f1ar. A suavidade das ondas e a escuma mari\u00f1a. Aroma de sal e de calidez. Un horizonte coroado de formaci\u00f3ns monta\u00f1osas abre paso ao mar infinitito e unha tras outra as ondas tentan alcanzarnos.<\/p>\n<p>Situada no tramo de costa entre as localidades de Sanxenxo e O Grove, a Praia d\u00e1 Lanzada \u00e9 unha das m\u00e1is fermosas de Galicia. Esta fotograf\u00eda panor\u00e1mica re\u00fane os seus elementos m\u00e1is importantes, que son o sol de pleno d\u00eda, o mar e a area ba\u00f1ada polas ondas, que evocan unha sensaci\u00f3n de calidez e calma.<\/p>\n<hr \/>\n<p class=\"p1\"><strong>Pedidos<\/strong><\/p>\n<p class=\"p1\">1. Selecciona o tama\u00f1o desexado.<\/p>\n<p class=\"p1\">2. Revisa os detalles dos soportes &gt;&gt;\u00a0\u00a0<span style=\"color: #33cccc;\"><a style=\"color: #33cccc;\" href=\"https:\/\/www.imaxesdaterra.com\/gal\/soportes\/\" target=\"_blank\" rel=\"noopener noreferrer\"><span class=\"s1\">VER SOPORTES<\/span><\/a><\/span><\/p>\n<p class=\"p1\">3. Selecciona o soporte que m\u00e1is che guste.<\/p>\n<p class=\"p1\">4. Selecciona a cantidade.<\/p>\n<p class=\"p1\">5. Engadir ao carri\u00f1o.<\/p>\n<p class=\"p1\"><strong>Transporte<\/strong><\/p>\n<p class=\"p1\">Revisa os detalles de transporte e impostos. &gt;&gt;\u00a0<span style=\"color: #33cccc;\"><a style=\"color: #33cccc;\" href=\"https:\/\/www.imaxesdaterra.com\/gal\/transporte\/\" target=\"_blank\" rel=\"noopener noreferrer\"><span class=\"s1\">VER TRANSPORTE<\/span><\/a><\/span><\/p>\n","protected":false},"excerpt":{"rendered":"<p>A Costa Galega alberga un dos recunchos m\u00e1is m\u00e1xicos de todos, a Praia d\u00e1 Lanzada. Un sol que o ilumina todo e unha area que \u00e9 testemu\u00f1a das pegadas de moitos ao cami\u00f1ar. A suavidade das ondas e a escuma mari\u00f1a. Aroma de sal e de calidez. Un horizonte coroado de formaci\u00f3ns monta\u00f1osas abre paso [&hellip;]<\/p>\n","protected":false},"featured_media":12466,"comment_status":"closed","ping_status":"closed","template":"","meta":{"jetpack_post_was_ever_published":false,"jetpack_publicize_message":"","jetpack_is_tweetstorm":false,"jetpack_publicize_feature_enabled":true,"jetpack_social_post_already_shared":true,"jetpack_social_options":{"image_generator_settings":{"template":"highway","enabled":false}}},"product_cat":[137,139],"product_tag":[128,156,157],"jetpack_publicize_connections":[],"jetpack_sharing_enabled":true,"_links":{"self":[{"href":"https:\/\/www.imaxesdaterra.com\/gl\/wp-json\/wp\/v2\/product\/6156"}],"collection":[{"href":"https:\/\/www.imaxesdaterra.com\/gl\/wp-json\/wp\/v2\/product"}],"about":[{"href":"https:\/\/www.imaxesdaterra.com\/gl\/wp-json\/wp\/v2\/types\/product"}],"replies":[{"embeddable":true,"href":"https:\/\/www.imaxesdaterra.com\/gl\/wp-json\/wp\/v2\/comments?post=6156"}],"wp:featuredmedia":[{"embeddable":true,"href":"https:\/\/www.imaxesdaterra.com\/gl\/wp-json\/wp\/v2\/media\/12466"}],"wp:attachment":[{"href":"https:\/\/www.imaxesdaterra.com\/gl\/wp-json\/wp\/v2\/media?parent=6156"}],"wp:term":[{"taxonomy":"product_cat","embeddable":true,"href":"https:\/\/www.imaxesdaterra.com\/gl\/wp-json\/wp\/v2\/product_cat?post=6156"},{"taxonomy":"product_tag","embeddable":true,"href":"https:\/\/www.imaxesdaterra.com\/gl\/wp-json\/wp\/v2\/product_tag?post=6156"}],"curies":[{"name":"wp","href":"https:\/\/api.w.org\/{rel}","templated":true}]}}