{"id":6143,"date":"2017-11-12T12:26:01","date_gmt":"2017-11-12T12:26:01","guid":{"rendered":"https:\/\/www.imaxesdaterra.com\/tienda\/faro-de-corrubedo\/"},"modified":"2021-01-25T17:14:26","modified_gmt":"2021-01-25T17:14:26","slug":"faro-de-corrubedo","status":"publish","type":"product","link":"https:\/\/www.imaxesdaterra.com\/gl\/tenda\/faro-de-corrubedo\/","title":{"rendered":"Faro de Corrubedo"},"content":{"rendered":"<p>Noite estrelada no Faro de Corrubedo, que coida a noite baixo o suave ritmo do vaiv\u00e9n das ondas e o romper contra as rocas. Un ceo despexado que convida a Venus e a X\u00fapiter a fundirse nun abrazo para observar esta fermosa creaci\u00f3n, nunha das noites m\u00e1is tranquilas de ver\u00e1n e baixo as luces c\u00e1lidas que gu\u00edan ata al\u00ed.<\/p>\n<p>Imaxe en primeiro plano do Faro de Corrubedo, realizada en xullo de 2015, no momento exacto da historia en que os planetas Venus e X\u00fapiter coincidiron xuntos no ceo e poden ser observados \u00e1 dereita deste asombroso faro da Coru\u00f1a.<\/p>\n<hr \/>\n<p class=\"p1\"><strong>Pedidos<\/strong><\/p>\n<p class=\"p1\">1. Selecciona o tama\u00f1o desexado.<\/p>\n<p class=\"p1\">2. Revisa os detalles dos soportes \u00a0>>\u00a0\u00a0<span style=\"color: #33cccc;\"><a style=\"color: #33cccc;\" href=\"https:\/\/www.imaxesdaterra.com\/gal\/soportes\/\" target=\"_blank\" rel=\"noopener noreferrer\"><span class=\"s1\">VER SOPORTES<\/span><\/a><\/span><\/p>\n<p class=\"p1\">3. Selecciona o soporte que m\u00e1is che guste.<\/p>\n<p class=\"p1\">4. Selecciona a cantidade.<\/p>\n<p class=\"p1\">5. Engadir ao carri\u00f1o.<\/p>\n<p class=\"p1\"><strong>Transporte<\/strong><\/p>\n<p class=\"p1\">Revisa os detalles de transporte e impostos. >>\u00a0<span style=\"color: #33cccc;\"><a style=\"color: #33cccc;\" href=\"https:\/\/www.imaxesdaterra.com\/gal\/transporte\/\" target=\"_blank\" rel=\"noopener noreferrer\"><span class=\"s1\">VER TRANSPORTE<\/span><\/a><\/span><\/p>\n","protected":false},"excerpt":{"rendered":"<p>Noite estrelada no Faro de Corrubedo, que coida a noite baixo o suave ritmo do vaiv\u00e9n das ondas e o romper contra as rocas. Un ceo despexado que convida a Venus e a X\u00fapiter a fundirse nun abrazo para observar esta fermosa creaci\u00f3n, nunha das noites m\u00e1is tranquilas de ver\u00e1n e baixo as luces c\u00e1lidas [&hellip;]<\/p>\n","protected":false},"featured_media":8343,"comment_status":"closed","ping_status":"closed","template":"","meta":{"jetpack_post_was_ever_published":false,"jetpack_publicize_message":"","jetpack_is_tweetstorm":false,"jetpack_publicize_feature_enabled":true,"jetpack_social_post_already_shared":true,"jetpack_social_options":{"image_generator_settings":{"template":"highway","enabled":false}}},"product_cat":[138],"product_tag":[153,128],"jetpack_publicize_connections":[],"jetpack_sharing_enabled":true,"_links":{"self":[{"href":"https:\/\/www.imaxesdaterra.com\/gl\/wp-json\/wp\/v2\/product\/6143"}],"collection":[{"href":"https:\/\/www.imaxesdaterra.com\/gl\/wp-json\/wp\/v2\/product"}],"about":[{"href":"https:\/\/www.imaxesdaterra.com\/gl\/wp-json\/wp\/v2\/types\/product"}],"replies":[{"embeddable":true,"href":"https:\/\/www.imaxesdaterra.com\/gl\/wp-json\/wp\/v2\/comments?post=6143"}],"wp:featuredmedia":[{"embeddable":true,"href":"https:\/\/www.imaxesdaterra.com\/gl\/wp-json\/wp\/v2\/media\/8343"}],"wp:attachment":[{"href":"https:\/\/www.imaxesdaterra.com\/gl\/wp-json\/wp\/v2\/media?parent=6143"}],"wp:term":[{"taxonomy":"product_cat","embeddable":true,"href":"https:\/\/www.imaxesdaterra.com\/gl\/wp-json\/wp\/v2\/product_cat?post=6143"},{"taxonomy":"product_tag","embeddable":true,"href":"https:\/\/www.imaxesdaterra.com\/gl\/wp-json\/wp\/v2\/product_tag?post=6143"}],"curies":[{"name":"wp","href":"https:\/\/api.w.org\/{rel}","templated":true}]}}