{"id":6117,"date":"2017-11-12T13:02:13","date_gmt":"2017-11-12T13:02:13","guid":{"rendered":"https:\/\/www.imaxesdaterra.com\/tienda\/torre-de-hercules-primavera\/"},"modified":"2021-01-25T17:05:23","modified_gmt":"2021-01-25T17:05:23","slug":"torre-de-hercules-primavera","status":"publish","type":"product","link":"https:\/\/www.imaxesdaterra.com\/gl\/tenda\/torre-de-hercules-primavera\/","title":{"rendered":"Torre de H\u00e9rcules Primavera"},"content":{"rendered":"<p>A Torre de H\u00e9rcules vese impo\u00f1ente baixo o ceo de primavera en Galicia. Monumento do atl\u00e1ntico que protagoniza un dos lugares m\u00e1is m\u00e1xicos de todos. A natureza brilla na s\u00faa extensi\u00f3n, enchendo a terra de flores coloridas e aromas que espertan a alma e convidan \u00e1 calma e \u00e1 serenidade. Unha paisaxe chea de cor que re\u00fane elementos hist\u00f3ricos e a mellor cara da natureza de Galicia.<\/p>\n<p>A Torre de H\u00e9rcules \u00e9 o faro romano m\u00e1is antigo en funcionamento do mundo. Representa un importante anaco da historia de Galicia e na primavera florecen \u00e1 s\u00faa ao redor fermosas flores co\u00f1ecidas como \u201cU\u00f1as de gato\u201d, que protagonizan un espect\u00e1culo visual impresionante. Esta fotograf\u00eda mostra a cara m\u00e1is fermosa do Faro de H\u00e9rcules, que bota ra\u00edces nunha terra m\u00e1xica.<\/p>\n<hr \/>\n<p class=\"p1\"><strong>Pedidos<\/strong><\/p>\n<p class=\"p1\">1. Selecciona o tama\u00f1o desexado.<\/p>\n<p class=\"p1\">2. Revisa os detalles dos soportes >>\u00a0\u00a0<span style=\"color: #33cccc;\"><a style=\"color: #33cccc;\" href=\"https:\/\/www.imaxesdaterra.com\/gal\/soportes\/\" target=\"_blank\" rel=\"noopener noreferrer\"><span class=\"s1\">VER SOPORTES<\/span><\/a><\/span><\/p>\n<p class=\"p1\">3. Selecciona o soporte que m\u00e1is che guste.<\/p>\n<p class=\"p1\">4. Selecciona a cantidade.<\/p>\n<p class=\"p1\">5. Engadir ao carri\u00f1o.<\/p>\n<p class=\"p1\"><strong>Transporte<\/strong><\/p>\n<p class=\"p1\">Revisa os detalles de transporte e impostos >><span style=\"color: #33cccc;\">\u00a0<a style=\"color: #33cccc;\" href=\"https:\/\/www.imaxesdaterra.com\/gal\/transporte\/\" target=\"_blank\" rel=\"noopener noreferrer\"><span class=\"s1\">VER TRANSPORTE<\/span><\/a><\/span><\/p>\n","protected":false},"excerpt":{"rendered":"<p>A Torre de H\u00e9rcules vese impo\u00f1ente baixo o ceo de primavera en Galicia. Monumento do atl\u00e1ntico que protagoniza un dos lugares m\u00e1is m\u00e1xicos de todos. A natureza brilla na s\u00faa extensi\u00f3n, enchendo a terra de flores coloridas e aromas que espertan a alma e convidan \u00e1 calma e \u00e1 serenidade. Unha paisaxe chea de cor [&hellip;]<\/p>\n","protected":false},"featured_media":8339,"comment_status":"closed","ping_status":"closed","template":"","meta":{"jetpack_post_was_ever_published":false,"jetpack_publicize_message":"","jetpack_is_tweetstorm":false,"jetpack_publicize_feature_enabled":true,"jetpack_social_post_already_shared":true,"jetpack_social_options":{"image_generator_settings":{"template":"highway","enabled":false}}},"product_cat":[146,138],"product_tag":[127,128],"jetpack_publicize_connections":[],"jetpack_sharing_enabled":true,"_links":{"self":[{"href":"https:\/\/www.imaxesdaterra.com\/gl\/wp-json\/wp\/v2\/product\/6117"}],"collection":[{"href":"https:\/\/www.imaxesdaterra.com\/gl\/wp-json\/wp\/v2\/product"}],"about":[{"href":"https:\/\/www.imaxesdaterra.com\/gl\/wp-json\/wp\/v2\/types\/product"}],"replies":[{"embeddable":true,"href":"https:\/\/www.imaxesdaterra.com\/gl\/wp-json\/wp\/v2\/comments?post=6117"}],"wp:featuredmedia":[{"embeddable":true,"href":"https:\/\/www.imaxesdaterra.com\/gl\/wp-json\/wp\/v2\/media\/8339"}],"wp:attachment":[{"href":"https:\/\/www.imaxesdaterra.com\/gl\/wp-json\/wp\/v2\/media?parent=6117"}],"wp:term":[{"taxonomy":"product_cat","embeddable":true,"href":"https:\/\/www.imaxesdaterra.com\/gl\/wp-json\/wp\/v2\/product_cat?post=6117"},{"taxonomy":"product_tag","embeddable":true,"href":"https:\/\/www.imaxesdaterra.com\/gl\/wp-json\/wp\/v2\/product_tag?post=6117"}],"curies":[{"name":"wp","href":"https:\/\/api.w.org\/{rel}","templated":true}]}}