{"id":6104,"date":"2017-11-13T17:15:20","date_gmt":"2017-11-13T17:15:20","guid":{"rendered":"https:\/\/www.imaxesdaterra.com\/tienda\/ourense-maxico\/"},"modified":"2021-02-05T17:25:54","modified_gmt":"2021-02-05T17:25:54","slug":"ourense-maxico","status":"publish","type":"product","link":"https:\/\/www.imaxesdaterra.com\/gl\/tenda\/ourense-maxico\/","title":{"rendered":"Ourense m\u00e1xico"},"content":{"rendered":"<p>Composici\u00f3n de pequeno planeta da Praza Maior de Ourense. Unha vista desde un \u00e1ngulo diferente que nos mostra unha infinidade de posibilidades e detalles \u00fanicos. A praza cos seus edificios, caf\u00e9s nocturnos e bares, conv\u00eddannos a descubrir a maxia da noite que apenas comeza en Ourense.<\/p>\n<p>Un espazo cheo de paz e de tranquilidade, de enerx\u00eda nocturna, de procura de aventuras. A noite apenas cae sobre a Praza Maior e Ourense prep\u00e1rase para deslizarse lentamente sobre aventuras. Este pequeno e perfecto planeta encerra no seu interior unha invitaci\u00f3n para co\u00f1ecer e a gozar o que Galicia ten para dar.<\/p>\n<hr \/>\n<p class=\"p1\"><strong>Pedidos<\/strong><\/p>\n<p class=\"p1\">1. Selecciona o tama\u00f1o desexado.<\/p>\n<p class=\"p1\">2. Revisa os detalles dos soportes\u00a0 &gt;&gt;\u00a0 <span style=\"color: #33cccc;\"><a style=\"color: #33cccc;\" href=\"https:\/\/www.imaxesdaterra.com\/gal\/soportes\/\" target=\"_blank\" rel=\"noopener noreferrer\"><span class=\"s1\">VER SOPORTES<\/span><\/a><\/span><\/p>\n<p class=\"p1\">3. Selecciona o soporte que m\u00e1is che guste.<\/p>\n<p class=\"p1\">4. Selecciona a cantidade.<\/p>\n<p class=\"p1\">5. Engadir ao carri\u00f1o.<\/p>\n<p class=\"p1\"><strong>Transporte<\/strong><\/p>\n<p class=\"p1\">Revisa os detalles de transporte e impostos. &gt;&gt;\u00a0<span style=\"color: #33cccc;\"><a style=\"color: #33cccc;\" href=\"https:\/\/www.imaxesdaterra.com\/gal\/transporte\/\" target=\"_blank\" rel=\"noopener noreferrer\"><span class=\"s1\">VER TRANSPORTE<\/span><\/a><\/span><\/p>\n","protected":false},"excerpt":{"rendered":"<p>Composici\u00f3n de pequeno planeta da Praza Maior de Ourense. Unha vista desde un \u00e1ngulo diferente que nos mostra unha infinidade de posibilidades e detalles \u00fanicos. A praza cos seus edificios, caf\u00e9s nocturnos e bares, conv\u00eddannos a descubrir a maxia da noite que apenas comeza en Ourense. Un espazo cheo de paz e de tranquilidade, de [&hellip;]<\/p>\n","protected":false},"featured_media":12336,"comment_status":"closed","ping_status":"closed","template":"","meta":{"jetpack_post_was_ever_published":false,"jetpack_publicize_message":"","jetpack_is_tweetstorm":false,"jetpack_publicize_feature_enabled":true,"jetpack_social_post_already_shared":true,"jetpack_social_options":{"image_generator_settings":{"template":"highway","enabled":false}}},"product_cat":[146,1306],"product_tag":[128,155],"jetpack_publicize_connections":[],"jetpack_sharing_enabled":true,"_links":{"self":[{"href":"https:\/\/www.imaxesdaterra.com\/gl\/wp-json\/wp\/v2\/product\/6104"}],"collection":[{"href":"https:\/\/www.imaxesdaterra.com\/gl\/wp-json\/wp\/v2\/product"}],"about":[{"href":"https:\/\/www.imaxesdaterra.com\/gl\/wp-json\/wp\/v2\/types\/product"}],"replies":[{"embeddable":true,"href":"https:\/\/www.imaxesdaterra.com\/gl\/wp-json\/wp\/v2\/comments?post=6104"}],"wp:featuredmedia":[{"embeddable":true,"href":"https:\/\/www.imaxesdaterra.com\/gl\/wp-json\/wp\/v2\/media\/12336"}],"wp:attachment":[{"href":"https:\/\/www.imaxesdaterra.com\/gl\/wp-json\/wp\/v2\/media?parent=6104"}],"wp:term":[{"taxonomy":"product_cat","embeddable":true,"href":"https:\/\/www.imaxesdaterra.com\/gl\/wp-json\/wp\/v2\/product_cat?post=6104"},{"taxonomy":"product_tag","embeddable":true,"href":"https:\/\/www.imaxesdaterra.com\/gl\/wp-json\/wp\/v2\/product_tag?post=6104"}],"curies":[{"name":"wp","href":"https:\/\/api.w.org\/{rel}","templated":true}]}}