{"id":6091,"date":"2017-11-13T17:20:17","date_gmt":"2017-11-13T17:20:17","guid":{"rendered":"https:\/\/www.imaxesdaterra.com\/tienda\/ourense-maior-360\/"},"modified":"2019-10-06T16:45:06","modified_gmt":"2019-10-06T16:45:06","slug":"ourense-maior-360","status":"publish","type":"product","link":"https:\/\/www.imaxesdaterra.com\/gl\/tenda\/ourense-maior-360\/","title":{"rendered":"Ourense Praza Maior 360\u00ba b&#038;n"},"content":{"rendered":"<p>Ourense esperta baixo a luz dun novo d\u00eda. Neste pequeno planeta cheo de perfecci\u00f3n, mant\u00e9\u00f1ense en p\u00e9 os seus locais, monumentos e caf\u00e9s, sostidos pola gravidade dun mundo que convida a descubrir unha cidade chea de posibilidades.<\/p>\n<p>A Praza Maior de Ourense como centro dun pequeno universo, un universo que convida a descubrir, a so\u00f1ar e a aventurarse entre as s\u00faas r\u00faas, perd\u00e9ndose a trav\u00e9s deste pequeno pero ao mesmo tempo inmenso planeta. Composici\u00f3n de pequeno planeta da Praza Maior de Ourense. Un espect\u00e1culo diferente cuberto completamente das luces do d\u00eda, que en branco e negro soan como eco sobre o chan e as s\u00faas edificaci\u00f3ns. Unha imaxe en 360\u00b0 de todo o que esta xoia ten para ofrecernos.<\/p>\n<hr \/>\n<p class=\"p1\"><strong>Pedidos<\/strong><\/p>\n<p class=\"p1\">1. Selecciona o tama\u00f1o desexado.<\/p>\n<p class=\"p1\">2. Revisa os detalles dos soportes ( L\u00e1mina, Lenzo o Metacrilato ) &gt;&gt;\u00a0\u00a0<span style=\"color: #33cccc;\"><a style=\"color: #33cccc;\" href=\"http:\/\/www.imaxesdaterra.com\/gal\/soportes\/\" target=\"_blank\" rel=\"noopener noreferrer\"><span class=\"s1\">VER SOPORTES<\/span><\/a><\/span><\/p>\n<p class=\"p1\">3. Selecciona o soporte que m\u00e1is che guste.<\/p>\n<p class=\"p1\">4. Selecciona a cantidade.<\/p>\n<p class=\"p1\">5. Engadir ao carri\u00f1o.<\/p>\n<p class=\"p1\"><strong>Transporte<\/strong><\/p>\n<p class=\"p1\">Revisa os detalles de transporte e impostos. &gt;&gt;\u00a0<span style=\"color: #33cccc;\"><a style=\"color: #33cccc;\" href=\"http:\/\/www.imaxesdaterra.com\/gal\/transporte\/\" target=\"_blank\" rel=\"noopener noreferrer\"><span class=\"s1\">VER TRANSPORTE<\/span><\/a><\/span><\/p>\n","protected":false},"excerpt":{"rendered":"<p>Ourense esperta baixo a luz dun novo d\u00eda. Neste pequeno planeta cheo de perfecci\u00f3n, mant\u00e9\u00f1ense en p\u00e9 os seus locais, monumentos e caf\u00e9s, sostidos pola gravidade dun mundo que convida a descubrir unha cidade chea de posibilidades. A Praza Maior de Ourense como centro dun pequeno universo, un universo que convida a descubrir, a so\u00f1ar [&hellip;]<\/p>\n","protected":false},"featured_media":4359,"comment_status":"closed","ping_status":"closed","template":"","meta":{"jetpack_post_was_ever_published":false,"jetpack_publicize_message":"","jetpack_is_tweetstorm":false,"jetpack_publicize_feature_enabled":true,"jetpack_social_post_already_shared":true,"jetpack_social_options":{"image_generator_settings":{"template":"highway","enabled":false}}},"product_cat":[146,147,1306],"product_tag":[128,155],"jetpack_publicize_connections":[],"jetpack_sharing_enabled":true,"_links":{"self":[{"href":"https:\/\/www.imaxesdaterra.com\/gl\/wp-json\/wp\/v2\/product\/6091"}],"collection":[{"href":"https:\/\/www.imaxesdaterra.com\/gl\/wp-json\/wp\/v2\/product"}],"about":[{"href":"https:\/\/www.imaxesdaterra.com\/gl\/wp-json\/wp\/v2\/types\/product"}],"replies":[{"embeddable":true,"href":"https:\/\/www.imaxesdaterra.com\/gl\/wp-json\/wp\/v2\/comments?post=6091"}],"wp:featuredmedia":[{"embeddable":true,"href":"https:\/\/www.imaxesdaterra.com\/gl\/wp-json\/wp\/v2\/media\/4359"}],"wp:attachment":[{"href":"https:\/\/www.imaxesdaterra.com\/gl\/wp-json\/wp\/v2\/media?parent=6091"}],"wp:term":[{"taxonomy":"product_cat","embeddable":true,"href":"https:\/\/www.imaxesdaterra.com\/gl\/wp-json\/wp\/v2\/product_cat?post=6091"},{"taxonomy":"product_tag","embeddable":true,"href":"https:\/\/www.imaxesdaterra.com\/gl\/wp-json\/wp\/v2\/product_tag?post=6091"}],"curies":[{"name":"wp","href":"https:\/\/api.w.org\/{rel}","templated":true}]}}