{"id":6078,"date":"2017-11-13T17:21:57","date_gmt":"2017-11-13T17:21:57","guid":{"rendered":"https:\/\/www.imaxesdaterra.com\/tienda\/portico-de-la-gloria\/"},"modified":"2019-10-06T16:48:51","modified_gmt":"2019-10-06T16:48:51","slug":"portico-de-la-gloria","status":"publish","type":"product","link":"https:\/\/www.imaxesdaterra.com\/gl\/tenda\/portico-de-la-gloria\/","title":{"rendered":"P\u00f3rtico de la Gloria"},"content":{"rendered":"<p>O p\u00f3rtico da gloria. A cripta, o p\u00f3rtico e a tribuna. Representaci\u00f3n hist\u00f3rica e chea de maxia. Relevos e figuras que quitan o alento nunha atmosfera de calma, de silencio e de tranquilidade. S\u00edmbolo eterno da Catedral de Santiago de Compostela, #alzar impo\u00f1ente e cheo de figuras que parecen contar unha longa historia para recibir aos peregrinos do Cami\u00f1o de Santiago.<\/p>\n<p>Imaxe en branco e negro do p\u00f3rtico da Gloria da Catedral de Santiago de Compostela. A representaci\u00f3n da elevaci\u00f3n dos humanos cara ao divino reunido nunha obra mestra que tardou anos en ser terminada. Conta a lenda que o mestre Mateo retratouse como figura principal no t\u00edmpano central, pero que ao terminar a obra, cheo de vergo\u00f1a, humildade e arrepentimento situouse arrodillado na parte traseira.<\/p>\n<hr \/>\n<p class=\"p1\"><strong>Pedidos<\/strong><\/p>\n<p class=\"p1\">1. Selecciona o tama\u00f1o desexado.<\/p>\n<p class=\"p1\">2. Revisa os detalles dos soportes ( L\u00e1mina, Lenzo o Metacrilato ) &gt;&gt;\u00a0\u00a0<span style=\"color: #33cccc;\"><a style=\"color: #33cccc;\" href=\"http:\/\/www.imaxesdaterra.com\/gal\/soportes\/\" target=\"_blank\" rel=\"noopener noreferrer\"><span class=\"s1\">VER SOPORTES<\/span><\/a><\/span><\/p>\n<p class=\"p1\">3. Selecciona o soporte que m\u00e1is che guste.<\/p>\n<p class=\"p1\">4. Selecciona a cantidade.<\/p>\n<p class=\"p1\">5. Engadir ao carri\u00f1o.<\/p>\n<p class=\"p1\"><strong>Transporte<\/strong><\/p>\n<p class=\"p1\">Revisa os detalles de transporte e impostos. &gt;&gt;\u00a0<span style=\"color: #33cccc;\"><a style=\"color: #33cccc;\" href=\"http:\/\/www.imaxesdaterra.com\/gal\/transporte\/\" target=\"_blank\" rel=\"noopener noreferrer\"><span class=\"s1\">VER TRANSPORTE<\/span><\/a><\/span><\/p>\n","protected":false},"excerpt":{"rendered":"<p>O p\u00f3rtico da gloria. A cripta, o p\u00f3rtico e a tribuna. Representaci\u00f3n hist\u00f3rica e chea de maxia. Relevos e figuras que quitan o alento nunha atmosfera de calma, de silencio e de tranquilidade. S\u00edmbolo eterno da Catedral de Santiago de Compostela, #alzar impo\u00f1ente e cheo de figuras que parecen contar unha longa historia para recibir [&hellip;]<\/p>\n","protected":false},"featured_media":4319,"comment_status":"closed","ping_status":"closed","template":"","meta":{"jetpack_post_was_ever_published":false,"jetpack_publicize_message":"","jetpack_is_tweetstorm":false,"jetpack_publicize_feature_enabled":true,"jetpack_social_post_already_shared":true,"jetpack_social_options":{"image_generator_settings":{"template":"highway","enabled":false}}},"product_cat":[146,147],"product_tag":[151,128],"jetpack_publicize_connections":[],"jetpack_sharing_enabled":true,"_links":{"self":[{"href":"https:\/\/www.imaxesdaterra.com\/gl\/wp-json\/wp\/v2\/product\/6078"}],"collection":[{"href":"https:\/\/www.imaxesdaterra.com\/gl\/wp-json\/wp\/v2\/product"}],"about":[{"href":"https:\/\/www.imaxesdaterra.com\/gl\/wp-json\/wp\/v2\/types\/product"}],"replies":[{"embeddable":true,"href":"https:\/\/www.imaxesdaterra.com\/gl\/wp-json\/wp\/v2\/comments?post=6078"}],"wp:featuredmedia":[{"embeddable":true,"href":"https:\/\/www.imaxesdaterra.com\/gl\/wp-json\/wp\/v2\/media\/4319"}],"wp:attachment":[{"href":"https:\/\/www.imaxesdaterra.com\/gl\/wp-json\/wp\/v2\/media?parent=6078"}],"wp:term":[{"taxonomy":"product_cat","embeddable":true,"href":"https:\/\/www.imaxesdaterra.com\/gl\/wp-json\/wp\/v2\/product_cat?post=6078"},{"taxonomy":"product_tag","embeddable":true,"href":"https:\/\/www.imaxesdaterra.com\/gl\/wp-json\/wp\/v2\/product_tag?post=6078"}],"curies":[{"name":"wp","href":"https:\/\/api.w.org\/{rel}","templated":true}]}}