{"id":6065,"date":"2017-11-13T17:25:29","date_gmt":"2017-11-13T17:25:29","guid":{"rendered":"https:\/\/www.imaxesdaterra.com\/tienda\/horreos-eira-da-hermida-1\/"},"modified":"2019-10-05T09:56:00","modified_gmt":"2019-10-05T09:56:00","slug":"horreos-eira-da-ermida-1","status":"publish","type":"product","link":"https:\/\/www.imaxesdaterra.com\/gl\/tenda\/horreos-eira-da-ermida-1\/","title":{"rendered":"H\u00f3rreos Eira da Ermida"},"content":{"rendered":"<p>Eira da Ermida, un lugar sen igual. H\u00f3rreos en p\u00e9 que dan a benvida ao sol e que conservan no seu interior aroma de historias, de pasado. Xoias de Cerdedo cegadoras no ver\u00e1n. H\u00f3rreos de outrora, de Galicia que conservan tradici\u00f3ns.\u00a0 Seguen en p\u00e9 contando unha historia, sobre verdes pastos quentes polo sol.<\/p>\n<p>Unha vista de preto \u00e1 Eira da Ermida, agrupaci\u00f3n impo\u00f1ente de 21 h\u00f3rreos situados na aldea de Filgueira en Cerdedo. Unha das agrupaci\u00f3ns m\u00e1is grandes e hist\u00f3ricas de Galicia, baixo ceos despexados e cheos dun azul profundo.<\/p>\n<hr \/>\n<p class=\"p1\"><strong>Pedidos<\/strong><\/p>\n<p class=\"p1\">1. Selecciona o tama\u00f1o desexado.<\/p>\n<p class=\"p1\">2. Revisa os detalles dos soportes ( L\u00e1mina, Lenzo o Metacrilato ) &gt;&gt;\u00a0\u00a0<span style=\"color: #33cccc;\"><a style=\"color: #33cccc;\" href=\"http:\/\/www.imaxesdaterra.com\/gal\/soportes\/\" target=\"_blank\" rel=\"noopener noreferrer\"><span class=\"s1\">VER SOPORTES<\/span><\/a><\/span><\/p>\n<p class=\"p1\">3. Selecciona o soporte que m\u00e1is che guste.<\/p>\n<p class=\"p1\">4. Selecciona a cantidade.<\/p>\n<p class=\"p1\">5. Engadir ao carri\u00f1o.<\/p>\n<p class=\"p1\"><strong>Transporte<\/strong><\/p>\n<p class=\"p1\">Revisa os detalles de transporte e impostos. &gt;&gt;\u00a0<span style=\"color: #33cccc;\"><a style=\"color: #33cccc;\" href=\"http:\/\/www.imaxesdaterra.com\/gal\/transporte\/\" target=\"_blank\" rel=\"noopener noreferrer\"><span class=\"s1\">VER TRANSPORTE<\/span><\/a><\/span><\/p>\n","protected":false},"excerpt":{"rendered":"<p>Eira da Ermida, un lugar sen igual. H\u00f3rreos en p\u00e9 que dan a benvida ao sol e que conservan no seu interior aroma de historias, de pasado. Xoias de Cerdedo cegadoras no ver\u00e1n. H\u00f3rreos de outrora, de Galicia que conservan tradici\u00f3ns.\u00a0 Seguen en p\u00e9 contando unha historia, sobre verdes pastos quentes polo sol. Unha vista [&hellip;]<\/p>\n","protected":false},"featured_media":4164,"comment_status":"closed","ping_status":"closed","template":"","meta":{"jetpack_post_was_ever_published":false,"jetpack_publicize_message":"","jetpack_is_tweetstorm":false,"jetpack_publicize_feature_enabled":true,"jetpack_social_post_already_shared":true,"jetpack_social_options":{"image_generator_settings":{"template":"highway","enabled":false}}},"product_cat":[146],"product_tag":[128,156],"jetpack_publicize_connections":[],"jetpack_sharing_enabled":true,"_links":{"self":[{"href":"https:\/\/www.imaxesdaterra.com\/gl\/wp-json\/wp\/v2\/product\/6065"}],"collection":[{"href":"https:\/\/www.imaxesdaterra.com\/gl\/wp-json\/wp\/v2\/product"}],"about":[{"href":"https:\/\/www.imaxesdaterra.com\/gl\/wp-json\/wp\/v2\/types\/product"}],"replies":[{"embeddable":true,"href":"https:\/\/www.imaxesdaterra.com\/gl\/wp-json\/wp\/v2\/comments?post=6065"}],"wp:featuredmedia":[{"embeddable":true,"href":"https:\/\/www.imaxesdaterra.com\/gl\/wp-json\/wp\/v2\/media\/4164"}],"wp:attachment":[{"href":"https:\/\/www.imaxesdaterra.com\/gl\/wp-json\/wp\/v2\/media?parent=6065"}],"wp:term":[{"taxonomy":"product_cat","embeddable":true,"href":"https:\/\/www.imaxesdaterra.com\/gl\/wp-json\/wp\/v2\/product_cat?post=6065"},{"taxonomy":"product_tag","embeddable":true,"href":"https:\/\/www.imaxesdaterra.com\/gl\/wp-json\/wp\/v2\/product_tag?post=6065"}],"curies":[{"name":"wp","href":"https:\/\/api.w.org\/{rel}","templated":true}]}}