{"id":6052,"date":"2017-11-13T17:34:10","date_gmt":"2017-11-13T17:34:10","guid":{"rendered":"https:\/\/www.imaxesdaterra.com\/tienda\/horreos-eira-da-hermida-cerdedo\/"},"modified":"2019-10-05T10:01:06","modified_gmt":"2019-10-05T10:01:06","slug":"horreos-eira-da-ermida-filgueira-cerdedo","status":"publish","type":"product","link":"https:\/\/www.imaxesdaterra.com\/gl\/tenda\/horreos-eira-da-ermida-filgueira-cerdedo\/","title":{"rendered":"H\u00f3rreos Eira da Ermida en Filgueira Cerdedo"},"content":{"rendered":"<p>De fronte, ao fondo e desde calquera plano, un h\u00f3rreo elevado en busca do sol. Calor de ver\u00e1n, ceo despexado e a luz que se reflicte nos teitos dos h\u00f3rreos. Sobre a tranquila herba de Pontevedra e entre a aldea de Filgueira, at\u00f3panse solitarios esperando monumentos que enchen de paz e de historias do pasado. C\u00f3mplices da natureza galega.<\/p>\n<p>Imaxe do primeiro plano dun dos h\u00f3rreos m\u00e1is conservados de Galicia, rodeado por un total de 21 construci\u00f3ns de \u201c Eira da Ermida\u201d. Situada en Pontevedra, a aldea Filgueira en Cerdedo \u00e9 sede desta agrupaci\u00f3n hist\u00f3rica que nos remonta ao pasado.<\/p>\n<hr \/>\n<p class=\"p1\"><strong>Pedidos<\/strong><\/p>\n<p class=\"p1\">1. Selecciona o tama\u00f1o desexado.<\/p>\n<p class=\"p1\">2. Revisa os detalles dos soportes ( L\u00e1mina, Lenzo o Metacrilato ) &gt;&gt;\u00a0\u00a0<span style=\"color: #33cccc;\"><a style=\"color: #33cccc;\" href=\"http:\/\/www.imaxesdaterra.com\/gal\/soportes\/\" target=\"_blank\" rel=\"noopener noreferrer\"><span class=\"s1\">VER SOPORTES<\/span><\/a><\/span><\/p>\n<p class=\"p1\">3. Selecciona o soporte que m\u00e1is che guste.<\/p>\n<p class=\"p1\">4. Selecciona a cantidade.<\/p>\n<p class=\"p1\">5. Engadir ao carri\u00f1o.<\/p>\n<p class=\"p1\"><strong>Transporte<\/strong><\/p>\n<p class=\"p1\">Revisa os detalles de transporte e impostos. &gt;&gt;\u00a0<span style=\"color: #33cccc;\"><a style=\"color: #33cccc;\" href=\"http:\/\/www.imaxesdaterra.com\/gal\/transporte\/\" target=\"_blank\" rel=\"noopener noreferrer\"><span class=\"s1\">VER TRANSPORTE<\/span><\/a><\/span><\/p>\n","protected":false},"excerpt":{"rendered":"<p>De fronte, ao fondo e desde calquera plano, un h\u00f3rreo elevado en busca do sol. Calor de ver\u00e1n, ceo despexado e a luz que se reflicte nos teitos dos h\u00f3rreos. Sobre a tranquila herba de Pontevedra e entre a aldea de Filgueira, at\u00f3panse solitarios esperando monumentos que enchen de paz e de historias do pasado. [&hellip;]<\/p>\n","protected":false},"featured_media":4181,"comment_status":"closed","ping_status":"closed","template":"","meta":{"jetpack_post_was_ever_published":false,"jetpack_publicize_message":"","jetpack_is_tweetstorm":false,"jetpack_publicize_feature_enabled":true,"jetpack_social_post_already_shared":true,"jetpack_social_options":{"image_generator_settings":{"template":"highway","enabled":false}}},"product_cat":[146,147],"product_tag":[128,156],"jetpack_publicize_connections":[],"jetpack_sharing_enabled":true,"_links":{"self":[{"href":"https:\/\/www.imaxesdaterra.com\/gl\/wp-json\/wp\/v2\/product\/6052"}],"collection":[{"href":"https:\/\/www.imaxesdaterra.com\/gl\/wp-json\/wp\/v2\/product"}],"about":[{"href":"https:\/\/www.imaxesdaterra.com\/gl\/wp-json\/wp\/v2\/types\/product"}],"replies":[{"embeddable":true,"href":"https:\/\/www.imaxesdaterra.com\/gl\/wp-json\/wp\/v2\/comments?post=6052"}],"wp:featuredmedia":[{"embeddable":true,"href":"https:\/\/www.imaxesdaterra.com\/gl\/wp-json\/wp\/v2\/media\/4181"}],"wp:attachment":[{"href":"https:\/\/www.imaxesdaterra.com\/gl\/wp-json\/wp\/v2\/media?parent=6052"}],"wp:term":[{"taxonomy":"product_cat","embeddable":true,"href":"https:\/\/www.imaxesdaterra.com\/gl\/wp-json\/wp\/v2\/product_cat?post=6052"},{"taxonomy":"product_tag","embeddable":true,"href":"https:\/\/www.imaxesdaterra.com\/gl\/wp-json\/wp\/v2\/product_tag?post=6052"}],"curies":[{"name":"wp","href":"https:\/\/api.w.org\/{rel}","templated":true}]}}