{"id":6000,"date":"2017-11-13T18:02:07","date_gmt":"2017-11-13T18:02:07","guid":{"rendered":"https:\/\/www.imaxesdaterra.com\/tienda\/ourense-pop\/"},"modified":"2019-10-06T16:55:36","modified_gmt":"2019-10-06T16:55:36","slug":"ourense-pop","status":"publish","type":"product","link":"https:\/\/www.imaxesdaterra.com\/gl\/tenda\/ourense-pop\/","title":{"rendered":"Ourense pop"},"content":{"rendered":"<p>O coraz\u00f3n de Ourense \u00e9 a s\u00faa Praza Maior. Un lugar cheo de formas irregulares baixo un ceo aberto delimitado por unha fermosa arquitectura. De lonxe g\u00f3zase dunha tarde tranquila nos caf\u00e9s ao descuberto. Por encima, unha coroa de nubes que realiza figuras no ceo. A creatividade apr\u00f3piase desta fermosa composici\u00f3n que mostra a Praza Maior como nunca antes.<\/p>\n<p>Composici\u00f3n creativa da Praza Maior de Ourense. O lugar de encontro m\u00e1is co\u00f1ecido da cidade, que conta con fermosas construci\u00f3ns aos seus arredores e un ceo que recibe a todos cos brazos abertos. Esta imaxe re\u00fane todos e cada un dos recunchos da praza, pero dunha forma moi orixinal, chea de creatividade e que convida a descubrir o que este lugar ten para mostrar.<\/p>\n<hr \/>\n<p class=\"p1\"><strong>Pedidos<\/strong><\/p>\n<p class=\"p1\">1. Selecciona o tama\u00f1o desexado.<\/p>\n<p class=\"p1\">2. Revisa os detalles dos soportes ( L\u00e1mina, Lenzo o Metacrilato ) >>\u00a0\u00a0<span style=\"color: #33cccc;\"><a style=\"color: #33cccc;\" href=\"http:\/\/www.imaxesdaterra.com\/gal\/soportes\/\" target=\"_blank\" rel=\"noopener noreferrer\"><span class=\"s1\">VER SOPORTES<\/span><\/a><\/span><\/p>\n<p class=\"p1\">3. Selecciona o soporte que m\u00e1is che guste.<\/p>\n<p class=\"p1\">4. Selecciona a cantidade.<\/p>\n<p class=\"p1\">5. Engadir ao carri\u00f1o.<\/p>\n<p class=\"p1\"><strong>Transporte<\/strong><\/p>\n<p class=\"p1\">Revisa os detalles de transporte e impostos. >><span style=\"color: #33cccc;\">\u00a0<a style=\"color: #33cccc;\" href=\"http:\/\/www.imaxesdaterra.com\/gal\/transporte\/\" target=\"_blank\" rel=\"noopener noreferrer\"><span class=\"s1\">VER TRANSPORTE<\/span><\/a><\/span><\/p>\n","protected":false},"excerpt":{"rendered":"<p>O coraz\u00f3n de Ourense \u00e9 a s\u00faa Praza Maior. Un lugar cheo de formas irregulares baixo un ceo aberto delimitado por unha fermosa arquitectura. De lonxe g\u00f3zase dunha tarde tranquila nos caf\u00e9s ao descuberto. Por encima, unha coroa de nubes que realiza figuras no ceo. A creatividade apr\u00f3piase desta fermosa composici\u00f3n que mostra a Praza [&hellip;]<\/p>\n","protected":false},"featured_media":4352,"comment_status":"closed","ping_status":"closed","template":"","meta":{"jetpack_post_was_ever_published":false,"jetpack_publicize_message":"","jetpack_is_tweetstorm":false,"jetpack_publicize_feature_enabled":true,"jetpack_social_post_already_shared":true,"jetpack_social_options":{"image_generator_settings":{"template":"highway","enabled":false}}},"product_cat":[146,147],"product_tag":[128,155],"jetpack_publicize_connections":[],"jetpack_sharing_enabled":true,"_links":{"self":[{"href":"https:\/\/www.imaxesdaterra.com\/gl\/wp-json\/wp\/v2\/product\/6000"}],"collection":[{"href":"https:\/\/www.imaxesdaterra.com\/gl\/wp-json\/wp\/v2\/product"}],"about":[{"href":"https:\/\/www.imaxesdaterra.com\/gl\/wp-json\/wp\/v2\/types\/product"}],"replies":[{"embeddable":true,"href":"https:\/\/www.imaxesdaterra.com\/gl\/wp-json\/wp\/v2\/comments?post=6000"}],"wp:featuredmedia":[{"embeddable":true,"href":"https:\/\/www.imaxesdaterra.com\/gl\/wp-json\/wp\/v2\/media\/4352"}],"wp:attachment":[{"href":"https:\/\/www.imaxesdaterra.com\/gl\/wp-json\/wp\/v2\/media?parent=6000"}],"wp:term":[{"taxonomy":"product_cat","embeddable":true,"href":"https:\/\/www.imaxesdaterra.com\/gl\/wp-json\/wp\/v2\/product_cat?post=6000"},{"taxonomy":"product_tag","embeddable":true,"href":"https:\/\/www.imaxesdaterra.com\/gl\/wp-json\/wp\/v2\/product_tag?post=6000"}],"curies":[{"name":"wp","href":"https:\/\/api.w.org\/{rel}","templated":true}]}}