{"id":5987,"date":"2017-11-13T18:13:06","date_gmt":"2017-11-13T18:13:06","guid":{"rendered":"https:\/\/www.imaxesdaterra.com\/tienda\/laxe-das-rodas\/"},"modified":"2019-10-06T16:57:00","modified_gmt":"2019-10-06T16:57:00","slug":"laxe-das-rodas","status":"publish","type":"product","link":"https:\/\/www.imaxesdaterra.com\/gl\/tenda\/laxe-das-rodas\/","title":{"rendered":"Laxe das Rodas en Ribeira"},"content":{"rendered":"<p>Petr\u00f3glifos de Laxe d\u00e1s Rodas. S\u00edmbolos que levan dentro unha gran historia. A pedra que convida a acari\u00f1ar a s\u00faa superficie, fr\u00eda como a noite, pero enche de recordos. Trazos sobre a roca de culto ao sol, que talvez a marcan o tempo como un calendario. Paisaxe misteriosa do pasado que esperta a alma e a curiosidade.<\/p>\n<p>Toma en branco e negro do Petr\u00f3glifo de Laxe d\u00e1s Rodas. Plano completo dos seus centos de buracos e cami\u00f1os entre as rocas, este tallado na pedra est\u00e1 situado en Ribeira, A Coru\u00f1a e \u00e9 un dos petr\u00f3glifos m\u00e1is visitados por viaxeiros de todo o mundo.<\/p>\n<hr \/>\n<p class=\"p1\"><strong>Pedidos<\/strong><\/p>\n<p class=\"p1\">1. Selecciona o tama\u00f1o desexado.<\/p>\n<p class=\"p1\">2. Revisa os detalles dos soportes ( L\u00e1mina, Lenzo o Metacrilato ) >>\u00a0\u00a0<span style=\"color: #33cccc;\"><a style=\"color: #33cccc;\" href=\"http:\/\/www.imaxesdaterra.com\/gal\/soportes\/\" target=\"_blank\" rel=\"noopener noreferrer\"><span class=\"s1\">VER SOPORTES<\/span><\/a><\/span><\/p>\n<p class=\"p1\">3. Selecciona o soporte que m\u00e1is che guste.<\/p>\n<p class=\"p1\">4. Selecciona a cantidade.<\/p>\n<p class=\"p1\">5. Engadir ao carri\u00f1o.<\/p>\n<p class=\"p1\"><strong>Transporte<\/strong><\/p>\n<p class=\"p1\">Revisa os detalles de transporte e impostos. >>\u00a0<span style=\"color: #33cccc;\"><a style=\"color: #33cccc;\" href=\"http:\/\/www.imaxesdaterra.com\/gal\/transporte\/\" target=\"_blank\" rel=\"noopener noreferrer\"><span class=\"s1\">VER TRANSPORTE<\/span><\/a><\/span><\/p>\n","protected":false},"excerpt":{"rendered":"<p>Petr\u00f3glifos de Laxe d\u00e1s Rodas. S\u00edmbolos que levan dentro unha gran historia. A pedra que convida a acari\u00f1ar a s\u00faa superficie, fr\u00eda como a noite, pero enche de recordos. Trazos sobre a roca de culto ao sol, que talvez a marcan o tempo como un calendario. Paisaxe misteriosa do pasado que esperta a alma e [&hellip;]<\/p>\n","protected":false},"featured_media":4185,"comment_status":"closed","ping_status":"closed","template":"","meta":{"jetpack_post_was_ever_published":false,"jetpack_publicize_message":"","jetpack_is_tweetstorm":false,"jetpack_publicize_feature_enabled":true,"jetpack_social_post_already_shared":true,"jetpack_social_options":{"image_generator_settings":{"template":"highway","enabled":false}}},"product_cat":[147,149],"product_tag":[153,128],"jetpack_publicize_connections":[],"jetpack_sharing_enabled":true,"_links":{"self":[{"href":"https:\/\/www.imaxesdaterra.com\/gl\/wp-json\/wp\/v2\/product\/5987"}],"collection":[{"href":"https:\/\/www.imaxesdaterra.com\/gl\/wp-json\/wp\/v2\/product"}],"about":[{"href":"https:\/\/www.imaxesdaterra.com\/gl\/wp-json\/wp\/v2\/types\/product"}],"replies":[{"embeddable":true,"href":"https:\/\/www.imaxesdaterra.com\/gl\/wp-json\/wp\/v2\/comments?post=5987"}],"wp:featuredmedia":[{"embeddable":true,"href":"https:\/\/www.imaxesdaterra.com\/gl\/wp-json\/wp\/v2\/media\/4185"}],"wp:attachment":[{"href":"https:\/\/www.imaxesdaterra.com\/gl\/wp-json\/wp\/v2\/media?parent=5987"}],"wp:term":[{"taxonomy":"product_cat","embeddable":true,"href":"https:\/\/www.imaxesdaterra.com\/gl\/wp-json\/wp\/v2\/product_cat?post=5987"},{"taxonomy":"product_tag","embeddable":true,"href":"https:\/\/www.imaxesdaterra.com\/gl\/wp-json\/wp\/v2\/product_tag?post=5987"}],"curies":[{"name":"wp","href":"https:\/\/api.w.org\/{rel}","templated":true}]}}