{"id":5948,"date":"2017-11-16T13:57:56","date_gmt":"2017-11-16T13:57:56","guid":{"rendered":"https:\/\/www.imaxesdaterra.com\/tienda\/ara-solis-sisargas\/"},"modified":"2019-10-07T13:17:36","modified_gmt":"2019-10-07T13:17:36","slug":"ara-solis-sisargas","status":"publish","type":"product","link":"https:\/\/www.imaxesdaterra.com\/gl\/tenda\/ara-solis-sisargas\/","title":{"rendered":"Ara Solis Sisargas"},"content":{"rendered":"<p>Outra posta de sol na Praia de Razo. O sol oculto entre as nubes transforma a s\u00faa suave superficie nunha cama de tonalidades tostadas que m\u00e1is ben parece o reflexo do mar. Unha imaxe na cal as cores se fan protagonistas do atardecer, tomando o mar como infinito reflexo e facendo danzar a nosa imaxinaci\u00f3n co vaiv\u00e9n das ondas. Un incrible acto da natureza que nos rouba o alento.<\/p>\n<p>Cada posta de sol en Galicia \u00e9 diferente e magn\u00edfica. Esta \u00a0fotograf\u00eda desde a beira da Praia Razo m\u00f3stranos como o sol se vai ocultando lentamente entre as Illas Isargas situadas no horizonte regal\u00e1ndonos un verdadeiro espect\u00e1culo de cores que tinguen as nubes e o mar, mentres as ondas ach\u00e9ganse \u00e1 beira unha tras outra.<\/p>\n<hr \/>\n<p class=\"p1\"><strong>Pedidos<\/strong><\/p>\n<p class=\"p1\">1. Selecciona o tama\u00f1o desexado.<\/p>\n<p class=\"p1\">2. Revisa os detalles dos soportes ( L\u00e1mina, Lenzo o Metacrilato ) &gt;&gt;\u00a0\u00a0<span style=\"color: #33cccc;\"><a style=\"color: #33cccc;\" href=\"http:\/\/www.imaxesdaterra.com\/gal\/soportes\/\" target=\"_blank\" rel=\"noopener noreferrer\"><span class=\"s1\">VER SOPORTES<\/span><\/a><\/span><\/p>\n<p class=\"p1\">3. Selecciona o soporte que m\u00e1is che guste.<\/p>\n<p class=\"p1\">4. Selecciona a cantidade.<\/p>\n<p class=\"p1\">5. Engadir ao carri\u00f1o.<\/p>\n<p class=\"p1\"><strong>Transporte<\/strong><\/p>\n<p class=\"p1\">Revisa os detalles de transporte e impostos. &gt;&gt;\u00a0<span style=\"color: #33cccc;\"><a style=\"color: #33cccc;\" href=\"http:\/\/www.imaxesdaterra.com\/gal\/transporte\/\" target=\"_blank\" rel=\"noopener noreferrer\"><span class=\"s1\">VER TRANSPORTE<\/span><\/a><\/span><\/p>\n","protected":false},"excerpt":{"rendered":"<p>Outra posta de sol na Praia de Razo. O sol oculto entre as nubes transforma a s\u00faa suave superficie nunha cama de tonalidades tostadas que m\u00e1is ben parece o reflexo do mar. Unha imaxe na cal as cores se fan protagonistas do atardecer, tomando o mar como infinito reflexo e facendo danzar a nosa imaxinaci\u00f3n [&hellip;]<\/p>\n","protected":false},"featured_media":4301,"comment_status":"closed","ping_status":"closed","template":"","meta":{"jetpack_post_was_ever_published":false,"jetpack_publicize_message":"","jetpack_is_tweetstorm":false,"jetpack_publicize_feature_enabled":true,"jetpack_social_post_already_shared":true,"jetpack_social_options":{"image_generator_settings":{"template":"highway","enabled":false}}},"product_cat":[137,139,140],"product_tag":[128,157],"jetpack_publicize_connections":[],"jetpack_sharing_enabled":true,"_links":{"self":[{"href":"https:\/\/www.imaxesdaterra.com\/gl\/wp-json\/wp\/v2\/product\/5948"}],"collection":[{"href":"https:\/\/www.imaxesdaterra.com\/gl\/wp-json\/wp\/v2\/product"}],"about":[{"href":"https:\/\/www.imaxesdaterra.com\/gl\/wp-json\/wp\/v2\/types\/product"}],"replies":[{"embeddable":true,"href":"https:\/\/www.imaxesdaterra.com\/gl\/wp-json\/wp\/v2\/comments?post=5948"}],"wp:featuredmedia":[{"embeddable":true,"href":"https:\/\/www.imaxesdaterra.com\/gl\/wp-json\/wp\/v2\/media\/4301"}],"wp:attachment":[{"href":"https:\/\/www.imaxesdaterra.com\/gl\/wp-json\/wp\/v2\/media?parent=5948"}],"wp:term":[{"taxonomy":"product_cat","embeddable":true,"href":"https:\/\/www.imaxesdaterra.com\/gl\/wp-json\/wp\/v2\/product_cat?post=5948"},{"taxonomy":"product_tag","embeddable":true,"href":"https:\/\/www.imaxesdaterra.com\/gl\/wp-json\/wp\/v2\/product_tag?post=5948"}],"curies":[{"name":"wp","href":"https:\/\/api.w.org\/{rel}","templated":true}]}}