{"id":5935,"date":"2017-11-16T14:04:17","date_gmt":"2017-11-16T14:04:17","guid":{"rendered":"https:\/\/www.imaxesdaterra.com\/tienda\/ara-solis-cabo-home\/"},"modified":"2021-02-05T17:19:24","modified_gmt":"2021-02-05T17:19:24","slug":"ara-solis-cabo-home","status":"publish","type":"product","link":"https:\/\/www.imaxesdaterra.com\/gl\/tenda\/ara-solis-cabo-home\/","title":{"rendered":"Ara Solis Cabo Home"},"content":{"rendered":"<p>Ponse o sol en Galicia e Cabo Home alberga no seu interior un dos lugares m\u00e1is m\u00e1xicos para observar o atardecer no seu m\u00e1ximo esplendor.\u00a0 Xa as augas recollen a \u00faltima calidez do d\u00eda para penetrarse na noite, e no seu \u00faltimo vestixio reg\u00e1lanos un perfil a contraluz do Cabo Home na Costa D\u00e1 #Ver que esperta emoci\u00f3ns e conv\u00eddanos a co\u00f1ecer a natureza galega en primeiro plano.<\/p>\n<p>Posta de sol en Cabo Home. Unha imaxe que re\u00fane \u00e1 perfecci\u00f3n todos os elementos dun m\u00e1xico atardecer. Arriba o sol que se vai despedindo reflicte os seus \u00faltimos raios sobre a auga do mar tranquilo. No horizonte abr\u00e1zanse o ceo e o mar nunha densa bruma, e en primeiro plano o perfil rochoso alberga tres figuras que observan o atardecer.<\/p>\n<hr \/>\n<p class=\"p1\"><strong>Pedidos<\/strong><\/p>\n<p class=\"p1\">1. Selecciona o tama\u00f1o desexado.<\/p>\n<p class=\"p1\">2. Revisa os detalles dos soportes &gt;&gt;\u00a0 <a href=\"https:\/\/www.imaxesdaterra.com\/gal\/soportes\/\" target=\"_blank\" rel=\"noopener noreferrer\"><span class=\"s1\"><span style=\"color: #33cccc;\">VER SOPORTES<\/span><\/span><\/a><\/p>\n<p class=\"p1\">3. Selecciona o soporte que m\u00e1is che guste.<\/p>\n<p class=\"p1\">4. Selecciona a cantidade.<\/p>\n<p class=\"p1\">5. Engadir ao carri\u00f1o.<\/p>\n<p class=\"p1\"><strong>Transporte<\/strong><\/p>\n<p class=\"p1\">Revisa os detalles de transporte e impostos. &gt;&gt;\u00a0<span style=\"color: #33cccc;\"><a style=\"color: #33cccc;\" href=\"https:\/\/www.imaxesdaterra.com\/gal\/transporte\/\" target=\"_blank\" rel=\"noopener noreferrer\"><span class=\"s1\">VER TRANSPORTE<\/span><\/a><\/span><\/p>\n","protected":false},"excerpt":{"rendered":"<p>Ponse o sol en Galicia e Cabo Home alberga no seu interior un dos lugares m\u00e1is m\u00e1xicos para observar o atardecer no seu m\u00e1ximo esplendor.\u00a0 Xa as augas recollen a \u00faltima calidez do d\u00eda para penetrarse na noite, e no seu \u00faltimo vestixio reg\u00e1lanos un perfil a contraluz do Cabo Home na Costa D\u00e1 #Ver [&hellip;]<\/p>\n","protected":false},"featured_media":12332,"comment_status":"closed","ping_status":"closed","template":"","meta":{"jetpack_post_was_ever_published":false,"jetpack_publicize_message":"","jetpack_is_tweetstorm":false,"jetpack_publicize_feature_enabled":true,"jetpack_social_post_already_shared":true,"jetpack_social_options":{"image_generator_settings":{"template":"highway","enabled":false}}},"product_cat":[137,139,140],"product_tag":[128,156,157],"jetpack_publicize_connections":[],"jetpack_sharing_enabled":true,"_links":{"self":[{"href":"https:\/\/www.imaxesdaterra.com\/gl\/wp-json\/wp\/v2\/product\/5935"}],"collection":[{"href":"https:\/\/www.imaxesdaterra.com\/gl\/wp-json\/wp\/v2\/product"}],"about":[{"href":"https:\/\/www.imaxesdaterra.com\/gl\/wp-json\/wp\/v2\/types\/product"}],"replies":[{"embeddable":true,"href":"https:\/\/www.imaxesdaterra.com\/gl\/wp-json\/wp\/v2\/comments?post=5935"}],"wp:featuredmedia":[{"embeddable":true,"href":"https:\/\/www.imaxesdaterra.com\/gl\/wp-json\/wp\/v2\/media\/12332"}],"wp:attachment":[{"href":"https:\/\/www.imaxesdaterra.com\/gl\/wp-json\/wp\/v2\/media?parent=5935"}],"wp:term":[{"taxonomy":"product_cat","embeddable":true,"href":"https:\/\/www.imaxesdaterra.com\/gl\/wp-json\/wp\/v2\/product_cat?post=5935"},{"taxonomy":"product_tag","embeddable":true,"href":"https:\/\/www.imaxesdaterra.com\/gl\/wp-json\/wp\/v2\/product_tag?post=5935"}],"curies":[{"name":"wp","href":"https:\/\/api.w.org\/{rel}","templated":true}]}}