{"id":5922,"date":"2017-11-16T14:06:25","date_gmt":"2017-11-16T14:06:25","guid":{"rendered":"https:\/\/www.imaxesdaterra.com\/tienda\/amencer-torre-de-hercules-na-coruna\/"},"modified":"2021-01-25T16:09:44","modified_gmt":"2021-01-25T16:09:44","slug":"amencer-torre-de-hercules-na-coruna","status":"publish","type":"product","link":"https:\/\/www.imaxesdaterra.com\/gl\/tenda\/amencer-torre-de-hercules-na-coruna\/","title":{"rendered":"Amencer Torre de H\u00e9rcules na Coru\u00f1a"},"content":{"rendered":"<p>A Torre de H\u00e9rcules esperta coa luz do sol mir\u00e1ndolle de fronte e ofr\u00e9cenos un marabilloso escenario a contraluz que esperta a alma. Os primeiros raios do c\u00e1lido astro iluminan todo o que tocan, marcando un claro perfil no horizonte e facendo que se arremolinen os sentimentos.<\/p>\n<p>Imaxe en formato 4:3 horizontal dun m\u00e1xico amencer en Galicia. Sorprendeume a chegada do d\u00eda nesta fotograf\u00eda impactante, unha das mi\u00f1as favoritas tomada nun dos Faros galegos m\u00e1is fermosos de todos. Un amencer a contraluz que nos regala a imaxe do sol nacente, o horizonte eterno, un xogo de suaves nubes e as tranquilas augas do mar recibindo os primeiros raios do sol. Dispo\u00f1ible en varios formatos.<\/p>\n<hr \/>\n<p class=\"p1\"><strong>Pedidos<\/strong><\/p>\n<p class=\"p1\">1. Selecciona o tama\u00f1o desexado.<\/p>\n<p class=\"p1\">2. Revisa os detalles dos soportes >>\u00a0<span style=\"color: #33cccc;\">\u00a0<a style=\"color: #33cccc;\" href=\"https:\/\/www.imaxesdaterra.com\/gal\/soportes\/\" target=\"_blank\" rel=\"noopener noreferrer\"><span class=\"s1\">VER SOPORTES<\/span><\/a><\/span><\/p>\n<p class=\"p1\">3. Selecciona o soporte que m\u00e1is che guste.<\/p>\n<p class=\"p1\">4. Selecciona a cantidade.<\/p>\n<p class=\"p1\">5. Engadir ao carri\u00f1o.<\/p>\n<p class=\"p1\"><strong>Transporte<\/strong><\/p>\n<p class=\"p1\">Revisa os detalles de transporte e impostos. >>\u00a0<span style=\"color: #33cccc;\"><a style=\"color: #33cccc;\" href=\"https:\/\/www.imaxesdaterra.com\/gal\/transporte\/\" target=\"_blank\" rel=\"noopener noreferrer\"><span class=\"s1\">VER TRANSPORTE<\/span><\/a><\/span><\/p>\n","protected":false},"excerpt":{"rendered":"<p>A Torre de H\u00e9rcules esperta coa luz do sol mir\u00e1ndolle de fronte e ofr\u00e9cenos un marabilloso escenario a contraluz que esperta a alma. Os primeiros raios do c\u00e1lido astro iluminan todo o que tocan, marcando un claro perfil no horizonte e facendo que se arremolinen os sentimentos. Imaxe en formato 4:3 horizontal dun m\u00e1xico amencer [&hellip;]<\/p>\n","protected":false},"featured_media":8335,"comment_status":"closed","ping_status":"closed","template":"","meta":{"jetpack_post_was_ever_published":false,"jetpack_publicize_message":"","jetpack_is_tweetstorm":false,"jetpack_publicize_feature_enabled":true,"jetpack_social_post_already_shared":true,"jetpack_social_options":{"image_generator_settings":{"template":"highway","enabled":false}}},"product_cat":[137,138],"product_tag":[127,128],"jetpack_publicize_connections":[],"jetpack_sharing_enabled":true,"_links":{"self":[{"href":"https:\/\/www.imaxesdaterra.com\/gl\/wp-json\/wp\/v2\/product\/5922"}],"collection":[{"href":"https:\/\/www.imaxesdaterra.com\/gl\/wp-json\/wp\/v2\/product"}],"about":[{"href":"https:\/\/www.imaxesdaterra.com\/gl\/wp-json\/wp\/v2\/types\/product"}],"replies":[{"embeddable":true,"href":"https:\/\/www.imaxesdaterra.com\/gl\/wp-json\/wp\/v2\/comments?post=5922"}],"wp:featuredmedia":[{"embeddable":true,"href":"https:\/\/www.imaxesdaterra.com\/gl\/wp-json\/wp\/v2\/media\/8335"}],"wp:attachment":[{"href":"https:\/\/www.imaxesdaterra.com\/gl\/wp-json\/wp\/v2\/media?parent=5922"}],"wp:term":[{"taxonomy":"product_cat","embeddable":true,"href":"https:\/\/www.imaxesdaterra.com\/gl\/wp-json\/wp\/v2\/product_cat?post=5922"},{"taxonomy":"product_tag","embeddable":true,"href":"https:\/\/www.imaxesdaterra.com\/gl\/wp-json\/wp\/v2\/product_tag?post=5922"}],"curies":[{"name":"wp","href":"https:\/\/api.w.org\/{rel}","templated":true}]}}