{"id":5909,"date":"2017-11-16T14:08:42","date_gmt":"2017-11-16T14:08:42","guid":{"rendered":"https:\/\/www.imaxesdaterra.com\/tienda\/ara-solis-praia-razo\/"},"modified":"2020-12-15T17:18:22","modified_gmt":"2020-12-15T17:18:22","slug":"ara-solis-praia-razo","status":"publish","type":"product","link":"https:\/\/www.imaxesdaterra.com\/gl\/tenda\/ara-solis-praia-razo\/","title":{"rendered":"Ara Solis Praia Razo"},"content":{"rendered":"<p>O ceo t\u00ednguese de cores de lonxe sobre as Illas Isargas. Mar en calma que espera a noite e que se despide dos \u00faltimos raios c\u00e1lidos do sol. Unha posta de sol vista desde a Praia de Razo. As ondas ba\u00f1an suavemente a beira e tr\u00e1ennos recordos do suave canto do mar que limpa as areas. Unha costa en calma que nos conmove e conv\u00eddanos a descansar gozando da suave brisa. As postas de sol en Galicia son sempre un espect\u00e1culo diferente. Esta fotograf\u00eda captura un deses momentos cheo de calma, mentres que o sol oc\u00faltase de lonxe entre as Illas Isargas e o mar. A praia de Razo \u00e9 escenario deste magn\u00edfico atardecer.<\/p>\n<hr \/>\n<p class=\"p1\"><strong>Pedidos<\/strong><\/p>\n<p class=\"p1\">1. Selecciona o tama\u00f1o desexado.<\/p>\n<p class=\"p1\">2. Revisa os detalles dos soportes ( L\u00e1mina, KapaMount, Lenzo\u00a0ou Metacrilato ) &gt;&gt;\u00a0\u00a0<span style=\"color: #33cccc;\"><a style=\"color: #33cccc;\" href=\"https:\/\/www.imaxesdaterra.com\/gal\/soportes\/\" target=\"_blank\" rel=\"noopener noreferrer\"><span class=\"s1\">VER SOPORTES<\/span><\/a><\/span><\/p>\n<p class=\"p1\">3. Selecciona o soporte que m\u00e1is che guste.<\/p>\n<p class=\"p1\">4. Selecciona a cantidade.<\/p>\n<p class=\"p1\">5. Engadir ao carri\u00f1o.<\/p>\n<p class=\"p1\"><strong>Transporte<\/strong><\/p>\n<p class=\"p1\">Revisa os detalles de transporte e impostos. &gt;&gt;\u00a0<span style=\"color: #33cccc;\"><a style=\"color: #33cccc;\" href=\"https:\/\/www.imaxesdaterra.com\/gal\/transporte\/\" target=\"_blank\" rel=\"noopener noreferrer\"><span class=\"s1\">VER TRANSPORTE<\/span><\/a><\/span><\/p>\n","protected":false},"excerpt":{"rendered":"<p>O ceo t\u00ednguese de cores de lonxe sobre as Illas Isargas. Mar en calma que espera a noite e que se despide dos \u00faltimos raios c\u00e1lidos do sol. Unha posta de sol vista desde a Praia de Razo. As ondas ba\u00f1an suavemente a beira e tr\u00e1ennos recordos do suave canto do mar que limpa as [&hellip;]<\/p>\n","protected":false},"featured_media":8129,"comment_status":"closed","ping_status":"closed","template":"","meta":{"jetpack_post_was_ever_published":false,"jetpack_publicize_message":"","jetpack_is_tweetstorm":false,"jetpack_publicize_feature_enabled":true,"jetpack_social_post_already_shared":true,"jetpack_social_options":{"image_generator_settings":{"template":"highway","enabled":false}}},"product_cat":[137,139,140],"product_tag":[128,157],"jetpack_publicize_connections":[],"jetpack_sharing_enabled":true,"_links":{"self":[{"href":"https:\/\/www.imaxesdaterra.com\/gl\/wp-json\/wp\/v2\/product\/5909"}],"collection":[{"href":"https:\/\/www.imaxesdaterra.com\/gl\/wp-json\/wp\/v2\/product"}],"about":[{"href":"https:\/\/www.imaxesdaterra.com\/gl\/wp-json\/wp\/v2\/types\/product"}],"replies":[{"embeddable":true,"href":"https:\/\/www.imaxesdaterra.com\/gl\/wp-json\/wp\/v2\/comments?post=5909"}],"wp:featuredmedia":[{"embeddable":true,"href":"https:\/\/www.imaxesdaterra.com\/gl\/wp-json\/wp\/v2\/media\/8129"}],"wp:attachment":[{"href":"https:\/\/www.imaxesdaterra.com\/gl\/wp-json\/wp\/v2\/media?parent=5909"}],"wp:term":[{"taxonomy":"product_cat","embeddable":true,"href":"https:\/\/www.imaxesdaterra.com\/gl\/wp-json\/wp\/v2\/product_cat?post=5909"},{"taxonomy":"product_tag","embeddable":true,"href":"https:\/\/www.imaxesdaterra.com\/gl\/wp-json\/wp\/v2\/product_tag?post=5909"}],"curies":[{"name":"wp","href":"https:\/\/api.w.org\/{rel}","templated":true}]}}