{"id":5896,"date":"2017-11-16T14:24:04","date_gmt":"2017-11-16T14:24:04","guid":{"rendered":"https:\/\/www.imaxesdaterra.com\/tienda\/obradoiro-compostela\/"},"modified":"2022-03-03T17:04:59","modified_gmt":"2022-03-03T17:04:59","slug":"obradoiro-compostela","status":"publish","type":"product","link":"https:\/\/www.imaxesdaterra.com\/gl\/tenda\/obradoiro-compostela\/","title":{"rendered":"Obradoiro Compostela"},"content":{"rendered":"<p>A Praza do Obradoiro \u00e9nchese de peregrinos. D\u00edas de sol e final da xornada para aqueles que chegan finalmente \u00e1 fronte da Catedral de Santiago de Compostela. Un pequeno mundo que o ten todo m\u00e1is al\u00f3 do Cami\u00f1o de Santiago. Chans de pedra reciben mil historias, e arriba #alzar impo\u00f1ente a Catedral como medalla ba\u00f1ada polos raios do sol.<\/p>\n<p>Composici\u00f3n de pequeno planeta da Praza do Obradoiro situada en Santiago de Compostela, Galicia. Unha fotograf\u00eda chea de creatividade en 360 graos que mostra a trav\u00e9s do branco e negro unha imaxe coti\u00e1 de Santiago repleta de peregrinos e turistas atra\u00eddos por este magn\u00edfico monumento relixioso.<\/p>\n<hr \/>\n<p class=\"p1\"><strong>Pedidos<\/strong><\/p>\n<p class=\"p1\">1. Selecciona o tama\u00f1o desexado.<\/p>\n<p class=\"p1\">2. Revisa os detalles dos soportes ( L\u00e1mina, Lenzo o Metacrilato ) &gt;&gt;\u00a0\u00a0<span style=\"color: #33cccc;\"><a style=\"color: #33cccc;\" href=\"http:\/\/www.imaxesdaterra.com\/gal\/soportes\/\" target=\"_blank\" rel=\"noopener noreferrer\"><span class=\"s1\">VER SOPORTES<\/span><\/a><\/span><\/p>\n<p class=\"p1\">3. Selecciona o soporte que m\u00e1is che guste.<\/p>\n<p class=\"p1\">4. Selecciona a cantidade.<\/p>\n<p class=\"p1\">5. Engadir ao carri\u00f1o.<\/p>\n<p class=\"p1\"><strong>Transporte<\/strong><\/p>\n<p class=\"p1\">Revisa os detalles de transporte e impostos. &gt;&gt;\u00a0<span style=\"color: #33cccc;\"><a style=\"color: #33cccc;\" href=\"http:\/\/www.imaxesdaterra.com\/gal\/transporte\/\" target=\"_blank\" rel=\"noopener noreferrer\"><span class=\"s1\">VER TRANSPORTE<\/span><\/a><\/span><\/p>\n","protected":false},"excerpt":{"rendered":"<p>A Praza do Obradoiro \u00e9nchese de peregrinos. D\u00edas de sol e final da xornada para aqueles que chegan finalmente \u00e1 fronte da Catedral de Santiago de Compostela. Un pequeno mundo que o ten todo m\u00e1is al\u00f3 do Cami\u00f1o de Santiago. Chans de pedra reciben mil historias, e arriba #alzar impo\u00f1ente a Catedral como medalla ba\u00f1ada [&hellip;]<\/p>\n","protected":false},"featured_media":4365,"comment_status":"closed","ping_status":"closed","template":"","meta":{"jetpack_post_was_ever_published":false,"jetpack_publicize_message":"","jetpack_is_tweetstorm":false,"jetpack_publicize_feature_enabled":true,"jetpack_social_post_already_shared":true,"jetpack_social_options":{"image_generator_settings":{"template":"highway","enabled":false}}},"product_cat":[146,147,1306],"product_tag":[151,128],"jetpack_publicize_connections":[],"jetpack_sharing_enabled":true,"_links":{"self":[{"href":"https:\/\/www.imaxesdaterra.com\/gl\/wp-json\/wp\/v2\/product\/5896"}],"collection":[{"href":"https:\/\/www.imaxesdaterra.com\/gl\/wp-json\/wp\/v2\/product"}],"about":[{"href":"https:\/\/www.imaxesdaterra.com\/gl\/wp-json\/wp\/v2\/types\/product"}],"replies":[{"embeddable":true,"href":"https:\/\/www.imaxesdaterra.com\/gl\/wp-json\/wp\/v2\/comments?post=5896"}],"wp:featuredmedia":[{"embeddable":true,"href":"https:\/\/www.imaxesdaterra.com\/gl\/wp-json\/wp\/v2\/media\/4365"}],"wp:attachment":[{"href":"https:\/\/www.imaxesdaterra.com\/gl\/wp-json\/wp\/v2\/media?parent=5896"}],"wp:term":[{"taxonomy":"product_cat","embeddable":true,"href":"https:\/\/www.imaxesdaterra.com\/gl\/wp-json\/wp\/v2\/product_cat?post=5896"},{"taxonomy":"product_tag","embeddable":true,"href":"https:\/\/www.imaxesdaterra.com\/gl\/wp-json\/wp\/v2\/product_tag?post=5896"}],"curies":[{"name":"wp","href":"https:\/\/api.w.org\/{rel}","templated":true}]}}