{"id":5870,"date":"2017-11-16T14:34:19","date_gmt":"2017-11-16T14:34:19","guid":{"rendered":"https:\/\/www.imaxesdaterra.com\/tienda\/muralla-de-lugo\/"},"modified":"2022-03-03T17:05:15","modified_gmt":"2022-03-03T17:05:15","slug":"muralla-de-lugo","status":"publish","type":"product","link":"https:\/\/www.imaxesdaterra.com\/gl\/tenda\/muralla-de-lugo\/","title":{"rendered":"Muralla de Lugo"},"content":{"rendered":"<p>Rodeando e protexendo unha das cidades m\u00e1is hist\u00f3ricas de Galicia, at\u00f3pase sempre firme a Muralla de Lugo. Os seus muros contan a historia de conquistadores, de batallas e de guerreiros, que hoxe en d\u00eda mante\u00f1en tradici\u00f3ns e sobre todo seguen acubill\u00e1ndose baixo a forte protecci\u00f3n desta muralla.<\/p>\n<p>Composici\u00f3n creativa da Muralla de Lugo. Monumento romano que se mant\u00e9n en p\u00e9 a pesar dos anos e que capturado desde un punto de vista creativo pero sincero, m\u00f3stranos cada unha das pedras da superficie, que en conxunto evocan outros tempos e historias e que a\u00ednda que pasen os anos conservan a s\u00faa maxestosidade.<\/p>\n<hr \/>\n<p class=\"p1\"><strong>Pedidos<\/strong><\/p>\n<p class=\"p1\">1. Selecciona o tama\u00f1o desexado.<\/p>\n<p class=\"p1\">2. Revisa os detalles dos soportes ( L\u00e1mina, Lenzo o Metacrilato ) &gt;&gt;\u00a0\u00a0<span style=\"color: #33cccc;\"><a style=\"color: #33cccc;\" href=\"http:\/\/www.imaxesdaterra.com\/gal\/soportes\/\" target=\"_blank\" rel=\"noopener noreferrer\"><span class=\"s1\">VER SOPORTES<\/span><\/a><\/span><\/p>\n<p class=\"p1\">3. Selecciona o soporte que m\u00e1is che guste.<\/p>\n<p class=\"p1\">4. Selecciona a cantidade.<\/p>\n<p class=\"p1\">5. Engadir ao carri\u00f1o.<\/p>\n<p class=\"p1\"><strong>Transporte<\/strong><\/p>\n<p class=\"p1\">Revisa os detalles de transporte e impostos. &gt;&gt;\u00a0<span style=\"color: #33cccc;\"><a style=\"color: #33cccc;\" href=\"http:\/\/www.imaxesdaterra.com\/gal\/transporte\/\" target=\"_blank\" rel=\"noopener noreferrer\"><span class=\"s1\">VER TRANSPORTE<\/span><\/a><\/span><\/p>\n","protected":false},"excerpt":{"rendered":"<p>Rodeando e protexendo unha das cidades m\u00e1is hist\u00f3ricas de Galicia, at\u00f3pase sempre firme a Muralla de Lugo. Os seus muros contan a historia de conquistadores, de batallas e de guerreiros, que hoxe en d\u00eda mante\u00f1en tradici\u00f3ns e sobre todo seguen acubill\u00e1ndose baixo a forte protecci\u00f3n desta muralla. Composici\u00f3n creativa da Muralla de Lugo. Monumento romano [&hellip;]<\/p>\n","protected":false},"featured_media":4372,"comment_status":"closed","ping_status":"closed","template":"","meta":{"jetpack_post_was_ever_published":false,"jetpack_publicize_message":"","jetpack_is_tweetstorm":false,"jetpack_publicize_feature_enabled":true,"jetpack_social_post_already_shared":true,"jetpack_social_options":{"image_generator_settings":{"template":"highway","enabled":false}}},"product_cat":[146,147],"product_tag":[128,145],"jetpack_publicize_connections":[],"jetpack_sharing_enabled":true,"_links":{"self":[{"href":"https:\/\/www.imaxesdaterra.com\/gl\/wp-json\/wp\/v2\/product\/5870"}],"collection":[{"href":"https:\/\/www.imaxesdaterra.com\/gl\/wp-json\/wp\/v2\/product"}],"about":[{"href":"https:\/\/www.imaxesdaterra.com\/gl\/wp-json\/wp\/v2\/types\/product"}],"replies":[{"embeddable":true,"href":"https:\/\/www.imaxesdaterra.com\/gl\/wp-json\/wp\/v2\/comments?post=5870"}],"wp:featuredmedia":[{"embeddable":true,"href":"https:\/\/www.imaxesdaterra.com\/gl\/wp-json\/wp\/v2\/media\/4372"}],"wp:attachment":[{"href":"https:\/\/www.imaxesdaterra.com\/gl\/wp-json\/wp\/v2\/media?parent=5870"}],"wp:term":[{"taxonomy":"product_cat","embeddable":true,"href":"https:\/\/www.imaxesdaterra.com\/gl\/wp-json\/wp\/v2\/product_cat?post=5870"},{"taxonomy":"product_tag","embeddable":true,"href":"https:\/\/www.imaxesdaterra.com\/gl\/wp-json\/wp\/v2\/product_tag?post=5870"}],"curies":[{"name":"wp","href":"https:\/\/api.w.org\/{rel}","templated":true}]}}