{"id":5844,"date":"2017-11-16T14:42:37","date_gmt":"2017-11-16T14:42:37","guid":{"rendered":"https:\/\/www.imaxesdaterra.com\/tienda\/atardecer-combarro\/"},"modified":"2022-03-03T17:05:23","modified_gmt":"2022-03-03T17:05:23","slug":"atardecer-combarro","status":"publish","type":"product","link":"https:\/\/www.imaxesdaterra.com\/gl\/tenda\/atardecer-combarro\/","title":{"rendered":"Atardecer en Combarro"},"content":{"rendered":"<p>Unha terra non s\u00f3 enche de grandes catedrais, sen\u00f3n de pobos cheos de historia, Galicia. Unha costa tranquila que mira de fronte as luces dos h\u00f3rreos mari\u00f1eiros, as primeiras luces da noite, que despiden tranquilas \u00e1 tardi\u00f1a. Brisa fresca de ver\u00e1n, pintorescos lugares que realizan unha invitaci\u00f3n.<\/p>\n<p>Unha imaxe que retrata o atardecer en Combarro, un dos pobos m\u00e1is encantados de Galicia para veranear. O azul das costas reflicte as c\u00e1lidas luces dos h\u00f3rreos mari\u00f1eiros que nos dete\u00f1en no tempo e ch\u00e1mannos a percorrer os seus callejuelas empinadas, celadoras de grandes historias de todos os que chegaron a estas costas.<\/p>\n<hr \/>\n<p class=\"p1\"><strong>Pedidos<\/strong><\/p>\n<p class=\"p1\">1. Selecciona o tama\u00f1o desexado.<\/p>\n<p class=\"p1\">2. Revisa os detalles dos soportes &gt;&gt;\u00a0 <span style=\"color: #33cccc;\"><a style=\"color: #33cccc;\" href=\"https:\/\/www.imaxesdaterra.com\/gal\/soportes\/\" target=\"_blank\" rel=\"noopener noreferrer\"><span class=\"s1\">VER SOPORTES<\/span><\/a><\/span><\/p>\n<p class=\"p1\">3. Selecciona o soporte que m\u00e1is che guste.<\/p>\n<p class=\"p1\">4. Selecciona a cantidade.<\/p>\n<p class=\"p1\">5. Engadir ao carri\u00f1o.<\/p>\n<p class=\"p1\"><strong>Transporte<\/strong><\/p>\n<p class=\"p1\">Revisa os detalles de transporte e impostos. &gt;&gt;\u00a0<span style=\"color: #33cccc;\"><a style=\"color: #33cccc;\" href=\"https:\/\/www.imaxesdaterra.com\/gal\/transporte\/\" target=\"_blank\" rel=\"noopener noreferrer\"><span class=\"s1\">VER TRANSPORTE<\/span><\/a><\/span><\/p>\n","protected":false},"excerpt":{"rendered":"<p>Unha terra non s\u00f3 enche de grandes catedrais, sen\u00f3n de pobos cheos de historia, Galicia. Unha costa tranquila que mira de fronte as luces dos h\u00f3rreos mari\u00f1eiros, as primeiras luces da noite, que despiden tranquilas \u00e1 tardi\u00f1a. Brisa fresca de ver\u00e1n, pintorescos lugares que realizan unha invitaci\u00f3n. Unha imaxe que retrata o atardecer en Combarro, [&hellip;]<\/p>\n","protected":false},"featured_media":12328,"comment_status":"closed","ping_status":"closed","template":"","meta":{"jetpack_post_was_ever_published":false,"jetpack_publicize_message":"","jetpack_is_tweetstorm":false,"jetpack_publicize_feature_enabled":true,"jetpack_social_post_already_shared":true,"jetpack_social_options":{"image_generator_settings":{"template":"highway","enabled":false}}},"product_cat":[146,139,140],"product_tag":[128,156,157],"jetpack_publicize_connections":[],"jetpack_sharing_enabled":true,"_links":{"self":[{"href":"https:\/\/www.imaxesdaterra.com\/gl\/wp-json\/wp\/v2\/product\/5844"}],"collection":[{"href":"https:\/\/www.imaxesdaterra.com\/gl\/wp-json\/wp\/v2\/product"}],"about":[{"href":"https:\/\/www.imaxesdaterra.com\/gl\/wp-json\/wp\/v2\/types\/product"}],"replies":[{"embeddable":true,"href":"https:\/\/www.imaxesdaterra.com\/gl\/wp-json\/wp\/v2\/comments?post=5844"}],"wp:featuredmedia":[{"embeddable":true,"href":"https:\/\/www.imaxesdaterra.com\/gl\/wp-json\/wp\/v2\/media\/12328"}],"wp:attachment":[{"href":"https:\/\/www.imaxesdaterra.com\/gl\/wp-json\/wp\/v2\/media?parent=5844"}],"wp:term":[{"taxonomy":"product_cat","embeddable":true,"href":"https:\/\/www.imaxesdaterra.com\/gl\/wp-json\/wp\/v2\/product_cat?post=5844"},{"taxonomy":"product_tag","embeddable":true,"href":"https:\/\/www.imaxesdaterra.com\/gl\/wp-json\/wp\/v2\/product_tag?post=5844"}],"curies":[{"name":"wp","href":"https:\/\/api.w.org\/{rel}","templated":true}]}}