{"id":5831,"date":"2017-11-16T14:46:09","date_gmt":"2017-11-16T14:46:09","guid":{"rendered":"https:\/\/www.imaxesdaterra.com\/tienda\/gaiteiros-con-agarimo\/"},"modified":"2022-03-03T17:05:31","modified_gmt":"2022-03-03T17:05:31","slug":"gaiteiros-con-agarimo","status":"publish","type":"product","link":"https:\/\/www.imaxesdaterra.com\/gl\/tenda\/gaiteiros-con-agarimo\/","title":{"rendered":"Gaiteiros con Agarimo"},"content":{"rendered":"<p>Unha mirada pr\u00f3xima \u00e1 m\u00fasica. Gaitas que alegran a cidade da Coru\u00f1a baixo ceos despexados. As r\u00faas cunha visi\u00f3n panor\u00e1mica da s\u00faa xente, tradici\u00f3ns e festa. M\u00fasica na alma, nas r\u00faas e no coraz\u00f3n dos seus habitantes. M\u00fasica de gaitas cheas de tradici\u00f3ns en mans da banda Agarimo.<\/p>\n<p>A imaxe ofr\u00e9cenos unha pr\u00f3xima visi\u00f3n panor\u00e1mica dos gaiteiros Agarimo de Catabois, pousados fronte \u00e1 o Teatro Rosalia de Castro en Coru\u00f1a, mentres se fan protagonistas de unha das mellores festas de Galicia. Unha invitaci\u00f3n \u00e1 tradici\u00f3n, todo o m\u00e1is profundo das historias galegas e a mirar de preto o que deixa o paso do tempo nestas r\u00faas.<\/p>\n<hr \/>\n<p class=\"p1\"><strong>Pedidos<\/strong><\/p>\n<p class=\"p1\">1. Selecciona o tama\u00f1o desexado.<\/p>\n<p class=\"p1\">2. Revisa os detalles dos soportes ( L\u00e1mina, Lenzo o Metacrilato ) >>\u00a0\u00a0<span style=\"color: #33cccc;\"><a style=\"color: #33cccc;\" href=\"http:\/\/www.imaxesdaterra.com\/gal\/soportes\/\" target=\"_blank\" rel=\"noopener noreferrer\"><span class=\"s1\">VER SOPORTES<\/span><\/a><\/span><\/p>\n<p class=\"p1\">3. Selecciona o soporte que m\u00e1is che guste.<\/p>\n<p class=\"p1\">4. Selecciona a cantidade.<\/p>\n<p class=\"p1\">5. Engadir ao carri\u00f1o.<\/p>\n<p class=\"p1\"><strong>Transporte<\/strong><\/p>\n<p class=\"p1\">Revisa os detalles de transporte e impostos. >>\u00a0<span style=\"color: #33cccc;\"><a style=\"color: #33cccc;\" href=\"http:\/\/www.imaxesdaterra.com\/gal\/transporte\/\" target=\"_blank\" rel=\"noopener noreferrer\"><span class=\"s1\">VER TRANSPORTE<\/span><\/a><\/span><\/p>\n","protected":false},"excerpt":{"rendered":"<p>Unha mirada pr\u00f3xima \u00e1 m\u00fasica. Gaitas que alegran a cidade da Coru\u00f1a baixo ceos despexados. As r\u00faas cunha visi\u00f3n panor\u00e1mica da s\u00faa xente, tradici\u00f3ns e festa. M\u00fasica na alma, nas r\u00faas e no coraz\u00f3n dos seus habitantes. M\u00fasica de gaitas cheas de tradici\u00f3ns en mans da banda Agarimo. A imaxe ofr\u00e9cenos unha pr\u00f3xima visi\u00f3n panor\u00e1mica [&hellip;]<\/p>\n","protected":false},"featured_media":4161,"comment_status":"closed","ping_status":"closed","template":"","meta":{"jetpack_post_was_ever_published":false,"jetpack_publicize_message":"","jetpack_is_tweetstorm":false,"jetpack_publicize_feature_enabled":true,"jetpack_social_post_already_shared":true,"jetpack_social_options":{"image_generator_settings":{"template":"highway","enabled":false}}},"product_cat":[146,147],"product_tag":[127,128],"jetpack_publicize_connections":[],"jetpack_sharing_enabled":true,"_links":{"self":[{"href":"https:\/\/www.imaxesdaterra.com\/gl\/wp-json\/wp\/v2\/product\/5831"}],"collection":[{"href":"https:\/\/www.imaxesdaterra.com\/gl\/wp-json\/wp\/v2\/product"}],"about":[{"href":"https:\/\/www.imaxesdaterra.com\/gl\/wp-json\/wp\/v2\/types\/product"}],"replies":[{"embeddable":true,"href":"https:\/\/www.imaxesdaterra.com\/gl\/wp-json\/wp\/v2\/comments?post=5831"}],"wp:featuredmedia":[{"embeddable":true,"href":"https:\/\/www.imaxesdaterra.com\/gl\/wp-json\/wp\/v2\/media\/4161"}],"wp:attachment":[{"href":"https:\/\/www.imaxesdaterra.com\/gl\/wp-json\/wp\/v2\/media?parent=5831"}],"wp:term":[{"taxonomy":"product_cat","embeddable":true,"href":"https:\/\/www.imaxesdaterra.com\/gl\/wp-json\/wp\/v2\/product_cat?post=5831"},{"taxonomy":"product_tag","embeddable":true,"href":"https:\/\/www.imaxesdaterra.com\/gl\/wp-json\/wp\/v2\/product_tag?post=5831"}],"curies":[{"name":"wp","href":"https:\/\/api.w.org\/{rel}","templated":true}]}}