{"id":5818,"date":"2017-11-16T15:16:14","date_gmt":"2017-11-16T15:16:14","guid":{"rendered":"https:\/\/www.imaxesdaterra.com\/tienda\/praza-de-maria-pita\/"},"modified":"2022-03-03T17:05:31","modified_gmt":"2022-03-03T17:05:31","slug":"praza-de-maria-pita","status":"publish","type":"product","link":"https:\/\/www.imaxesdaterra.com\/gl\/tenda\/praza-de-maria-pita\/","title":{"rendered":"Praza de Mar\u00eda Pita"},"content":{"rendered":"<p>Cae a noite en Galicia e A Coru\u00f1a engal\u00e1nase coa vista da Praza d\u00e1 Mar\u00eda Pita. As cores do ceo revelan o reflexo das luces dunha praza chea de vida. A praza e os seus monumentos son testemu\u00f1as dos movementos da noite, do correr da brisa e dos visitantes que gozan da vida nocturna en Galicia. Unha noite que nos convida a descubrir e a vivila. Vista nocturna da Praza de Mar\u00eda Pita na Coru\u00f1a.<\/p>\n<p>Unha panor\u00e1mica que logra capturar todos os detalles dunha noite tranquila pero \u00e1 vez enche de movemento. A praza \u00e9 a entrada e sa\u00edda a diversas callejuelas que levan aos recunchos m\u00e1is fermosos da cidade, pero no centro conserva a impactante estatua da hero\u00edna que coa s\u00faa lanza conta unha historia chea de paix\u00f3n e valor.<\/p>\n<hr \/>\n<p class=\"p1\"><strong>Pedidos<\/strong><\/p>\n<p class=\"p1\">1. Selecciona o tama\u00f1o desexado.<\/p>\n<p class=\"p1\">2. Revisa os detalles dos soportes ( L\u00e1mina, Lenzo o Metacrilato ) >>\u00a0\u00a0<span style=\"color: #33cccc;\"><a style=\"color: #33cccc;\" href=\"http:\/\/www.imaxesdaterra.com\/gal\/soportes\/\" target=\"_blank\" rel=\"noopener noreferrer\"><span class=\"s1\">VER SOPORTES<\/span><\/a><\/span><\/p>\n<p class=\"p1\">3. Selecciona o soporte que m\u00e1is che guste.<\/p>\n<p class=\"p1\">4. Selecciona a cantidade.<\/p>\n<p class=\"p1\">5. Engadir ao carri\u00f1o.<\/p>\n<p class=\"p1\"><strong>Transporte<\/strong><\/p>\n<p class=\"p1\">Revisa os detalles de transporte e impostos. >>\u00a0<span style=\"color: #33cccc;\"><a style=\"color: #33cccc;\" href=\"http:\/\/www.imaxesdaterra.com\/gal\/transporte\/\" target=\"_blank\" rel=\"noopener noreferrer\"><span class=\"s1\">VER TRANSPORTE<\/span><\/a><\/span><\/p>\n","protected":false},"excerpt":{"rendered":"<p>Cae a noite en Galicia e A Coru\u00f1a engal\u00e1nase coa vista da Praza d\u00e1 Mar\u00eda Pita. As cores do ceo revelan o reflexo das luces dunha praza chea de vida. A praza e os seus monumentos son testemu\u00f1as dos movementos da noite, do correr da brisa e dos visitantes que gozan da vida nocturna en [&hellip;]<\/p>\n","protected":false},"featured_media":4350,"comment_status":"closed","ping_status":"closed","template":"","meta":{"jetpack_post_was_ever_published":false,"jetpack_publicize_message":"","jetpack_is_tweetstorm":false,"jetpack_publicize_feature_enabled":true,"jetpack_social_post_already_shared":true,"jetpack_social_options":{"image_generator_settings":{"template":"highway","enabled":false}}},"product_cat":[146],"product_tag":[127,128],"jetpack_publicize_connections":[],"jetpack_sharing_enabled":true,"_links":{"self":[{"href":"https:\/\/www.imaxesdaterra.com\/gl\/wp-json\/wp\/v2\/product\/5818"}],"collection":[{"href":"https:\/\/www.imaxesdaterra.com\/gl\/wp-json\/wp\/v2\/product"}],"about":[{"href":"https:\/\/www.imaxesdaterra.com\/gl\/wp-json\/wp\/v2\/types\/product"}],"replies":[{"embeddable":true,"href":"https:\/\/www.imaxesdaterra.com\/gl\/wp-json\/wp\/v2\/comments?post=5818"}],"wp:featuredmedia":[{"embeddable":true,"href":"https:\/\/www.imaxesdaterra.com\/gl\/wp-json\/wp\/v2\/media\/4350"}],"wp:attachment":[{"href":"https:\/\/www.imaxesdaterra.com\/gl\/wp-json\/wp\/v2\/media?parent=5818"}],"wp:term":[{"taxonomy":"product_cat","embeddable":true,"href":"https:\/\/www.imaxesdaterra.com\/gl\/wp-json\/wp\/v2\/product_cat?post=5818"},{"taxonomy":"product_tag","embeddable":true,"href":"https:\/\/www.imaxesdaterra.com\/gl\/wp-json\/wp\/v2\/product_tag?post=5818"}],"curies":[{"name":"wp","href":"https:\/\/api.w.org\/{rel}","templated":true}]}}