{"id":5792,"date":"2017-11-16T15:22:38","date_gmt":"2017-11-16T15:22:38","guid":{"rendered":"https:\/\/www.imaxesdaterra.com\/tienda\/praza-do-obradoiro-compostela\/"},"modified":"2022-03-03T17:05:39","modified_gmt":"2022-03-03T17:05:39","slug":"praza-do-obradoiro-compostela","status":"publish","type":"product","link":"https:\/\/www.imaxesdaterra.com\/gl\/tenda\/praza-do-obradoiro-compostela\/","title":{"rendered":"Praza do Obradoiro en Santiago de Compostela"},"content":{"rendered":"<p>D\u00eda luminoso en Santiago de Compostela. A Praza do Obradoiro ilum\u00ednase baixo o sol que logra tocar a Catedral de Santiago cos seus fortes raios. Os peregrinos acum\u00falanse fronte \u00e1 s\u00faa fachada. Monumentos hist\u00f3ricos que se impo\u00f1en. Exploraci\u00f3n, descubrimento, vida no aire.<\/p>\n<p>Fotograf\u00eda panor\u00e1mica que re\u00fane aos peregrinos do Cami\u00f1o de Santiago na s\u00faa chegada \u00e1 Catedral de Santiago de Compostela. Unha imaxe que retrata un d\u00eda tranquilo e asollado na Praza do Obradoiro cos seus monumentos que parece que est\u00e1 preto o sol e que convidan a co\u00f1ecer un dos lugares hist\u00f3ricos m\u00e1is cheos de enerx\u00eda e vitalidade de Galicia.<\/p>\n<hr \/>\n<p class=\"p1\"><strong>Pedidos<\/strong><\/p>\n<p class=\"p1\">1. Selecciona o tama\u00f1o desexado.<\/p>\n<p class=\"p1\">2. Revisa os detalles dos soportes ( L\u00e1mina, Lenzo o Metacrilato ) >>\u00a0\u00a0<span style=\"color: #33cccc;\"><a style=\"color: #33cccc;\" href=\"http:\/\/www.imaxesdaterra.com\/gal\/soportes\/\" target=\"_blank\" rel=\"noopener noreferrer\"><span class=\"s1\">VER SOPORTES<\/span><\/a><\/span><\/p>\n<p class=\"p1\">3. Selecciona o soporte que m\u00e1is che guste.<\/p>\n<p class=\"p1\">4. Selecciona a cantidade.<\/p>\n<p class=\"p1\">5. Engadir ao carri\u00f1o.<\/p>\n<p class=\"p1\"><strong>Transporte<\/strong><\/p>\n<p class=\"p1\">Revisa os detalles de transporte e impostos. >><span style=\"color: #33cccc;\">\u00a0<a style=\"color: #33cccc;\" href=\"http:\/\/www.imaxesdaterra.com\/gal\/transporte\/\" target=\"_blank\" rel=\"noopener noreferrer\"><span class=\"s1\">VER TRANSPORTE<\/span><\/a><\/span><\/p>\n","protected":false},"excerpt":{"rendered":"<p>D\u00eda luminoso en Santiago de Compostela. A Praza do Obradoiro ilum\u00ednase baixo o sol que logra tocar a Catedral de Santiago cos seus fortes raios. Os peregrinos acum\u00falanse fronte \u00e1 s\u00faa fachada. Monumentos hist\u00f3ricos que se impo\u00f1en. Exploraci\u00f3n, descubrimento, vida no aire. Fotograf\u00eda panor\u00e1mica que re\u00fane aos peregrinos do Cami\u00f1o de Santiago na s\u00faa chegada [&hellip;]<\/p>\n","protected":false},"featured_media":4317,"comment_status":"closed","ping_status":"closed","template":"","meta":{"jetpack_post_was_ever_published":false,"jetpack_publicize_message":"","jetpack_is_tweetstorm":false,"jetpack_publicize_feature_enabled":true,"jetpack_social_post_already_shared":true,"jetpack_social_options":{"image_generator_settings":{"template":"highway","enabled":false}}},"product_cat":[146],"product_tag":[151,128],"jetpack_publicize_connections":[],"jetpack_sharing_enabled":true,"_links":{"self":[{"href":"https:\/\/www.imaxesdaterra.com\/gl\/wp-json\/wp\/v2\/product\/5792"}],"collection":[{"href":"https:\/\/www.imaxesdaterra.com\/gl\/wp-json\/wp\/v2\/product"}],"about":[{"href":"https:\/\/www.imaxesdaterra.com\/gl\/wp-json\/wp\/v2\/types\/product"}],"replies":[{"embeddable":true,"href":"https:\/\/www.imaxesdaterra.com\/gl\/wp-json\/wp\/v2\/comments?post=5792"}],"wp:featuredmedia":[{"embeddable":true,"href":"https:\/\/www.imaxesdaterra.com\/gl\/wp-json\/wp\/v2\/media\/4317"}],"wp:attachment":[{"href":"https:\/\/www.imaxesdaterra.com\/gl\/wp-json\/wp\/v2\/media?parent=5792"}],"wp:term":[{"taxonomy":"product_cat","embeddable":true,"href":"https:\/\/www.imaxesdaterra.com\/gl\/wp-json\/wp\/v2\/product_cat?post=5792"},{"taxonomy":"product_tag","embeddable":true,"href":"https:\/\/www.imaxesdaterra.com\/gl\/wp-json\/wp\/v2\/product_tag?post=5792"}],"curies":[{"name":"wp","href":"https:\/\/api.w.org\/{rel}","templated":true}]}}