{"id":5728,"date":"2017-11-16T15:53:59","date_gmt":"2017-11-16T15:53:59","guid":{"rendered":"https:\/\/www.imaxesdaterra.com\/tienda\/ourense-praza-maior-bn\/"},"modified":"2022-03-03T17:06:02","modified_gmt":"2022-03-03T17:06:02","slug":"ourense-praza-maior-bn","status":"publish","type":"product","link":"https:\/\/www.imaxesdaterra.com\/gl\/tenda\/ourense-praza-maior-bn\/","title":{"rendered":"Ourense Plaza Maior b&#038;n"},"content":{"rendered":"<p>Outro tranquilo d\u00eda en Ourense chega ao seu fin. Vai caendo a noite sobre a Praza Maior de Ourense e entre os seus bares e caf\u00e9s cheos de vida van reun\u00edndose as persoas para compartir as an\u00e9cdotas do d\u00eda. Arquitectura colonial, pequenas r\u00faas. Galicia e os seus recunchos m\u00e1xicos.<\/p>\n<p>Vista nocturna da Praza Maior de Ourense. Imaxe panor\u00e1mica en branco e negro que re\u00fane todos os recunchos desta magn\u00edfica praza, rodeada de vida, bares e caf\u00e9s ao aire libre. As s\u00faas fachadas tranquilas son o mellor recordo da historia dun pasado que a\u00ednda est\u00e1 presente en tradici\u00f3ns e lugares m\u00e1xicos.<\/p>\n<hr \/>\n<p class=\"p1\"><strong>Pedidos<\/strong><\/p>\n<p class=\"p1\">1. Selecciona o tama\u00f1o desexado.<\/p>\n<p class=\"p1\">2. Revisa os detalles dos soportes ( L\u00e1mina, Lenzo o Metacrilato ) >>\u00a0\u00a0<span style=\"color: #33cccc;\"><a style=\"color: #33cccc;\" href=\"http:\/\/www.imaxesdaterra.com\/gal\/soportes\/\" target=\"_blank\" rel=\"noopener noreferrer\"><span class=\"s1\">VER SOPORTES<\/span><\/a><\/span><\/p>\n<p class=\"p1\">3. Selecciona o soporte que m\u00e1is che guste.<\/p>\n<p class=\"p1\">4. Selecciona a cantidade.<\/p>\n<p class=\"p1\">5. Engadir ao carri\u00f1o.<\/p>\n<p class=\"p1\"><strong>Transporte<\/strong><\/p>\n<p class=\"p1\">Revisa os detalles de transporte e impostos. >>\u00a0<span style=\"color: #33cccc;\"><a style=\"color: #33cccc;\" href=\"http:\/\/www.imaxesdaterra.com\/gal\/transporte\/\" target=\"_blank\" rel=\"noopener noreferrer\"><span class=\"s1\">VER TRANSPORTE<\/span><\/a><\/span><\/p>\n","protected":false},"excerpt":{"rendered":"<p>Outro tranquilo d\u00eda en Ourense chega ao seu fin. Vai caendo a noite sobre a Praza Maior de Ourense e entre os seus bares e caf\u00e9s cheos de vida van reun\u00edndose as persoas para compartir as an\u00e9cdotas do d\u00eda. Arquitectura colonial, pequenas r\u00faas. Galicia e os seus recunchos m\u00e1xicos. Vista nocturna da Praza Maior de [&hellip;]<\/p>\n","protected":false},"featured_media":6869,"comment_status":"closed","ping_status":"closed","template":"","meta":{"jetpack_post_was_ever_published":false,"jetpack_publicize_message":"","jetpack_is_tweetstorm":false,"jetpack_publicize_feature_enabled":true,"jetpack_social_post_already_shared":true,"jetpack_social_options":{"image_generator_settings":{"template":"highway","enabled":false}}},"product_cat":[146,147],"product_tag":[128,155],"jetpack_publicize_connections":[],"jetpack_sharing_enabled":true,"_links":{"self":[{"href":"https:\/\/www.imaxesdaterra.com\/gl\/wp-json\/wp\/v2\/product\/5728"}],"collection":[{"href":"https:\/\/www.imaxesdaterra.com\/gl\/wp-json\/wp\/v2\/product"}],"about":[{"href":"https:\/\/www.imaxesdaterra.com\/gl\/wp-json\/wp\/v2\/types\/product"}],"replies":[{"embeddable":true,"href":"https:\/\/www.imaxesdaterra.com\/gl\/wp-json\/wp\/v2\/comments?post=5728"}],"wp:featuredmedia":[{"embeddable":true,"href":"https:\/\/www.imaxesdaterra.com\/gl\/wp-json\/wp\/v2\/media\/6869"}],"wp:attachment":[{"href":"https:\/\/www.imaxesdaterra.com\/gl\/wp-json\/wp\/v2\/media?parent=5728"}],"wp:term":[{"taxonomy":"product_cat","embeddable":true,"href":"https:\/\/www.imaxesdaterra.com\/gl\/wp-json\/wp\/v2\/product_cat?post=5728"},{"taxonomy":"product_tag","embeddable":true,"href":"https:\/\/www.imaxesdaterra.com\/gl\/wp-json\/wp\/v2\/product_tag?post=5728"}],"curies":[{"name":"wp","href":"https:\/\/api.w.org\/{rel}","templated":true}]}}