{"id":5715,"date":"2017-11-16T16:00:07","date_gmt":"2017-11-16T16:00:07","guid":{"rendered":"https:\/\/www.imaxesdaterra.com\/tienda\/menhires-coruna\/"},"modified":"2022-03-03T17:06:03","modified_gmt":"2022-03-03T17:06:03","slug":"menhires-coruna","status":"publish","type":"product","link":"https:\/\/www.imaxesdaterra.com\/gl\/tenda\/menhires-coruna\/","title":{"rendered":"Menhires Coru\u00f1a"},"content":{"rendered":"<p>Na Coru\u00f1a e sempre de p\u00e9 at\u00f3panse impo\u00f1entes os Menhires. Obra do home en honra ao home. Sombra de p\u00e9 que marca as horas en contra do sol. Lugar de calma, de paz e de silencio. Un ceo aberto cheo de nubes suaves como algod\u00f3n e o Atl\u00e1ntico que mira de fronte coa s\u00faa extensi\u00f3n infinita. Galicia enche de maxia e chea de historia.<\/p>\n<p>Os Menhires da Coru\u00f1a forman parte dunha extensi\u00f3n de esculturas art\u00edsticas, moi similares a grandes megalitos prehist\u00f3ricos, dese\u00f1ados polos artistas Isaac D\u00edaz Pardo e Manolo Paz, en honra \u00e1s v\u00edtimas da represi\u00f3n franquista. Unha fotograf\u00eda que deixa sen alento e que sabe reunir en perfecta harmon\u00eda os elementos principais da terra, a suave ferva, o azul do ceo e o profundo do mar ao fondo.<\/p>\n<hr \/>\n<p class=\"p1\"><strong>Pedidos<\/strong><\/p>\n<p class=\"p1\">1. Selecciona o tama\u00f1o desexado.<\/p>\n<p class=\"p1\">2. Revisa os detalles dos soportes ( L\u00e1mina, Lenzo o Metacrilato ) >>\u00a0\u00a0<span style=\"color: #33cccc;\"><a style=\"color: #33cccc;\" href=\"http:\/\/www.imaxesdaterra.com\/gal\/soportes\/\" target=\"_blank\" rel=\"noopener noreferrer\"><span class=\"s1\">VER SOPORTES<\/span><\/a><\/span><\/p>\n<p class=\"p1\">3. Selecciona o soporte que m\u00e1is che guste.<\/p>\n<p class=\"p1\">4. Selecciona a cantidade.<\/p>\n<p class=\"p1\">5. Engadir ao carri\u00f1o.<\/p>\n<p class=\"p1\"><strong>Transporte<\/strong><\/p>\n<p class=\"p1\">Revisa os detalles de transporte e impostos. >>\u00a0<span style=\"color: #33cccc;\"><a style=\"color: #33cccc;\" href=\"http:\/\/www.imaxesdaterra.com\/gal\/transporte\/\" target=\"_blank\" rel=\"noopener noreferrer\"><span class=\"s1\">VER TRANSPORTE<\/span><\/a><\/span><\/p>\n","protected":false},"excerpt":{"rendered":"<p>Na Coru\u00f1a e sempre de p\u00e9 at\u00f3panse impo\u00f1entes os Menhires. Obra do home en honra ao home. Sombra de p\u00e9 que marca as horas en contra do sol. Lugar de calma, de paz e de silencio. Un ceo aberto cheo de nubes suaves como algod\u00f3n e o Atl\u00e1ntico que mira de fronte coa s\u00faa extensi\u00f3n [&hellip;]<\/p>\n","protected":false},"featured_media":4370,"comment_status":"closed","ping_status":"closed","template":"","meta":{"jetpack_post_was_ever_published":false,"jetpack_publicize_message":"","jetpack_is_tweetstorm":false,"jetpack_publicize_feature_enabled":true,"jetpack_social_post_already_shared":true,"jetpack_social_options":{"image_generator_settings":{"template":"highway","enabled":false}}},"product_cat":[146],"product_tag":[127,128],"jetpack_publicize_connections":[],"jetpack_sharing_enabled":true,"_links":{"self":[{"href":"https:\/\/www.imaxesdaterra.com\/gl\/wp-json\/wp\/v2\/product\/5715"}],"collection":[{"href":"https:\/\/www.imaxesdaterra.com\/gl\/wp-json\/wp\/v2\/product"}],"about":[{"href":"https:\/\/www.imaxesdaterra.com\/gl\/wp-json\/wp\/v2\/types\/product"}],"replies":[{"embeddable":true,"href":"https:\/\/www.imaxesdaterra.com\/gl\/wp-json\/wp\/v2\/comments?post=5715"}],"wp:featuredmedia":[{"embeddable":true,"href":"https:\/\/www.imaxesdaterra.com\/gl\/wp-json\/wp\/v2\/media\/4370"}],"wp:attachment":[{"href":"https:\/\/www.imaxesdaterra.com\/gl\/wp-json\/wp\/v2\/media?parent=5715"}],"wp:term":[{"taxonomy":"product_cat","embeddable":true,"href":"https:\/\/www.imaxesdaterra.com\/gl\/wp-json\/wp\/v2\/product_cat?post=5715"},{"taxonomy":"product_tag","embeddable":true,"href":"https:\/\/www.imaxesdaterra.com\/gl\/wp-json\/wp\/v2\/product_tag?post=5715"}],"curies":[{"name":"wp","href":"https:\/\/api.w.org\/{rel}","templated":true}]}}