{"id":5702,"date":"2017-11-16T16:18:47","date_gmt":"2017-11-16T16:18:47","guid":{"rendered":"https:\/\/www.imaxesdaterra.com\/tienda\/peregrinos-sol-fisterra\/"},"modified":"2022-03-03T17:06:18","modified_gmt":"2022-03-03T17:06:18","slug":"peregrinos-sol-fisterra","status":"publish","type":"product","link":"https:\/\/www.imaxesdaterra.com\/gl\/tenda\/peregrinos-sol-fisterra\/","title":{"rendered":"Peregrinos Sol Fisterra"},"content":{"rendered":"<p>Posta de sol en Galicia. O Faro de Fisterra vix\u00eda de lonxe o final do d\u00eda e como o sol vai ocult\u00e1ndose aos poucos e parece introducirse dentro das augas do mar. Calidez, paz, tranquilidade. Un atardecer que esperta emoci\u00f3ns e que marca o comezo e o final. Un ceo despexado que vai ti\u00f1\u00e9ndose dun azul m\u00e1is intenso a cada minuto, e con expectaci\u00f3n os peregrinos observan o cami\u00f1o de luz que tingue as augas e as rocas de fronte \u00e1 costa. O sol oc\u00faltase lentamente fronte ao Faro de Fisterra, un dos faros galegos m\u00e1is fermosos de todos, que ofrece unha vista ampla da Costa. A posta de sol fronte a este monumento indica o momento xusto no cal os peregrinos do Cami\u00f1o de Santiago po\u00f1en fin \u00e1 s\u00faa xornada. A panor\u00e1mica capta a esencia deste momento m\u00e1xico no cal todos se dete\u00f1en a contemplar.<\/p>\n<hr \/>\n<p class=\"p1\"><strong>Pedidos<\/strong><\/p>\n<p class=\"p1\">1. Selecciona o tama\u00f1o desexado.<\/p>\n<p class=\"p1\">2. Revisa os detalles dos soportes \u00a0&gt;&gt;\u00a0\u00a0<span style=\"color: #33cccc;\"><a style=\"color: #33cccc;\" href=\"https:\/\/www.imaxesdaterra.com\/gal\/soportes\/\" target=\"_blank\" rel=\"noopener noreferrer\"><span class=\"s1\">VER SOPORTES<\/span><\/a><\/span><\/p>\n<p class=\"p1\">3. Selecciona o soporte que m\u00e1is che guste.<\/p>\n<p class=\"p1\">4. Selecciona a cantidade.<\/p>\n<p class=\"p1\">5. Engadir ao carri\u00f1o.<\/p>\n<p class=\"p1\"><strong>Transporte<\/strong><\/p>\n<p class=\"p1\">Revisa os detalles de transporte e impostos. &gt;&gt;\u00a0<span style=\"color: #33cccc;\"><a style=\"color: #33cccc;\" href=\"https:\/\/www.imaxesdaterra.com\/gal\/transporte\/\" target=\"_blank\" rel=\"noopener noreferrer\"><span class=\"s1\">VER TRANSPORTE<\/span><\/a><\/span><\/p>\n","protected":false},"excerpt":{"rendered":"<p>Posta de sol en Galicia. O Faro de Fisterra vix\u00eda de lonxe o final do d\u00eda e como o sol vai ocult\u00e1ndose aos poucos e parece introducirse dentro das augas do mar. Calidez, paz, tranquilidade. Un atardecer que esperta emoci\u00f3ns e que marca o comezo e o final. Un ceo despexado que vai ti\u00f1\u00e9ndose dun [&hellip;]<\/p>\n","protected":false},"featured_media":8333,"comment_status":"closed","ping_status":"closed","template":"","meta":{"jetpack_post_was_ever_published":false,"jetpack_publicize_message":"","jetpack_is_tweetstorm":false,"jetpack_publicize_feature_enabled":true,"jetpack_social_post_already_shared":true,"jetpack_social_options":{"image_generator_settings":{"template":"highway","enabled":false}}},"product_cat":[137,138,139],"product_tag":[153,128,157],"jetpack_publicize_connections":[],"jetpack_sharing_enabled":true,"_links":{"self":[{"href":"https:\/\/www.imaxesdaterra.com\/gl\/wp-json\/wp\/v2\/product\/5702"}],"collection":[{"href":"https:\/\/www.imaxesdaterra.com\/gl\/wp-json\/wp\/v2\/product"}],"about":[{"href":"https:\/\/www.imaxesdaterra.com\/gl\/wp-json\/wp\/v2\/types\/product"}],"replies":[{"embeddable":true,"href":"https:\/\/www.imaxesdaterra.com\/gl\/wp-json\/wp\/v2\/comments?post=5702"}],"wp:featuredmedia":[{"embeddable":true,"href":"https:\/\/www.imaxesdaterra.com\/gl\/wp-json\/wp\/v2\/media\/8333"}],"wp:attachment":[{"href":"https:\/\/www.imaxesdaterra.com\/gl\/wp-json\/wp\/v2\/media?parent=5702"}],"wp:term":[{"taxonomy":"product_cat","embeddable":true,"href":"https:\/\/www.imaxesdaterra.com\/gl\/wp-json\/wp\/v2\/product_cat?post=5702"},{"taxonomy":"product_tag","embeddable":true,"href":"https:\/\/www.imaxesdaterra.com\/gl\/wp-json\/wp\/v2\/product_tag?post=5702"}],"curies":[{"name":"wp","href":"https:\/\/api.w.org\/{rel}","templated":true}]}}