{"id":5689,"date":"2019-02-21T16:43:19","date_gmt":"2017-11-21T16:43:19","guid":{"rendered":"https:\/\/www.imaxesdaterra.com\/tienda\/faro-de-carrumeiro\/"},"modified":"2022-03-03T17:06:18","modified_gmt":"2022-03-03T17:06:18","slug":"faro-de-carrumeiro","status":"publish","type":"product","link":"https:\/\/www.imaxesdaterra.com\/gl\/tenda\/faro-de-carrumeiro\/","title":{"rendered":"Faro de Carrumeiro"},"content":{"rendered":"<p>Temporal sobre a r\u00eda de Corcubi\u00f3n. As ondas do mar rompen furiosas sobre o Faro de Carrumeiro Chico, unha estrutura que soportou o paso do tempo, o constante golpeteo do mar e que segue en p\u00e9. O azul profundo de mar conv\u00e9rtese en branca escuma ao chocar e cada movemento produce unha suave melod\u00eda de mar.<\/p>\n<p>Situado na entrada da r\u00eda de Corcubi\u00f3n at\u00f3pase o Faro Carrumeiro Chico. Nos d\u00edas de temporal o romper das ondas choca contra a s\u00faa estrutura, facendo un espect\u00e1culo natural cheo de forza, fiereza e enerx\u00eda. Esta \u00e9 unha composici\u00f3n en secuencia do movemento das ondas. Tam\u00e9n est\u00e1n dispo\u00f1ibles de maneira individual.<\/p>\n<hr \/>\n<p class=\"p1\"><strong>Pedidos<\/strong><\/p>\n<p class=\"p1\">1. Selecciona o tama\u00f1o desexado.<\/p>\n<p class=\"p1\">2. Revisa os detalles dos soportes >>\u00a0\u00a0<span style=\"color: #33cccc;\"><a style=\"color: #33cccc;\" href=\"http:\/\/www.imaxesdaterra.com\/gal\/soportes\/\" target=\"_blank\" rel=\"noopener noreferrer\"><span class=\"s1\">VER SOPORTES<\/span><\/a><\/span><\/p>\n<p class=\"p1\">3. Selecciona o soporte que m\u00e1is che guste.<\/p>\n<p class=\"p1\">4. Selecciona a cantidade.<\/p>\n<p class=\"p1\">5. Engadir ao carri\u00f1o.<\/p>\n<p class=\"p1\"><strong>Transporte<\/strong><\/p>\n<p class=\"p1\">Revisa os detalles de transporte e impostos >>\u00a0<span style=\"color: #33cccc;\"><a style=\"color: #33cccc;\" href=\"http:\/\/www.imaxesdaterra.com\/gal\/transporte\/\" target=\"_blank\" rel=\"noopener noreferrer\"><span class=\"s1\">VER TRANSPORTE<\/span><\/a><\/span><\/p>\n","protected":false},"excerpt":{"rendered":"<p>Temporal sobre a r\u00eda de Corcubi\u00f3n. As ondas do mar rompen furiosas sobre o Faro de Carrumeiro Chico, unha estrutura que soportou o paso do tempo, o constante golpeteo do mar e que segue en p\u00e9. O azul profundo de mar conv\u00e9rtese en branca escuma ao chocar e cada movemento produce unha suave melod\u00eda de [&hellip;]<\/p>\n","protected":false},"featured_media":8209,"comment_status":"closed","ping_status":"closed","template":"","meta":{"jetpack_post_was_ever_published":false,"jetpack_publicize_message":"","jetpack_is_tweetstorm":false,"jetpack_publicize_feature_enabled":true,"jetpack_social_post_already_shared":true,"jetpack_social_options":{"image_generator_settings":{"template":"highway","enabled":false}}},"product_cat":[138,144],"product_tag":[153,128],"jetpack_publicize_connections":[],"jetpack_sharing_enabled":true,"_links":{"self":[{"href":"https:\/\/www.imaxesdaterra.com\/gl\/wp-json\/wp\/v2\/product\/5689"}],"collection":[{"href":"https:\/\/www.imaxesdaterra.com\/gl\/wp-json\/wp\/v2\/product"}],"about":[{"href":"https:\/\/www.imaxesdaterra.com\/gl\/wp-json\/wp\/v2\/types\/product"}],"replies":[{"embeddable":true,"href":"https:\/\/www.imaxesdaterra.com\/gl\/wp-json\/wp\/v2\/comments?post=5689"}],"wp:featuredmedia":[{"embeddable":true,"href":"https:\/\/www.imaxesdaterra.com\/gl\/wp-json\/wp\/v2\/media\/8209"}],"wp:attachment":[{"href":"https:\/\/www.imaxesdaterra.com\/gl\/wp-json\/wp\/v2\/media?parent=5689"}],"wp:term":[{"taxonomy":"product_cat","embeddable":true,"href":"https:\/\/www.imaxesdaterra.com\/gl\/wp-json\/wp\/v2\/product_cat?post=5689"},{"taxonomy":"product_tag","embeddable":true,"href":"https:\/\/www.imaxesdaterra.com\/gl\/wp-json\/wp\/v2\/product_tag?post=5689"}],"curies":[{"name":"wp","href":"https:\/\/api.w.org\/{rel}","templated":true}]}}