{"id":5676,"date":"2017-11-16T16:59:27","date_gmt":"2017-11-16T16:59:27","guid":{"rendered":"https:\/\/www.imaxesdaterra.com\/tienda\/torre-de-hercules\/"},"modified":"2022-03-03T17:06:26","modified_gmt":"2022-03-03T17:06:26","slug":"torre-de-hercules","status":"publish","type":"product","link":"https:\/\/www.imaxesdaterra.com\/gl\/tenda\/torre-de-hercules\/","title":{"rendered":"Torre de H\u00e9rcules"},"content":{"rendered":"<p>Un faro solitario que parece tocar o ceo. Galicia esconde no seu interior un tesouro moi ben gardado con moitos s\u00e9culos de historia, a Torre de H\u00e9rcules de orixe romana. Un faro considerado o m\u00e1is antigo en funcionamento a nivel mundial. Repousa tranquilo fronte a oc\u00e9ano Atl\u00e1ntico d\u00eda tras d\u00eda, vixiante, impo\u00f1ente, onde se respira cheiro a mar e esc\u00f3itase o suave bater das ondas.<\/p>\n<p>Imaxe da Torre de H\u00e9rcules, un dos faros de Galicia\u00a0 que na primaveira vese rodeado de pequenas flores co\u00f1ecidas como u\u00f1as de gato, e que en definitiva transforman esta paisaxe natural nun espect\u00e1culo visual.<\/p>\n<hr \/>\n<p class=\"p1\"><strong>Pedidos<\/strong><\/p>\n<p class=\"p1\">1. Selecciona o tama\u00f1o desexado.<\/p>\n<p class=\"p1\">2. Revisa os detalles dos soportes >>\u00a0<span style=\"color: #33cccc;\">\u00a0<a style=\"color: #33cccc;\" href=\"http:\/\/www.imaxesdaterra.com\/gal\/soportes\/\" target=\"_blank\" rel=\"noopener noreferrer\"><span class=\"s1\">VER SOPORTES<\/span><\/a><\/span><\/p>\n<p class=\"p1\">3. Selecciona o soporte que m\u00e1is che guste.<\/p>\n<p class=\"p1\">4. Selecciona a cantidade.<\/p>\n<p class=\"p1\">5. Engadir ao carri\u00f1o.<\/p>\n<p class=\"p1\"><strong>Transporte<\/strong><\/p>\n<p class=\"p1\">Revisa os detalles de transporte e impostos >><span style=\"color: #33cccc;\">\u00a0<a style=\"color: #33cccc;\" href=\"http:\/\/www.imaxesdaterra.com\/gal\/transporte\/\" target=\"_blank\" rel=\"noopener noreferrer\"><span class=\"s1\">VER TRANSPORTE<\/span><\/a><\/span><\/p>\n","protected":false},"excerpt":{"rendered":"<p>Un faro solitario que parece tocar o ceo. Galicia esconde no seu interior un tesouro moi ben gardado con moitos s\u00e9culos de historia, a Torre de H\u00e9rcules de orixe romana. Un faro considerado o m\u00e1is antigo en funcionamento a nivel mundial. Repousa tranquilo fronte a oc\u00e9ano Atl\u00e1ntico d\u00eda tras d\u00eda, vixiante, impo\u00f1ente, onde se respira [&hellip;]<\/p>\n","protected":false},"featured_media":8327,"comment_status":"closed","ping_status":"closed","template":"","meta":{"jetpack_post_was_ever_published":false,"jetpack_publicize_message":"","jetpack_is_tweetstorm":false,"jetpack_publicize_feature_enabled":true,"jetpack_social_post_already_shared":true,"jetpack_social_options":{"image_generator_settings":{"template":"highway","enabled":false}}},"product_cat":[146,138],"product_tag":[127,128],"jetpack_publicize_connections":[],"jetpack_sharing_enabled":true,"_links":{"self":[{"href":"https:\/\/www.imaxesdaterra.com\/gl\/wp-json\/wp\/v2\/product\/5676"}],"collection":[{"href":"https:\/\/www.imaxesdaterra.com\/gl\/wp-json\/wp\/v2\/product"}],"about":[{"href":"https:\/\/www.imaxesdaterra.com\/gl\/wp-json\/wp\/v2\/types\/product"}],"replies":[{"embeddable":true,"href":"https:\/\/www.imaxesdaterra.com\/gl\/wp-json\/wp\/v2\/comments?post=5676"}],"wp:featuredmedia":[{"embeddable":true,"href":"https:\/\/www.imaxesdaterra.com\/gl\/wp-json\/wp\/v2\/media\/8327"}],"wp:attachment":[{"href":"https:\/\/www.imaxesdaterra.com\/gl\/wp-json\/wp\/v2\/media?parent=5676"}],"wp:term":[{"taxonomy":"product_cat","embeddable":true,"href":"https:\/\/www.imaxesdaterra.com\/gl\/wp-json\/wp\/v2\/product_cat?post=5676"},{"taxonomy":"product_tag","embeddable":true,"href":"https:\/\/www.imaxesdaterra.com\/gl\/wp-json\/wp\/v2\/product_tag?post=5676"}],"curies":[{"name":"wp","href":"https:\/\/api.w.org\/{rel}","templated":true}]}}