{"id":5662,"date":"2017-11-16T17:33:49","date_gmt":"2017-11-16T17:33:49","guid":{"rendered":"https:\/\/www.imaxesdaterra.com\/tienda\/torre-de-hercules-sepia\/"},"modified":"2022-03-03T17:06:26","modified_gmt":"2022-03-03T17:06:26","slug":"torre-de-hercules-sepia","status":"publish","type":"product","link":"https:\/\/www.imaxesdaterra.com\/gl\/tenda\/torre-de-hercules-sepia\/","title":{"rendered":"Torre de H\u00e9rcules sepia"},"content":{"rendered":"<p>Torre de H\u00e9rcules. Faro de Galicia vixiante durante o d\u00eda e a noite.\u00a0 Vese impo\u00f1ente de fronte ao Oc\u00e9ano Atl\u00e1ntico. Cheo de historia, cheo de maxia nun lugar custodiado por miles de pequenas flores que adornan a paisaxe. Atardecer no faro romano, paisaxe de calma e de tranquilidade que convida a co\u00f1ecer o que hai m\u00e1is al\u00f3.<\/p>\n<p>A Torre de H\u00e9rcules \u00e9 o faro romano m\u00e1is antigo a\u00ednda en p\u00e9 e en funcionamento no mundo. Durante a primavera florecen fermosas flores chamadas U\u00f1as de Gato, que transforman a paisaxe nun espect\u00e1culo visual. Imaxe en cores sepia dun dos monumentos m\u00e1is majestuosos de todos.<\/p>\n<hr \/>\n<p class=\"p1\"><strong>Pedidos<\/strong><\/p>\n<p class=\"p1\">1. Selecciona o tama\u00f1o desexado.<\/p>\n<p class=\"p1\">2. Revisa os detalles dos soportes >>\u00a0\u00a0<span style=\"color: #33cccc;\"><a style=\"color: #33cccc;\" href=\"https:\/\/www.imaxesdaterra.com\/gal\/soportes\/\" target=\"_blank\" rel=\"noopener noreferrer\"><span class=\"s1\">VER SOPORTES<\/span><\/a><\/span><\/p>\n<p class=\"p1\">3. Selecciona o soporte que m\u00e1is che guste.<\/p>\n<p class=\"p1\">4. Selecciona a cantidade.<\/p>\n<p class=\"p1\">5. Engadir ao carri\u00f1o.<\/p>\n<p class=\"p1\"><strong>Transporte<\/strong><\/p>\n<p class=\"p1\">Revisa os detalles de transporte e impostos. >><span style=\"color: #33cccc;\">\u00a0<a style=\"color: #33cccc;\" href=\"https:\/\/www.imaxesdaterra.com\/gal\/transporte\/\" target=\"_blank\" rel=\"noopener noreferrer\"><span class=\"s1\">VER TRANSPORTE<\/span><\/a><\/span><\/p>\n","protected":false},"excerpt":{"rendered":"<p>Torre de H\u00e9rcules. Faro de Galicia vixiante durante o d\u00eda e a noite.\u00a0 Vese impo\u00f1ente de fronte ao Oc\u00e9ano Atl\u00e1ntico. Cheo de historia, cheo de maxia nun lugar custodiado por miles de pequenas flores que adornan a paisaxe. Atardecer no faro romano, paisaxe de calma e de tranquilidade que convida a co\u00f1ecer o que hai [&hellip;]<\/p>\n","protected":false},"featured_media":8329,"comment_status":"closed","ping_status":"closed","template":"","meta":{"jetpack_post_was_ever_published":false,"jetpack_publicize_message":"","jetpack_is_tweetstorm":false,"jetpack_publicize_feature_enabled":true,"jetpack_social_post_already_shared":true,"jetpack_social_options":{"image_generator_settings":{"template":"highway","enabled":false}}},"product_cat":[146,147,138],"product_tag":[153,128],"jetpack_publicize_connections":[],"jetpack_sharing_enabled":true,"_links":{"self":[{"href":"https:\/\/www.imaxesdaterra.com\/gl\/wp-json\/wp\/v2\/product\/5662"}],"collection":[{"href":"https:\/\/www.imaxesdaterra.com\/gl\/wp-json\/wp\/v2\/product"}],"about":[{"href":"https:\/\/www.imaxesdaterra.com\/gl\/wp-json\/wp\/v2\/types\/product"}],"replies":[{"embeddable":true,"href":"https:\/\/www.imaxesdaterra.com\/gl\/wp-json\/wp\/v2\/comments?post=5662"}],"wp:featuredmedia":[{"embeddable":true,"href":"https:\/\/www.imaxesdaterra.com\/gl\/wp-json\/wp\/v2\/media\/8329"}],"wp:attachment":[{"href":"https:\/\/www.imaxesdaterra.com\/gl\/wp-json\/wp\/v2\/media?parent=5662"}],"wp:term":[{"taxonomy":"product_cat","embeddable":true,"href":"https:\/\/www.imaxesdaterra.com\/gl\/wp-json\/wp\/v2\/product_cat?post=5662"},{"taxonomy":"product_tag","embeddable":true,"href":"https:\/\/www.imaxesdaterra.com\/gl\/wp-json\/wp\/v2\/product_tag?post=5662"}],"curies":[{"name":"wp","href":"https:\/\/api.w.org\/{rel}","templated":true}]}}