{"id":5636,"date":"2017-11-16T17:44:39","date_gmt":"2017-11-16T17:44:39","guid":{"rendered":"https:\/\/www.imaxesdaterra.com\/tienda\/faro-de-fisterra\/"},"modified":"2022-03-03T17:06:43","modified_gmt":"2022-03-03T17:06:43","slug":"faro-de-fisterra","status":"publish","type":"product","link":"https:\/\/www.imaxesdaterra.com\/gl\/tenda\/faro-de-fisterra\/","title":{"rendered":"Faro de Fisterra"},"content":{"rendered":"<p>Ach\u00e9gase a noite tras do Faro de Fisterra. Asombroso espect\u00e1culo de cores sobre o horizonte onde se atopan o comezo e o final do mar. Galicia, unha terra m\u00e1xica de faros vixiantes ao final do cami\u00f1o. Unha calma infinita sobre o mar que acolle aos peregrinos mentres a posta de sol faise dona dos suspiros.<\/p>\n<p>O sol ponse no Faro de Fisterra, un dos monumentos m\u00e1is m\u00edticos e visitados de Galicia, despois da Catedral de Santiago polos peregrinos que chegan ao fin do cami\u00f1o do Santiago. Cando chega o atardecer, ofrece un dos espect\u00e1culos cheos de cor m\u00e1is fermosos de todos.<\/p>\n<hr \/>\n<p class=\"p1\"><strong>Pedidos<\/strong><\/p>\n<p class=\"p1\">1. Selecciona o tama\u00f1o desexado.<\/p>\n<p class=\"p1\">2. Revisa os detalles dos soportes >>\u00a0\u00a0<span style=\"color: #33cccc;\"><a style=\"color: #33cccc;\" href=\"https:\/\/www.imaxesdaterra.com\/gal\/soportes\/\" target=\"_blank\" rel=\"noopener noreferrer\"><span class=\"s1\">VER SOPORTES<\/span><\/a><\/span><\/p>\n<p class=\"p1\">3. Selecciona o soporte que m\u00e1is che guste.<\/p>\n<p class=\"p1\">4. Selecciona a cantidade.<\/p>\n<p class=\"p1\">5. Engadir ao carri\u00f1o.<\/p>\n<p class=\"p1\"><strong>Transporte<\/strong><\/p>\n<p class=\"p1\">Revisa os detalles de transporte e impostos >>\u00a0<span style=\"color: #33cccc;\"><a style=\"color: #33cccc;\" href=\"https:\/\/www.imaxesdaterra.com\/gal\/transporte\/\" target=\"_blank\" rel=\"noopener noreferrer\"><span class=\"s1\">VER TRANSPORTE<\/span><\/a><\/span><\/p>\n","protected":false},"excerpt":{"rendered":"<p>Ach\u00e9gase a noite tras do Faro de Fisterra. Asombroso espect\u00e1culo de cores sobre o horizonte onde se atopan o comezo e o final do mar. Galicia, unha terra m\u00e1xica de faros vixiantes ao final do cami\u00f1o. Unha calma infinita sobre o mar que acolle aos peregrinos mentres a posta de sol faise dona dos suspiros. [&hellip;]<\/p>\n","protected":false},"featured_media":8331,"comment_status":"closed","ping_status":"closed","template":"","meta":{"jetpack_post_was_ever_published":false,"jetpack_publicize_message":"","jetpack_is_tweetstorm":false,"jetpack_publicize_feature_enabled":true,"jetpack_social_post_already_shared":true,"jetpack_social_options":{"image_generator_settings":{"template":"highway","enabled":false}}},"product_cat":[137,138],"product_tag":[153,128],"jetpack_publicize_connections":[],"jetpack_sharing_enabled":true,"_links":{"self":[{"href":"https:\/\/www.imaxesdaterra.com\/gl\/wp-json\/wp\/v2\/product\/5636"}],"collection":[{"href":"https:\/\/www.imaxesdaterra.com\/gl\/wp-json\/wp\/v2\/product"}],"about":[{"href":"https:\/\/www.imaxesdaterra.com\/gl\/wp-json\/wp\/v2\/types\/product"}],"replies":[{"embeddable":true,"href":"https:\/\/www.imaxesdaterra.com\/gl\/wp-json\/wp\/v2\/comments?post=5636"}],"wp:featuredmedia":[{"embeddable":true,"href":"https:\/\/www.imaxesdaterra.com\/gl\/wp-json\/wp\/v2\/media\/8331"}],"wp:attachment":[{"href":"https:\/\/www.imaxesdaterra.com\/gl\/wp-json\/wp\/v2\/media?parent=5636"}],"wp:term":[{"taxonomy":"product_cat","embeddable":true,"href":"https:\/\/www.imaxesdaterra.com\/gl\/wp-json\/wp\/v2\/product_cat?post=5636"},{"taxonomy":"product_tag","embeddable":true,"href":"https:\/\/www.imaxesdaterra.com\/gl\/wp-json\/wp\/v2\/product_tag?post=5636"}],"curies":[{"name":"wp","href":"https:\/\/api.w.org\/{rel}","templated":true}]}}