{"id":5623,"date":"2017-11-12T17:53:26","date_gmt":"2017-11-12T17:53:26","guid":{"rendered":"https:\/\/www.imaxesdaterra.com\/tienda\/faro-de-punta-nariga\/"},"modified":"2021-01-25T16:13:00","modified_gmt":"2021-01-25T16:13:00","slug":"faro-de-punta-nariga","status":"publish","type":"product","link":"https:\/\/www.imaxesdaterra.com\/gl\/tenda\/faro-de-punta-nariga\/","title":{"rendered":"Faro de Punta Nariga"},"content":{"rendered":"<div class=\"textboxes\">\n<div class=\"col_b\">\n<div class=\"textbox\">\n<div id=\"contenedor\" class=\"textarea unknown\">\n<p>De lonxe o sol ponse no Faro de Punta Nariga e a s\u00faa silueta solitaria a contraluz \u00e9 testemu\u00f1a incansable da paix\u00f3n coa cal o mar roza as rocas d\u00eda tras d\u00eda, e da tranquilidade que o atardecer regala na Coru\u00f1a. A luz do sol ilumina o \u00faltimo que vai quedando do d\u00eda e reg\u00e1lanos un mar cheo de lume al\u00e1 onde o toca. Unha posta de sol en Galicia que \u00e9 a esencia da calma. Unha imaxe que retrata un dos m\u00e1is fermosos faros de Galicia no medio dunha contorna chea de formaci\u00f3ns rochosas, onde os \u00faltimos raios do sol ofrecen unha das siluetas m\u00e1is excepcionais da noite. Un instante no que se une a acougada costa de Malpica coa creaci\u00f3n do home, capturando este momento m\u00e1xico para sempre.<\/p>\n<hr \/>\n<\/div>\n<\/div>\n<\/div>\n<div class=\"links\">\n<p class=\"p1\"><strong>Pedidos<\/strong><\/p>\n<p class=\"p1\">1. Selecciona o tama\u00f1o desexado.<\/p>\n<p class=\"p1\">2. Revisa os detalles dos soportes &gt;&gt;\u00a0\u00a0<span style=\"color: #33cccc;\"><a style=\"color: #33cccc;\" href=\"https:\/\/www.imaxesdaterra.com\/gal\/soportes\/\" target=\"_blank\" rel=\"noopener noreferrer\"><span class=\"s1\">VER SOPORTES<\/span><\/a><\/span><\/p>\n<p class=\"p1\">3. Selecciona o soporte que m\u00e1is che guste.<\/p>\n<p class=\"p1\">4. Selecciona a cantidade.<\/p>\n<p class=\"p1\">5. Engadir ao carri\u00f1o.<\/p>\n<p class=\"p1\"><strong>Transporte<\/strong><\/p>\n<p class=\"p1\">Revisa os detalles de transporte e impostos. &gt;&gt;\u00a0<span style=\"color: #33cccc;\"><a style=\"color: #33cccc;\" href=\"https:\/\/www.imaxesdaterra.com\/gal\/transporte\/\" target=\"_blank\" rel=\"noopener noreferrer\"><span class=\"s1\">VER TRANSPORTE<\/span><\/a><\/span><\/p>\n<\/div>\n<\/div>\n","protected":false},"excerpt":{"rendered":"<p>De lonxe o sol ponse no Faro de Punta Nariga e a s\u00faa silueta solitaria a contraluz \u00e9 testemu\u00f1a incansable da paix\u00f3n coa cal o mar roza as rocas d\u00eda tras d\u00eda, e da tranquilidade que o atardecer regala na Coru\u00f1a. A luz do sol ilumina o \u00faltimo que vai quedando do d\u00eda e reg\u00e1lanos [&hellip;]<\/p>\n","protected":false},"featured_media":8337,"comment_status":"closed","ping_status":"closed","template":"","meta":{"jetpack_post_was_ever_published":false,"jetpack_publicize_message":"","jetpack_is_tweetstorm":false,"jetpack_publicize_feature_enabled":true,"jetpack_social_post_already_shared":true,"jetpack_social_options":{"image_generator_settings":{"template":"highway","enabled":false}}},"product_cat":[137,138,139],"product_tag":[153,128],"jetpack_publicize_connections":[],"jetpack_sharing_enabled":true,"_links":{"self":[{"href":"https:\/\/www.imaxesdaterra.com\/gl\/wp-json\/wp\/v2\/product\/5623"}],"collection":[{"href":"https:\/\/www.imaxesdaterra.com\/gl\/wp-json\/wp\/v2\/product"}],"about":[{"href":"https:\/\/www.imaxesdaterra.com\/gl\/wp-json\/wp\/v2\/types\/product"}],"replies":[{"embeddable":true,"href":"https:\/\/www.imaxesdaterra.com\/gl\/wp-json\/wp\/v2\/comments?post=5623"}],"wp:featuredmedia":[{"embeddable":true,"href":"https:\/\/www.imaxesdaterra.com\/gl\/wp-json\/wp\/v2\/media\/8337"}],"wp:attachment":[{"href":"https:\/\/www.imaxesdaterra.com\/gl\/wp-json\/wp\/v2\/media?parent=5623"}],"wp:term":[{"taxonomy":"product_cat","embeddable":true,"href":"https:\/\/www.imaxesdaterra.com\/gl\/wp-json\/wp\/v2\/product_cat?post=5623"},{"taxonomy":"product_tag","embeddable":true,"href":"https:\/\/www.imaxesdaterra.com\/gl\/wp-json\/wp\/v2\/product_tag?post=5623"}],"curies":[{"name":"wp","href":"https:\/\/api.w.org\/{rel}","templated":true}]}}