{"id":5610,"date":"2017-11-16T17:58:02","date_gmt":"2017-11-16T17:58:02","guid":{"rendered":"https:\/\/www.imaxesdaterra.com\/tienda\/faro-de-cabo-vilan\/"},"modified":"2022-03-03T17:06:52","modified_gmt":"2022-03-03T17:06:52","slug":"faro-de-cabo-vilan","status":"publish","type":"product","link":"https:\/\/www.imaxesdaterra.com\/gl\/tenda\/faro-de-cabo-vilan\/","title":{"rendered":"Faro de Cabo Vil\u00e1n"},"content":{"rendered":"<p>A tarde chegou no Faro de Cabo Vil\u00e1n e reg\u00e1lanos un desas paisaxes que nos sacan o alento e que nos deixan sen palabras. Tranquilos veleiros navegan e son testemu\u00f1as da fermosa silueta da Costa da Morte, que silenciosa e est\u00e1tica, soporta a estrutura daquel faro vixiante, que lonxe parece apenas un recordo. A Costa da Morte alberga no seu interior o Faro de Cabo Vil\u00e1n. Un magn\u00edfico lugar cunha vista panor\u00e1mica das paisaxes mari\u00f1as de Galicia. Fotograf\u00eda dunha c\u00e1lida tarde de ver\u00e1n no Faro de Cabo Vil\u00e1n que deixa ver o contorno das s\u00faas rocas e picos a contraluz, pezas que encaixan perfectamente unas con outras sobre a superficie calma do mar.<\/p>\n<hr \/>\n<p class=\"p1\"><strong>Pedidos<\/strong><\/p>\n<p class=\"p1\">1. Selecciona o tama\u00f1o desexado.<\/p>\n<p class=\"p1\">2. Revisa os detalles dos soportes &gt;&gt;\u00a0\u00a0<span style=\"color: #33cccc;\"><a style=\"color: #33cccc;\" href=\"https:\/\/www.imaxesdaterra.com\/gal\/soportes\/\" target=\"_blank\" rel=\"noopener noreferrer\"><span class=\"s1\">VER SOPORTES<\/span><\/a><\/span><\/p>\n<p class=\"p1\">3. Selecciona o soporte que m\u00e1is che guste.<\/p>\n<p class=\"p1\">4. Selecciona a cantidade.<\/p>\n<p class=\"p1\">5. Engadir ao carri\u00f1o.<\/p>\n<p class=\"p1\"><strong>Transporte<\/strong><\/p>\n<p class=\"p1\">Revisa os detalles de transporte e impostos &gt;&gt;\u00a0<span style=\"color: #33cccc;\"><a style=\"color: #33cccc;\" href=\"https:\/\/www.imaxesdaterra.com\/gal\/transporte\/\" target=\"_blank\" rel=\"noopener noreferrer\"><span class=\"s1\">VER TRANSPORTE<\/span><\/a><\/span><\/p>\n","protected":false},"excerpt":{"rendered":"<p>A tarde chegou no Faro de Cabo Vil\u00e1n e reg\u00e1lanos un desas paisaxes que nos sacan o alento e que nos deixan sen palabras. Tranquilos veleiros navegan e son testemu\u00f1as da fermosa silueta da Costa da Morte, que silenciosa e est\u00e1tica, soporta a estrutura daquel faro vixiante, que lonxe parece apenas un recordo. A Costa [&hellip;]<\/p>\n","protected":false},"featured_media":8235,"comment_status":"closed","ping_status":"closed","template":"","meta":{"jetpack_post_was_ever_published":false,"jetpack_publicize_message":"","jetpack_is_tweetstorm":false,"jetpack_publicize_feature_enabled":true,"jetpack_social_post_already_shared":true,"jetpack_social_options":{"image_generator_settings":{"template":"highway","enabled":false}}},"product_cat":[137,138,139],"product_tag":[153,128],"jetpack_publicize_connections":[],"jetpack_sharing_enabled":true,"_links":{"self":[{"href":"https:\/\/www.imaxesdaterra.com\/gl\/wp-json\/wp\/v2\/product\/5610"}],"collection":[{"href":"https:\/\/www.imaxesdaterra.com\/gl\/wp-json\/wp\/v2\/product"}],"about":[{"href":"https:\/\/www.imaxesdaterra.com\/gl\/wp-json\/wp\/v2\/types\/product"}],"replies":[{"embeddable":true,"href":"https:\/\/www.imaxesdaterra.com\/gl\/wp-json\/wp\/v2\/comments?post=5610"}],"wp:featuredmedia":[{"embeddable":true,"href":"https:\/\/www.imaxesdaterra.com\/gl\/wp-json\/wp\/v2\/media\/8235"}],"wp:attachment":[{"href":"https:\/\/www.imaxesdaterra.com\/gl\/wp-json\/wp\/v2\/media?parent=5610"}],"wp:term":[{"taxonomy":"product_cat","embeddable":true,"href":"https:\/\/www.imaxesdaterra.com\/gl\/wp-json\/wp\/v2\/product_cat?post=5610"},{"taxonomy":"product_tag","embeddable":true,"href":"https:\/\/www.imaxesdaterra.com\/gl\/wp-json\/wp\/v2\/product_tag?post=5610"}],"curies":[{"name":"wp","href":"https:\/\/api.w.org\/{rel}","templated":true}]}}