{"id":5480,"date":"2017-11-20T08:39:36","date_gmt":"2017-11-20T08:39:36","guid":{"rendered":"https:\/\/www.imaxesdaterra.com\/tienda\/virxen-do-porto\/"},"modified":"2022-03-03T17:07:39","modified_gmt":"2022-03-03T17:07:39","slug":"virxen-do-porto","status":"publish","type":"product","link":"https:\/\/www.imaxesdaterra.com\/gl\/tenda\/virxen-do-porto\/","title":{"rendered":"Virxen do Porto"},"content":{"rendered":"<p>D\u00eda de temporal cun ceo nubrado que coroa esta paisaxe natural. As ondas de mar bravas rompen contra as rocas e parecen querer traspasar furiosas o santuario da Virxen do Porto. Unha Ermida tranquila vese solitaria no medio da natureza, imp\u00f3n o seu ambiente de calma e de tranquilidade a\u00ednda no medio da tormenta m\u00e1is furiosa de todas. Imaxe que captura as cores fr\u00edas dun d\u00eda de temporal na Ermida da Virxen do Porto en Valdovi\u00f1o. Capt\u00farase o bater das ondas, o seu choque contra as pedras e a gran cantidade de min\u00fasculas burbullas formadas na superficie que se estenden como unha capa de escuma sobre a superficie en movemento. Predomina o branco, a frescura, a brisa mari\u00f1a. Unha fotograf\u00eda que nos convida \u00e1 calma a\u00ednda nos d\u00edas de maior tormenta.<\/p>\n<hr \/>\n<p class=\"p1\"><strong>Pedidos<\/strong><\/p>\n<p class=\"p1\">1. Selecciona o tama\u00f1o desexado.<\/p>\n<p class=\"p1\">2. Revisa os detalles dos soportes >> <span style=\"color: #33cccc;\">\u00a0<a style=\"color: #33cccc;\" href=\"https:\/\/www.imaxesdaterra.com\/gal\/soportes\/\" target=\"_blank\" rel=\"noopener noreferrer\"><span class=\"s1\">VER SOPORTES<\/span><\/a><\/span><\/p>\n<p class=\"p1\">3. Selecciona o soporte que m\u00e1is che guste.<\/p>\n<p class=\"p1\">4. Selecciona a cantidade.<\/p>\n<p class=\"p1\">5. Engadir ao carri\u00f1o.<\/p>\n<p class=\"p1\"><strong>Transporte<\/strong><\/p>\n<p class=\"p1\">Revisa os detalles de transporte e impostos. >>\u00a0<span style=\"color: #33cccc;\"><a style=\"color: #33cccc;\" href=\"https:\/\/www.imaxesdaterra.com\/gal\/transporte\/\" target=\"_blank\" rel=\"noopener noreferrer\"><span class=\"s1\">VER TRANSPORTE<\/span><\/a><\/span><\/p>\n","protected":false},"excerpt":{"rendered":"<p>D\u00eda de temporal cun ceo nubrado que coroa esta paisaxe natural. As ondas de mar bravas rompen contra as rocas e parecen querer traspasar furiosas o santuario da Virxen do Porto. Unha Ermida tranquila vese solitaria no medio da natureza, imp\u00f3n o seu ambiente de calma e de tranquilidade a\u00ednda no medio da tormenta m\u00e1is [&hellip;]<\/p>\n","protected":false},"featured_media":12334,"comment_status":"closed","ping_status":"closed","template":"","meta":{"jetpack_post_was_ever_published":false,"jetpack_publicize_message":"","jetpack_is_tweetstorm":false,"jetpack_publicize_feature_enabled":true,"jetpack_social_post_already_shared":true,"jetpack_social_options":{"image_generator_settings":{"template":"highway","enabled":false}}},"product_cat":[139,140],"product_tag":[153,128],"jetpack_publicize_connections":[],"jetpack_sharing_enabled":true,"_links":{"self":[{"href":"https:\/\/www.imaxesdaterra.com\/gl\/wp-json\/wp\/v2\/product\/5480"}],"collection":[{"href":"https:\/\/www.imaxesdaterra.com\/gl\/wp-json\/wp\/v2\/product"}],"about":[{"href":"https:\/\/www.imaxesdaterra.com\/gl\/wp-json\/wp\/v2\/types\/product"}],"replies":[{"embeddable":true,"href":"https:\/\/www.imaxesdaterra.com\/gl\/wp-json\/wp\/v2\/comments?post=5480"}],"wp:featuredmedia":[{"embeddable":true,"href":"https:\/\/www.imaxesdaterra.com\/gl\/wp-json\/wp\/v2\/media\/12334"}],"wp:attachment":[{"href":"https:\/\/www.imaxesdaterra.com\/gl\/wp-json\/wp\/v2\/media?parent=5480"}],"wp:term":[{"taxonomy":"product_cat","embeddable":true,"href":"https:\/\/www.imaxesdaterra.com\/gl\/wp-json\/wp\/v2\/product_cat?post=5480"},{"taxonomy":"product_tag","embeddable":true,"href":"https:\/\/www.imaxesdaterra.com\/gl\/wp-json\/wp\/v2\/product_tag?post=5480"}],"curies":[{"name":"wp","href":"https:\/\/api.w.org\/{rel}","templated":true}]}}