{"id":5376,"date":"2017-11-17T09:30:36","date_gmt":"2017-11-17T09:30:36","guid":{"rendered":"https:\/\/www.imaxesdaterra.com\/tienda\/pedras-porto-de-bares\/"},"modified":"2022-03-03T17:08:19","modified_gmt":"2022-03-03T17:08:19","slug":"pedras-porto-de-bares","status":"publish","type":"product","link":"https:\/\/www.imaxesdaterra.com\/gl\/tenda\/pedras-porto-de-bares\/","title":{"rendered":"Pedras Porto de Bares"},"content":{"rendered":"<p>Fr\u00edo e calma. As rocas tranquilas repousan no Porto de Bares. Superficie rugosa que se torna fr\u00eda ao tacto e c\u00e1lida ante os raios do sol. S\u00e9culos de historia, superficie varrida polo tempo. Unha imaxe que transmite calma, pureza, frescura e pasividade.<\/p>\n<p>No pequeno Porto de Bares at\u00f3pase un espig\u00f3n formado por unha multitude de rocas redondas. As mesmas son froito do desgaste de s\u00e9culos e s\u00e9culos e dise que a orixe deste porto \u00e9 fenicio. Unha imaxe en branco e negro chamada Pedras Porto de Bares mostra as rocas coa s\u00faa perfecta forma redondeada, apiladas formando unha gran extensi\u00f3n.<\/p>\n<hr \/>\n<p class=\"p1\"><strong>Pedidos<\/strong><\/p>\n<p class=\"p1\">1. Selecciona o tama\u00f1o desexado.<\/p>\n<p class=\"p1\">2. Revisa os detalles dos soportes ( FineArt, Lenzo o Metacrilato ) &gt;&gt;\u00a0\u00a0<span style=\"color: #33cccc;\"><a style=\"color: #33cccc;\" href=\"http:\/\/www.imaxesdaterra.com\/gal\/soportes\/\" target=\"_blank\" rel=\"noopener noreferrer\"><span class=\"s1\">VER SOPORTES<\/span><\/a><\/span><\/p>\n<p class=\"p1\">3. Selecciona o soporte que m\u00e1is che guste.<\/p>\n<p class=\"p1\">4. Selecciona a cantidade.<\/p>\n<p class=\"p1\">5. Engadir ao carri\u00f1o.<\/p>\n<p class=\"p1\"><strong>Transporte<\/strong><\/p>\n<p class=\"p1\">Revisa os detalles de transporte e impostos. &gt;&gt;\u00a0<span style=\"color: #33cccc;\"><a style=\"color: #33cccc;\" href=\"http:\/\/www.imaxesdaterra.com\/gal\/transporte\/\" target=\"_blank\" rel=\"noopener noreferrer\"><span class=\"s1\">VER TRANSPORTE<\/span><\/a><\/span><\/p>\n","protected":false},"excerpt":{"rendered":"<p>Fr\u00edo e calma. As rocas tranquilas repousan no Porto de Bares. Superficie rugosa que se torna fr\u00eda ao tacto e c\u00e1lida ante os raios do sol. S\u00e9culos de historia, superficie varrida polo tempo. Unha imaxe que transmite calma, pureza, frescura e pasividade. No pequeno Porto de Bares at\u00f3pase un espig\u00f3n formado por unha multitude de [&hellip;]<\/p>\n","protected":false},"featured_media":4390,"comment_status":"closed","ping_status":"closed","template":"","meta":{"jetpack_post_was_ever_published":false,"jetpack_publicize_message":"","jetpack_is_tweetstorm":false,"jetpack_publicize_feature_enabled":true,"jetpack_social_post_already_shared":true,"jetpack_social_options":{"image_generator_settings":{"template":"highway","enabled":false}}},"product_cat":[147,139],"product_tag":[153,128,157],"jetpack_publicize_connections":[],"jetpack_sharing_enabled":true,"_links":{"self":[{"href":"https:\/\/www.imaxesdaterra.com\/gl\/wp-json\/wp\/v2\/product\/5376"}],"collection":[{"href":"https:\/\/www.imaxesdaterra.com\/gl\/wp-json\/wp\/v2\/product"}],"about":[{"href":"https:\/\/www.imaxesdaterra.com\/gl\/wp-json\/wp\/v2\/types\/product"}],"replies":[{"embeddable":true,"href":"https:\/\/www.imaxesdaterra.com\/gl\/wp-json\/wp\/v2\/comments?post=5376"}],"wp:featuredmedia":[{"embeddable":true,"href":"https:\/\/www.imaxesdaterra.com\/gl\/wp-json\/wp\/v2\/media\/4390"}],"wp:attachment":[{"href":"https:\/\/www.imaxesdaterra.com\/gl\/wp-json\/wp\/v2\/media?parent=5376"}],"wp:term":[{"taxonomy":"product_cat","embeddable":true,"href":"https:\/\/www.imaxesdaterra.com\/gl\/wp-json\/wp\/v2\/product_cat?post=5376"},{"taxonomy":"product_tag","embeddable":true,"href":"https:\/\/www.imaxesdaterra.com\/gl\/wp-json\/wp\/v2\/product_tag?post=5376"}],"curies":[{"name":"wp","href":"https:\/\/api.w.org\/{rel}","templated":true}]}}