{"id":5363,"date":"2017-11-17T09:37:58","date_gmt":"2017-11-17T09:37:58","guid":{"rendered":"https:\/\/www.imaxesdaterra.com\/tienda\/ria-do-barqueiro\/"},"modified":"2022-03-03T17:08:27","modified_gmt":"2022-03-03T17:08:27","slug":"ria-do-barqueiro","status":"publish","type":"product","link":"https:\/\/www.imaxesdaterra.com\/gl\/tenda\/ria-do-barqueiro\/","title":{"rendered":"R\u00eda do Barqueiro"},"content":{"rendered":"<div class=\"col_a\">\n<div class=\"textbox\">\n<div class=\"options\">\n<div id=\"count\" class=\"count\">Fermosa paisaxe da R\u00eda Do Barqueiro. A auga n\u00f3tase en calma sobre a superficie, s\u00f3 perturbable polos pequenos movementos do vento. Sobre a r\u00eda un ceo gris que anuncia temporal. Esta fermosa r\u00eda \u00e9 un verdadeiro tesouro natural, que re\u00fane enseadas, praias e gran variedade de aves. A Costa Norte de Galicia \u00e9 o lugar onde se atopa situado o porto pesqueiro de Bares. A orixe mari\u00f1eira deste porto, a beleza das s\u00faas paisaxes e sobre todo esa extensi\u00f3n de auga azul verdosa tranquila e rodeada por formaci\u00f3ns monta\u00f1osas.<\/div>\n<div>\n<hr \/>\n<p class=\"p1\"><strong>Pedidos<\/strong><\/p>\n<p class=\"p1\">1. Selecciona o tama\u00f1o desexado.<\/p>\n<p class=\"p1\">2. Revisa os detalles dos soportes ( FineArt, Lenzo o Metacrilato ) &gt;&gt;\u00a0\u00a0<span style=\"color: #33cccc;\"><a style=\"color: #33cccc;\" href=\"http:\/\/www.imaxesdaterra.com\/gal\/soportes\/\" target=\"_blank\" rel=\"noopener noreferrer\"><span class=\"s1\">VER SOPORTES<\/span><\/a><\/span><\/p>\n<p class=\"p1\">3. Selecciona o soporte que m\u00e1is che guste.<\/p>\n<p class=\"p1\">4. Selecciona a cantidade.<\/p>\n<p class=\"p1\">5. Engadir ao carri\u00f1o.<\/p>\n<p class=\"p1\"><strong>Transporte<\/strong><\/p>\n<p class=\"p1\">Revisa os detalles de transporte e impostos. &gt;&gt;<span style=\"color: #33cccc;\">\u00a0<a style=\"color: #33cccc;\" href=\"http:\/\/www.imaxesdaterra.com\/gal\/transporte\/\" target=\"_blank\" rel=\"noopener noreferrer\"><span class=\"s1\">VER TRANSPORTE<\/span><\/a><\/span><\/p>\n<\/div>\n<\/div>\n<\/div>\n<\/div>\n","protected":false},"excerpt":{"rendered":"<p>Fermosa paisaxe da R\u00eda Do Barqueiro. A auga n\u00f3tase en calma sobre a superficie, s\u00f3 perturbable polos pequenos movementos do vento. Sobre a r\u00eda un ceo gris que anuncia temporal. Esta fermosa r\u00eda \u00e9 un verdadeiro tesouro natural, que re\u00fane enseadas, praias e gran variedade de aves. A Costa Norte de Galicia \u00e9 o lugar [&hellip;]<\/p>\n","protected":false},"featured_media":4423,"comment_status":"closed","ping_status":"closed","template":"","meta":{"jetpack_post_was_ever_published":false,"jetpack_publicize_message":"","jetpack_is_tweetstorm":false,"jetpack_publicize_feature_enabled":true,"jetpack_social_post_already_shared":true,"jetpack_social_options":{"image_generator_settings":{"template":"highway","enabled":false}}},"product_cat":[139,140],"product_tag":[153,128,157],"jetpack_publicize_connections":[],"jetpack_sharing_enabled":true,"_links":{"self":[{"href":"https:\/\/www.imaxesdaterra.com\/gl\/wp-json\/wp\/v2\/product\/5363"}],"collection":[{"href":"https:\/\/www.imaxesdaterra.com\/gl\/wp-json\/wp\/v2\/product"}],"about":[{"href":"https:\/\/www.imaxesdaterra.com\/gl\/wp-json\/wp\/v2\/types\/product"}],"replies":[{"embeddable":true,"href":"https:\/\/www.imaxesdaterra.com\/gl\/wp-json\/wp\/v2\/comments?post=5363"}],"wp:featuredmedia":[{"embeddable":true,"href":"https:\/\/www.imaxesdaterra.com\/gl\/wp-json\/wp\/v2\/media\/4423"}],"wp:attachment":[{"href":"https:\/\/www.imaxesdaterra.com\/gl\/wp-json\/wp\/v2\/media?parent=5363"}],"wp:term":[{"taxonomy":"product_cat","embeddable":true,"href":"https:\/\/www.imaxesdaterra.com\/gl\/wp-json\/wp\/v2\/product_cat?post=5363"},{"taxonomy":"product_tag","embeddable":true,"href":"https:\/\/www.imaxesdaterra.com\/gl\/wp-json\/wp\/v2\/product_tag?post=5363"}],"curies":[{"name":"wp","href":"https:\/\/api.w.org\/{rel}","templated":true}]}}