{"id":5350,"date":"2017-11-17T09:39:47","date_gmt":"2017-11-17T09:39:47","guid":{"rendered":"https:\/\/www.imaxesdaterra.com\/tienda\/faro-cabo-ortegal\/"},"modified":"2022-03-03T17:08:27","modified_gmt":"2022-03-03T17:08:27","slug":"faro-cabo-ortegal","status":"publish","type":"product","link":"https:\/\/www.imaxesdaterra.com\/gl\/tenda\/faro-cabo-ortegal\/","title":{"rendered":"Faro de Cabo Ortegal"},"content":{"rendered":"<p>Un espect\u00e1culo de cores que espertan os sentidos. Un faro cheo de vida que vix\u00eda de fronte os cant\u00eds d\u00e1 Herb\u00e9ira. Formaci\u00f3ns monta\u00f1osas e rochosas que se estreitan nun abrazo contra o mar. A brisa salgada contra o rostro e ao fondo, un atardecer que se escapa tras o horizonte mari\u00f1o en calma.<\/p>\n<p>Imaxe impo\u00f1ente que re\u00fane dous elementos, un natural e un creado polo home. Os cant\u00eds d\u00e1 Herbeira, situados en Galicia son capaces de quitarlle o alento a calquera, sobre todo observados desde un dos Faros m\u00e1is pintorescos de Galicia, como o \u00e9 o Faro de Cabo Ortegal.<\/p>\n<hr \/>\n<p class=\"p1\"><strong>Pedidos<\/strong><\/p>\n<p class=\"p1\">1. Selecciona o tama\u00f1o desexado.<\/p>\n<p class=\"p1\">2. Revisa os detalles dos soportes \u00a0&gt;&gt;\u00a0\u00a0<span style=\"color: #33cccc;\"><a style=\"color: #33cccc;\" href=\"https:\/\/www.imaxesdaterra.com\/gal\/soportes\/\" target=\"_blank\" rel=\"noopener noreferrer\"><span class=\"s1\">VER SOPORTES<\/span><\/a><\/span><\/p>\n<p class=\"p1\">3. Selecciona o soporte que m\u00e1is che guste.<\/p>\n<p class=\"p1\">4. Selecciona a cantidade.<\/p>\n<p class=\"p1\">5. Engadir ao carri\u00f1o.<\/p>\n<p class=\"p1\"><strong>Transporte<\/strong><\/p>\n<p class=\"p1\">Revisa os detalles de transporte e impostos &gt;&gt;\u00a0<span style=\"color: #33cccc;\"><a style=\"color: #33cccc;\" href=\"https:\/\/www.imaxesdaterra.com\/gal\/transporte\/\" target=\"_blank\" rel=\"noopener noreferrer\"><span class=\"s1\">VER TRANSPORTE<\/span><\/a><\/span><\/p>\n","protected":false},"excerpt":{"rendered":"<p>Un espect\u00e1culo de cores que espertan os sentidos. Un faro cheo de vida que vix\u00eda de fronte os cant\u00eds d\u00e1 Herb\u00e9ira. Formaci\u00f3ns monta\u00f1osas e rochosas que se estreitan nun abrazo contra o mar. A brisa salgada contra o rostro e ao fondo, un atardecer que se escapa tras o horizonte mari\u00f1o en calma. Imaxe impo\u00f1ente [&hellip;]<\/p>\n","protected":false},"featured_media":8229,"comment_status":"closed","ping_status":"closed","template":"","meta":{"jetpack_post_was_ever_published":false,"jetpack_publicize_message":"","jetpack_is_tweetstorm":false,"jetpack_publicize_feature_enabled":true,"jetpack_social_post_already_shared":true,"jetpack_social_options":{"image_generator_settings":{"template":"highway","enabled":false}}},"product_cat":[138,139],"product_tag":[153,128],"jetpack_publicize_connections":[],"jetpack_sharing_enabled":true,"_links":{"self":[{"href":"https:\/\/www.imaxesdaterra.com\/gl\/wp-json\/wp\/v2\/product\/5350"}],"collection":[{"href":"https:\/\/www.imaxesdaterra.com\/gl\/wp-json\/wp\/v2\/product"}],"about":[{"href":"https:\/\/www.imaxesdaterra.com\/gl\/wp-json\/wp\/v2\/types\/product"}],"replies":[{"embeddable":true,"href":"https:\/\/www.imaxesdaterra.com\/gl\/wp-json\/wp\/v2\/comments?post=5350"}],"wp:featuredmedia":[{"embeddable":true,"href":"https:\/\/www.imaxesdaterra.com\/gl\/wp-json\/wp\/v2\/media\/8229"}],"wp:attachment":[{"href":"https:\/\/www.imaxesdaterra.com\/gl\/wp-json\/wp\/v2\/media?parent=5350"}],"wp:term":[{"taxonomy":"product_cat","embeddable":true,"href":"https:\/\/www.imaxesdaterra.com\/gl\/wp-json\/wp\/v2\/product_cat?post=5350"},{"taxonomy":"product_tag","embeddable":true,"href":"https:\/\/www.imaxesdaterra.com\/gl\/wp-json\/wp\/v2\/product_tag?post=5350"}],"curies":[{"name":"wp","href":"https:\/\/api.w.org\/{rel}","templated":true}]}}