{"id":5243,"date":"2017-11-17T11:16:58","date_gmt":"2017-11-17T11:16:58","guid":{"rendered":"https:\/\/www.imaxesdaterra.com\/tienda\/a-barca-no-mar\/"},"modified":"2022-03-03T17:09:16","modified_gmt":"2022-03-03T17:09:16","slug":"a-barca-no-mar","status":"publish","type":"product","link":"https:\/\/www.imaxesdaterra.com\/gl\/tenda\/a-barca-no-mar\/","title":{"rendered":"A Barca no mar"},"content":{"rendered":"<p>O ceo e o mar se han divido. Mentres arriba resp\u00edrase unha calma fr\u00eda, abaixo o bater das ondas todo rev\u00f3lveo, chocando e chocando entre elas para formar unha infinidade de escuma mari\u00f1a. E na superficie at\u00f3pase sempre o Santuario d\u00e1 Virxen d\u00e1 Barca, sometido ao constante vaiv\u00e9n do mar, pero sempre rodeado de m\u00e1xicas paisaxes e un horizonte infinito.<\/p>\n<p>Xusto fronte ao Oc\u00e9ano Atl\u00e1ntico at\u00f3pase o santuario d\u00e1 Virxen d\u00e1 Barca de Mux\u00eda. O mesmo navega como unha barca a merc\u00e9 do mar nos d\u00edas de temporal. Imaxe que re\u00fane dous elementos m\u00e1xicos da paisaxe de Muxia. O santuario silencioso e en calma, e a furia do mar nun d\u00eda de temporal.<\/p>\n<hr \/>\n<p class=\"p1\"><strong>Pedidos<\/strong><\/p>\n<p class=\"p1\">1. Selecciona o tama\u00f1o desexado.<\/p>\n<p class=\"p1\">2. Revisa os detalles dos soportes ( FineArt, Lenzo o Metacrilato ) &gt;&gt;\u00a0\u00a0<span style=\"color: #33cccc;\"><a style=\"color: #33cccc;\" href=\"http:\/\/www.imaxesdaterra.com\/gal\/soportes\/\" target=\"_blank\" rel=\"noopener noreferrer\"><span class=\"s1\">VER SOPORTES<\/span><\/a><\/span><\/p>\n<p class=\"p1\">3. Selecciona o soporte que m\u00e1is che guste.<\/p>\n<p class=\"p1\">4. Selecciona a cantidade.<\/p>\n<p class=\"p1\">5. Engadir ao carri\u00f1o.<\/p>\n<p class=\"p1\"><strong>Transporte<\/strong><\/p>\n<p class=\"p1\">Revisa os detalles de transporte e impostos. &gt;&gt;\u00a0<span style=\"color: #33cccc;\"><a style=\"color: #33cccc;\" href=\"http:\/\/www.imaxesdaterra.com\/gal\/transporte\/\" target=\"_blank\" rel=\"noopener noreferrer\"><span class=\"s1\">VER TRANSPORTE<\/span><\/a><\/span><\/p>\n","protected":false},"excerpt":{"rendered":"<p>O ceo e o mar se han divido. Mentres arriba resp\u00edrase unha calma fr\u00eda, abaixo o bater das ondas todo rev\u00f3lveo, chocando e chocando entre elas para formar unha infinidade de escuma mari\u00f1a. E na superficie at\u00f3pase sempre o Santuario d\u00e1 Virxen d\u00e1 Barca, sometido ao constante vaiv\u00e9n do mar, pero sempre rodeado de m\u00e1xicas [&hellip;]<\/p>\n","protected":false},"featured_media":6867,"comment_status":"closed","ping_status":"closed","template":"","meta":{"jetpack_post_was_ever_published":false,"jetpack_publicize_message":"","jetpack_is_tweetstorm":false,"jetpack_publicize_feature_enabled":true,"jetpack_social_post_already_shared":true,"jetpack_social_options":{"image_generator_settings":{"template":"highway","enabled":false}}},"product_cat":[139],"product_tag":[153,128],"jetpack_publicize_connections":[],"jetpack_sharing_enabled":true,"_links":{"self":[{"href":"https:\/\/www.imaxesdaterra.com\/gl\/wp-json\/wp\/v2\/product\/5243"}],"collection":[{"href":"https:\/\/www.imaxesdaterra.com\/gl\/wp-json\/wp\/v2\/product"}],"about":[{"href":"https:\/\/www.imaxesdaterra.com\/gl\/wp-json\/wp\/v2\/types\/product"}],"replies":[{"embeddable":true,"href":"https:\/\/www.imaxesdaterra.com\/gl\/wp-json\/wp\/v2\/comments?post=5243"}],"wp:featuredmedia":[{"embeddable":true,"href":"https:\/\/www.imaxesdaterra.com\/gl\/wp-json\/wp\/v2\/media\/6867"}],"wp:attachment":[{"href":"https:\/\/www.imaxesdaterra.com\/gl\/wp-json\/wp\/v2\/media?parent=5243"}],"wp:term":[{"taxonomy":"product_cat","embeddable":true,"href":"https:\/\/www.imaxesdaterra.com\/gl\/wp-json\/wp\/v2\/product_cat?post=5243"},{"taxonomy":"product_tag","embeddable":true,"href":"https:\/\/www.imaxesdaterra.com\/gl\/wp-json\/wp\/v2\/product_tag?post=5243"}],"curies":[{"name":"wp","href":"https:\/\/api.w.org\/{rel}","templated":true}]}}