{"id":5217,"date":"2017-11-17T11:57:58","date_gmt":"2017-11-17T11:57:58","guid":{"rendered":"https:\/\/www.imaxesdaterra.com\/tienda\/universo-laxe-das-rodas\/"},"modified":"2022-03-03T17:09:40","modified_gmt":"2022-03-03T17:09:40","slug":"universo-laxe-das-rodas","status":"publish","type":"product","link":"https:\/\/www.imaxesdaterra.com\/gl\/tenda\/universo-laxe-das-rodas\/","title":{"rendered":"Universo Laxe das Rodas"},"content":{"rendered":"<p>Noite estrelada en Galicia. Un ceo que se tingue de purpura e que baila coas estrelas \u00e9 testemu\u00f1a fiel dun lugar encantado. Sempre sobre a roca permanece o petr\u00f3glifo Laxe d\u00e1s Rodas. Fr\u00edo a tacto, cheo de historia e anos. Unha noite c\u00e1lida que \u00e9 o perfecto escenario dunha terra chea de maxia.<\/p>\n<p>Dentro dunha imaxe ben estudada e iluminada, cons\u00e9guese reunir o petr\u00f3glifo \u201cLaxe d\u00e1s Rodas\u201d, un dos m\u00e1is representativos do megalitismo en Galicia, coas s\u00faas circunferencias talladas na pedra, xunto cun universo estrelado de fondo, cheo de cores que espertan sentimentos no interior.<\/p>\n<hr \/>\n<p class=\"p1\"><strong>Pedidos<\/strong><\/p>\n<p class=\"p1\">1. Selecciona o tama\u00f1o desexado.<\/p>\n<p class=\"p1\">2. Revisa os detalles dos soportes >>\u00a0\u00a0<span style=\"color: #33cccc;\"><a style=\"color: #33cccc;\" href=\"https:\/\/www.imaxesdaterra.com\/gal\/soportes\/\" target=\"_blank\" rel=\"noopener noreferrer\"><span class=\"s1\">VER SOPORTES<\/span><\/a><\/span><\/p>\n<p class=\"p1\">3. Selecciona o soporte que m\u00e1is che guste.<\/p>\n<p class=\"p1\">4. Selecciona a cantidade.<\/p>\n<p class=\"p1\">5. Engadir ao carri\u00f1o.<\/p>\n<p class=\"p1\"><strong>Transporte<\/strong><\/p>\n<p class=\"p1\">Revisa os detalles de transporte e impostos. >>\u00a0<span style=\"color: #33cccc;\"><a style=\"color: #33cccc;\" href=\"https:\/\/www.imaxesdaterra.com\/gal\/transporte\/\" target=\"_blank\" rel=\"noopener noreferrer\"><span class=\"s1\">VER TRANSPORTE<\/span><\/a><\/span><\/p>\n","protected":false},"excerpt":{"rendered":"<p>Noite estrelada en Galicia. Un ceo que se tingue de purpura e que baila coas estrelas \u00e9 testemu\u00f1a fiel dun lugar encantado. Sempre sobre a roca permanece o petr\u00f3glifo Laxe d\u00e1s Rodas. Fr\u00edo a tacto, cheo de historia e anos. Unha noite c\u00e1lida que \u00e9 o perfecto escenario dunha terra chea de maxia. Dentro dunha [&hellip;]<\/p>\n","protected":false},"featured_media":8358,"comment_status":"closed","ping_status":"closed","template":"","meta":{"jetpack_post_was_ever_published":false,"jetpack_publicize_message":"","jetpack_is_tweetstorm":false,"jetpack_publicize_feature_enabled":true,"jetpack_social_post_already_shared":true,"jetpack_social_options":{"image_generator_settings":{"template":"highway","enabled":false}}},"product_cat":[149],"product_tag":[153,128],"jetpack_publicize_connections":[],"jetpack_sharing_enabled":true,"_links":{"self":[{"href":"https:\/\/www.imaxesdaterra.com\/gl\/wp-json\/wp\/v2\/product\/5217"}],"collection":[{"href":"https:\/\/www.imaxesdaterra.com\/gl\/wp-json\/wp\/v2\/product"}],"about":[{"href":"https:\/\/www.imaxesdaterra.com\/gl\/wp-json\/wp\/v2\/types\/product"}],"replies":[{"embeddable":true,"href":"https:\/\/www.imaxesdaterra.com\/gl\/wp-json\/wp\/v2\/comments?post=5217"}],"wp:featuredmedia":[{"embeddable":true,"href":"https:\/\/www.imaxesdaterra.com\/gl\/wp-json\/wp\/v2\/media\/8358"}],"wp:attachment":[{"href":"https:\/\/www.imaxesdaterra.com\/gl\/wp-json\/wp\/v2\/media?parent=5217"}],"wp:term":[{"taxonomy":"product_cat","embeddable":true,"href":"https:\/\/www.imaxesdaterra.com\/gl\/wp-json\/wp\/v2\/product_cat?post=5217"},{"taxonomy":"product_tag","embeddable":true,"href":"https:\/\/www.imaxesdaterra.com\/gl\/wp-json\/wp\/v2\/product_tag?post=5217"}],"curies":[{"name":"wp","href":"https:\/\/api.w.org\/{rel}","templated":true}]}}