{"id":5204,"date":"2017-11-17T12:08:23","date_gmt":"2017-11-17T12:08:23","guid":{"rendered":"https:\/\/www.imaxesdaterra.com\/tienda\/laxe-dos-carballos\/"},"modified":"2022-03-03T17:09:40","modified_gmt":"2022-03-03T17:09:40","slug":"laxe-dos-carballos","status":"publish","type":"product","link":"https:\/\/www.imaxesdaterra.com\/gl\/tenda\/laxe-dos-carballos\/","title":{"rendered":"Laxe dos Carballos"},"content":{"rendered":"<div class=\"col_b\">\n<div class=\"textbox\">\n<div id=\"contenedor\" class=\"textarea unknown\">Un cervo hastado que mira desde a roca. Un dos petr\u00f3glifos m\u00e1is significativos de Galicia, <strong>Laxe dous Carballos<\/strong>. Formaci\u00f3ns talladas con anos e anos de historia que espertan a imaxinaci\u00f3n e a curiosidade no interior.<\/div>\n<div class=\"textarea unknown\">Dentro do Parque Arqueol\u00f3xico de Campo Lameiro, situado no municipio de Campo Lameiro, provincia de Pontevedra. Ten unha extensi\u00f3n de 21,8 hect\u00e1reas e alberga no seu interior preto de 100 rocas con gravados e petr\u00f3glifos de gran valor arqueol\u00f3xico e hist\u00f3rico.\u00a0<strong>Laxe dous Carballos<\/strong> \u00e9 un conxunto cuxo interese se centra na figura dun gran cervo hastado. Ten un gran n\u00famero de lanzas cravadas no seu lombo como sinal de castigo ou morte. Xunto a este aparecen, entre outros gravados, combinaci\u00f3ns circulares, ali\u00f1aci\u00f3ns de cazoletas ou outros cervos.<\/div>\n<\/div>\n<\/div>\n<hr \/>\n<p class=\"p1\"><strong>Pedidos<\/strong><\/p>\n<p class=\"p1\">1. Selecciona o tama\u00f1o desexado.<\/p>\n<p class=\"p1\">2. Revisa os detalles dos soportes ( L\u00e1mina, Lenzo o Metacrilato ) &gt;&gt;\u00a0\u00a0<span style=\"color: #33cccc;\"><a style=\"color: #33cccc;\" href=\"http:\/\/www.imaxesdaterra.com\/gal\/soportes\/\" target=\"_blank\" rel=\"noopener noreferrer\"><span class=\"s1\">VER SOPORTES<\/span><\/a><\/span><\/p>\n<p class=\"p1\">3. Selecciona o soporte que m\u00e1is che guste.<\/p>\n<p class=\"p1\">4. Selecciona a cantidade.<\/p>\n<p class=\"p1\">5. Engadir ao carri\u00f1o.<\/p>\n<p class=\"p1\"><strong>Transporte<\/strong><\/p>\n<p class=\"p1\">Revisa os detalles de transporte e impostos. &gt;&gt;\u00a0<span style=\"color: #33cccc;\"><a style=\"color: #33cccc;\" href=\"http:\/\/www.imaxesdaterra.com\/gal\/transporte\/\" target=\"_blank\" rel=\"noopener noreferrer\"><span class=\"s1\">VER TRANSPORTE<\/span><\/a><\/span><\/p>\n","protected":false},"excerpt":{"rendered":"<p>Un cervo hastado que mira desde a roca. Un dos petr\u00f3glifos m\u00e1is significativos de Galicia, Laxe dous Carballos. Formaci\u00f3ns talladas con anos e anos de historia que espertan a imaxinaci\u00f3n e a curiosidade no interior. Dentro do Parque Arqueol\u00f3xico de Campo Lameiro, situado no municipio de Campo Lameiro, provincia de Pontevedra. Ten unha extensi\u00f3n de [&hellip;]<\/p>\n","protected":false},"featured_media":4256,"comment_status":"closed","ping_status":"closed","template":"","meta":{"jetpack_post_was_ever_published":false,"jetpack_publicize_message":"","jetpack_is_tweetstorm":false,"jetpack_publicize_feature_enabled":true,"jetpack_social_post_already_shared":true,"jetpack_social_options":{"image_generator_settings":{"template":"highway","enabled":false}}},"product_cat":[149],"product_tag":[128,156],"jetpack_publicize_connections":[],"jetpack_sharing_enabled":true,"_links":{"self":[{"href":"https:\/\/www.imaxesdaterra.com\/gl\/wp-json\/wp\/v2\/product\/5204"}],"collection":[{"href":"https:\/\/www.imaxesdaterra.com\/gl\/wp-json\/wp\/v2\/product"}],"about":[{"href":"https:\/\/www.imaxesdaterra.com\/gl\/wp-json\/wp\/v2\/types\/product"}],"replies":[{"embeddable":true,"href":"https:\/\/www.imaxesdaterra.com\/gl\/wp-json\/wp\/v2\/comments?post=5204"}],"wp:featuredmedia":[{"embeddable":true,"href":"https:\/\/www.imaxesdaterra.com\/gl\/wp-json\/wp\/v2\/media\/4256"}],"wp:attachment":[{"href":"https:\/\/www.imaxesdaterra.com\/gl\/wp-json\/wp\/v2\/media?parent=5204"}],"wp:term":[{"taxonomy":"product_cat","embeddable":true,"href":"https:\/\/www.imaxesdaterra.com\/gl\/wp-json\/wp\/v2\/product_cat?post=5204"},{"taxonomy":"product_tag","embeddable":true,"href":"https:\/\/www.imaxesdaterra.com\/gl\/wp-json\/wp\/v2\/product_tag?post=5204"}],"curies":[{"name":"wp","href":"https:\/\/api.w.org\/{rel}","templated":true}]}}