{"id":5191,"date":"2017-11-15T14:06:13","date_gmt":"2017-11-17T14:06:13","guid":{"rendered":"https:\/\/www.imaxesdaterra.com\/tienda\/dolmen-de-axeitos-riveira\/"},"modified":"2021-02-19T16:40:19","modified_gmt":"2021-02-19T16:40:19","slug":"dolmen-de-axeitos-ribeira","status":"publish","type":"product","link":"https:\/\/www.imaxesdaterra.com\/gl\/tenda\/dolmen-de-axeitos-ribeira\/","title":{"rendered":"Dolmen de Axeitos Ribeira"},"content":{"rendered":"<p>No medio dun bosque encantado repousa o Dolmen de Axeitos. Antigo segredo de Galicia, xoia moi ben conservada que nos transporta a tempos pasados. Unha estrutura en calma. Fr\u00eda roca contra a palma das mans, pero que iluminada desde o interior esperta emoci\u00f3ns. Ach\u00e9gase a noite e o silencio tranquilo do bosque envolve este milenario templo.<\/p>\n<p>Unha das xoias mellor conservadas de Galicia \u00e9 o Dolmen de Axeitos, situado na Ribeira, A Coru\u00f1a. Cunha gran antig\u00fcidade, este Dolmen data da \u00e9poca neol\u00edtica, aproximadamente do ano 4.000 a. C. Na fotograf\u00eda o interior iluminado realza a estrutura, cun resultado m\u00e1xico.<\/p>\n<hr \/>\n<p class=\"p1\"><strong>Pedidos<\/strong><\/p>\n<p class=\"p1\">1. Selecciona o tama\u00f1o desexado.<\/p>\n<p class=\"p1\">2. Revisa os detalles dos soportes \u00a0>>\u00a0\u00a0<span style=\"color: #33cccc;\"><a style=\"color: #33cccc;\" href=\"https:\/\/www.imaxesdaterra.com\/gal\/soportes\/\" target=\"_blank\" rel=\"noopener noreferrer\"><span class=\"s1\">VER SOPORTES<\/span><\/a><\/span><\/p>\n<p class=\"p1\">3. Selecciona o soporte que m\u00e1is che guste.<\/p>\n<p class=\"p1\">4. Selecciona a cantidade.<\/p>\n<p class=\"p1\">5. Engadir ao carri\u00f1o.<\/p>\n<p class=\"p1\"><strong>Transporte<\/strong><\/p>\n<p class=\"p1\">Revisa os detalles de transporte e impostos. >>\u00a0<span style=\"color: #33cccc;\"><a style=\"color: #33cccc;\" href=\"https:\/\/www.imaxesdaterra.com\/gal\/transporte\/\" target=\"_blank\" rel=\"noopener noreferrer\"><span class=\"s1\">VER TRANSPORTE<\/span><\/a><\/span><\/p>\n","protected":false},"excerpt":{"rendered":"<p>No medio dun bosque encantado repousa o Dolmen de Axeitos. Antigo segredo de Galicia, xoia moi ben conservada que nos transporta a tempos pasados. Unha estrutura en calma. Fr\u00eda roca contra a palma das mans, pero que iluminada desde o interior esperta emoci\u00f3ns. Ach\u00e9gase a noite e o silencio tranquilo do bosque envolve este milenario [&hellip;]<\/p>\n","protected":false},"featured_media":12500,"comment_status":"closed","ping_status":"closed","template":"","meta":{"jetpack_post_was_ever_published":false,"jetpack_publicize_message":"","jetpack_is_tweetstorm":false,"jetpack_publicize_feature_enabled":true,"jetpack_social_post_already_shared":true,"jetpack_social_options":{"image_generator_settings":{"template":"highway","enabled":false}}},"product_cat":[149],"product_tag":[153,128],"jetpack_publicize_connections":[],"jetpack_sharing_enabled":true,"_links":{"self":[{"href":"https:\/\/www.imaxesdaterra.com\/gl\/wp-json\/wp\/v2\/product\/5191"}],"collection":[{"href":"https:\/\/www.imaxesdaterra.com\/gl\/wp-json\/wp\/v2\/product"}],"about":[{"href":"https:\/\/www.imaxesdaterra.com\/gl\/wp-json\/wp\/v2\/types\/product"}],"replies":[{"embeddable":true,"href":"https:\/\/www.imaxesdaterra.com\/gl\/wp-json\/wp\/v2\/comments?post=5191"}],"wp:featuredmedia":[{"embeddable":true,"href":"https:\/\/www.imaxesdaterra.com\/gl\/wp-json\/wp\/v2\/media\/12500"}],"wp:attachment":[{"href":"https:\/\/www.imaxesdaterra.com\/gl\/wp-json\/wp\/v2\/media?parent=5191"}],"wp:term":[{"taxonomy":"product_cat","embeddable":true,"href":"https:\/\/www.imaxesdaterra.com\/gl\/wp-json\/wp\/v2\/product_cat?post=5191"},{"taxonomy":"product_tag","embeddable":true,"href":"https:\/\/www.imaxesdaterra.com\/gl\/wp-json\/wp\/v2\/product_tag?post=5191"}],"curies":[{"name":"wp","href":"https:\/\/api.w.org\/{rel}","templated":true}]}}